{"id":7015,"date":"2024-08-06T20:18:27","date_gmt":"2024-08-06T20:18:27","guid":{"rendered":"https:\/\/www.daysofwonder.com\/terms-of-use\/"},"modified":"2024-11-05T14:47:19","modified_gmt":"2024-11-05T14:47:19","slug":"terms-of-use","status":"publish","type":"page","link":"https:\/\/www.daysofwonder.com\/de\/terms-of-use\/","title":{"rendered":"Bedingungen"},"content":{"rendered":"<div class=\"lazyblock-page-entry-LtP4b wp-block-lazyblock-page-entry\">\n<div class=\"hero-page alignfull\" style=\"min-height: 70vh; --overlay-opacity: 60%;\">\n    <div class=\"project-thumbnail\" style=\"background-image: url(https:\/\/cdn.svc.asmodee.net\/production-daysofwonder\/uploads\/image-converter\/2024\/07\/dow1-2352x1140-1-1.webp);\">\n    <\/div>\n    <div class=\"project-header-content col-full \">\n        <div class=\"row justify-content-center\">\n\n            <div class=\"col-md-12 text-center\">\n                                    <h1 class=\"alpha entry-title\">\n                        Bedingungen                    <\/h1>\n                                \n\n            <\/div>\n\n        <\/div>\n\n    <\/div>\n<\/div>\n<\/div>\n<p><strong>DAYS OF WONDER WEBSEITE\u00a0 <\/strong><strong>NUTZUNGSBEDINGUNGEN<\/strong><\/p>\n\n<p><em>Diese Allgemeinen Nutzungsbedingungen m\u00fcssen sorgf\u00e4ltig und vollst\u00e4ndig gelesen werden.<\/em><\/p>\n\n<ol>\n<li>AKZEPTANZ DER BEDINGUNGEN<\/li>\n<\/ol>\n\n<p>Diese Internet-Webseite ist im Besitz und Betrieb von Days of Wonder, Inc. und seinen Partnern. Bitte lesen Sie diese Bedingungen bez\u00fcglich Bedienung und Nutzungsauflagen genau, bevor Sie diese Webseite nutzen. Durch Nutzung dieser Webseite geben Sie uns Ihr Einverst\u00e4ndnis zu diesen Nutzungsbedingungen zus\u00e4tzlich zu allen anderen f\u00fcr diese Webseite, das Internet und\/oder World Wide Web g\u00fcltigen Gesetzen oder Vorschriften. Wir behalten uns das Recht vor, jederzeit nach unserem Ermessen Teile dieser Nutzungsbedingungen zu \u00e4ndern, zu modifizieren, hinzuzuf\u00fcgen oder zu entfernen.<\/p>\n\n<p>WENN SIE DEN HIER GENANNTEN NUTZUNGSBEDINGUNGEN UND NUTZUNGSAUFLAGEN NICHT ZUSTIMMEN, BENUTZEN SIE DIE DAYS OF WONDER WEBSEITE BITTE NICHT.<\/p>\n\n<p>Nutzung des Materials dieser Webseite&#13;\nDays of Wonder betreibt diese Webseite f\u00fcr Ihre pers\u00f6nliche Unterhaltung, Information, Schulung und Kommunikation. Ohne die vorherige schriftliche Erlaubnis von Days of Wonder d\u00fcrfen Sie die Inhalte dieser Webseite weder kopieren, vertreiben, ver\u00e4ndern, zur Schau stellen, sekund\u00e4re Darstellungen dar\u00fcber vorbereiten oder erneut im Internet ver\u00f6ffentlichen. Eine Ausnahme ist das Herunterladen oder Kopieren von Material zur zeitlich begrenzten Speicherung auf einem einzelnen Computer zu Ihrer privaten, nicht kommerziellen Betrachtung, wenn Sie dabei keine durch Copyright, Markennamen oder andere Eigentumshinweise gesch\u00fctzten Inhalte l\u00f6schen oder \u00e4ndern. Mit Ausnahme des oben ausdr\u00fccklich vorgesehenen darf hierin nichts anders ausgelegt werden, als durch die Lizenzen und das Recht gem\u00e4\u00df der Copyrightbestimmungen und dem Recht an geistigem Eigentum gew\u00e4hrt.<\/p>\n\n<p>WENN SIE DEN HIER GENANNTEN NUTZUNGSBEDINGUNGEN UND NUTZUNGSAUFLAGEN NICHT ZUSTIMMEN, BENUTZEN SIE DIE DAYS OF WONDER WEBSEITE BITTE NICHT.<\/p>\n\n<p>In dem Fall, dass Sie Software von dieser Seite herunterladen, ist die Software \u2013 inklusive aller Dateien, Bilder, in der Software enthaltene oder von der Software erzeugte Bilder und die Software begleitende Daten (zusammen als \u201eSoftware\u201c bezeichnet) \u2013 von Days of Wonder an Sie lizenziert. Days of Wonder \u00fcbertr\u00e4gt Ihnen nicht das Eigentum dieser Software. Sie besitzen das Medium, auf das die Software gespeichert wird, aber Days of Wonder beh\u00e4lt das vollst\u00e4ndige und gesamte Eigentum an der Software, und auch alle darin liegenden Rechte am geistigen Eigentum. Sie d\u00fcrfen die Software nicht weiter verteilen, verkaufen, dekompilieren, zur\u00fcck entwickeln, demontieren oder auf andere Weise reduzieren, so dass Sie in einer von Menschen lesbaren Form voliegt.<\/p>\n\n<p>Von Mitgliedern erzeugte Online-Inhalte&#13;\nDie Webseite erlaubt Ihnen, \u201eInhalte\u201c auf den \u201eDays of Wonder Online\u201c Webservern von Days of Wonder zu schreiben und zu ver\u00f6ffentlichen. Es ist Ihnen untersagt, Inhalte auf Days of Wonder Online hochzuladen, zu verteilen, oder auf andere Art zu ver\u00f6ffentlichen, die beleidigend, verleumderisch, obsz\u00f6n, pornographisch, bedrohlich, Pers\u00f6nlichkeits- und \u00f6ffentlichkeitsrechte angreifend, ausfallend, illegal oder anderenfalls anst\u00e4\u00dfig sind, indem sie strafbare Handlungen erzeugen oder ermutigen, die Rechte eines Dritten verletzen oder auf eine andere Art und Weise haftungsausl\u00f6send sind oder gegen das Gesetz versto\u00dfen. Alle auf Days of Wonder Online ver\u00f6ffentlichten Inhalte m\u00fcssen ausschlie\u00dflich f\u00fcr nicht kommerzielle Gr\u00fcnde genutzt werden. Sie d\u00fcrfen niemals ohne unsere ausdr\u00fcckliche, schriftliche Genehmigung Material mit Bewerbung von Geldmitteln, Reklame, Werbung, Bewerbung von G\u00fctern oder Dienstleistungen verbreiten oder auf andere Weise ver\u00f6ffentlichen, indem Sie Days of Wonder Online benutzen. Sie erkennen besonders an, dass das Anwerben anderer Mitglieder f\u00fcr eine Mitgliedschaft eines beliebigen kommerziellen Online-Anbieters oder einer anderen Organisation ausdr\u00fccklich verboten ist.<\/p>\n\n<p>Besitz des ver\u00f6ffentlichten Inhalts&#13;\nAu\u00dfer die pers\u00f6nlichen Daten, geregelt durch unsere Datenschutzrichtlinien, wird jeglicher von Ihnen an Days of Wonder Online geleiteter Inhalt, Kommunikation oder Material, inklusive Forenmitteilungen, Spielszenarien, Geschichten, Daten, Bilder, Videos, Fragen oder Antworten, Kommentare, Vorschl\u00e4ge oder \u00e4hnliches, jetzt und zuk\u00fcnftig, als nicht vertraulich und nicht gesch\u00fctzt eingestuft. Alles, was Sie \u00fcbermitteln oder absenden, kann von Days of Wonder oder seinen Partnern f\u00fcr jeden Zweck verwendet werden, inklusive aber nicht nur beschr\u00e4nkt auf Produkt- oder Dienstleistungsangebote, Nachdrucke, Bekanntmachungen, \u00dcbertragungen, Ver\u00f6ffentlichungen, Aussendungen und Briefe. Sie b\u00fcrgen au\u00dferdem daf\u00fcr, dass s\u00e4mtlicher Inhalt, den Sie auf Days of Wonder Online verk\u00f6nnenffentlichen, von Ihnen stammt und nicht gegen Markennamen oder Copyrights Dritter verst\u00f6\u00dft.<\/p>\n\n<p>Zusendung von Spielentw\u00fcrfen&#13;\nDays of Wonder akzeptiert keine unaufgeforderten Spielesendungen, -ideen oder -vorschl\u00e4ge. Alle unaufgefordert zugesandten oder geschickten Sendungen, Ideen, Konzepte, Wissen oder Techniken werden als nicht vertraulich und nicht gesch\u00fctzt behandelt.<\/p>\n\n<ol start=\"2\">\n<li>Privatsph\u00e4re von pers\u00f6nlichen Nachrichten<\/li>\n<\/ol>\n\n<p>Es ist unser Grundsatz, die Privatsph\u00e4re all unserer Mitglieder zu respektieren. Aus diesem Grund werden wir neben der Geheimhaltung der Registrierungsdaten (siehe unsere Datenschutzrichtlinien) die Inhalte der privaten Nachrichten eines Mitglieds weder kontrollieren, bearbeiten oder ver\u00f6ffentlichen, au\u00dfer es ist w\u00e4hrend der normalen Wartungsarbeiten der Days of Wonder Webseite und seiner Systeme nicht zu vermeiden, aufgrund gesetzlicher Bestimmungen n\u00f6tig oder geschieht mit der gutgl\u00e4ubigen Meinung aus den folgenden Gr\u00fcnden: (1) Um die Gesetze zu befolgen oder den Rechtsweg von Days of Wonder, Inc. zu befolgen; (2) die Rechte oder den Besitz von Days of Wonder, Inc. zu sch\u00fctzen oder zu verteidigen; oder (3) um in einem Notfall f\u00fcr die pers\u00f6nliche Sicherheit eines unserer Mitglieder oder der \u00f6ffentlichkeit handeln zu k\u00f6nnen. Mitglieder sind ausschlie\u00dflich selber f\u00fcr den Inhalt ihrer Mitteilungen verantwortlich.<\/p>\n\n<p>Kein Betr\u00fcgen&#13;\nDays of Wonder toleriert keine Nutzung von Betrugsprogrammen, dem Zerlegen von Protokollen oder Code, der Nutzung von mehreren Konten zum vors\u00e4tzlichen Betr\u00fcgen, Absprachen unter Spielern in betr\u00fcgerischer Absicht oder jegliche andere Form des Betrugs in seiner Online-Gemeinschaft. Jeder Spieler, der beim Betr\u00fcgen erwischt wird, wird einmalig verwarnt. Das darauf folgende Blockieren seines Online-Kontos, das R\u00fccksetzen seines Rangs und\/oder die permanente Entfernung der Privilegien des Spielers erfolgen durch alleinige Entscheidung seitens Days of Wonder.<\/p>\n\n<p>Fair Play beim Online-Spielen&#13;\nDurch Teilnahme an einem beliebigen der Days of Wonder Online-Spiele akzeptieren Sie, immer fair mit Ihren Mitspielern umzugehen. Jeder Spieler, der dabei erwischt wird, absichtlich ein Online-Spiel vor dem eigentlichen Ende zu verlassen, verz\u00f6gernde Taktiken zu nutzen, um andere zum Aufgeben zu bringen oder beleidigende oder obsz\u00f6ne Worte verwendet, riskiert durch alleinige Entscheidung seitens Days of Wonder: Das Blockieren seines Online-Kontos, das R\u00fccksetzen seines Rangs und\/oder die permanente Entfernung der Privilegien des Spielers.<\/p>\n\n<p>Links&#13;\nDays of Wonder hat nicht alle Seiten \u00fcberpr\u00fcft, die mit dieser Webseite verlinkt sind und ist nicht f\u00fcr die Inhalte all dieser au\u00dferhalb liegenden Seiten oder irgendwelcher anderen Seiten verantwortlich, die mit dieser Webseite verlinkt sind. Die Einbeziehung jedes Links zu solchen Seiten bedeutet nicht die Billigung seitens Days of Wonder. Wenn Sie zu au\u00dferhalb liegenden Seiten Links angeben, geschieht dies auf Ihr eigenes Risiko.<\/p>\n\n<ol start=\"3\">\n<li>Meisterschaften &amp; Turniere \u2013 Rechtliche Hinweise<\/li>\n<\/ol>\n\n<p> <\/p>\n\n<p> <\/p>\n\n<p>Da jeder eine Meisterschaft oder ein Turnier auf unserer Webseite registrieren kann, \u00fcbernimmt Days of Wonder keine Verantwortung f\u00fcr was auch immer damit in Verbindung steht. Days of Wonder gibt diese Meisterschaften und Turniere nicht offiziell frei und kann somit auch keine Gew\u00e4hr f\u00fcr die Richtigkeit der Beschreibungen geben. Die Benutzung dieser Seiten erfolgt daher auf eigene Verantwortung und Gefahr.&#13;\n&#13;\n<\/p>\n\n<p>Wir bitten um Ihr Verst\u00e4ndnis.<\/p>\n\n<ol start=\"4\">\n<li>Allgemeine Regeln<\/li>\n<\/ol>\n\n<p>Days of Wonder beh\u00e4lt sich das Recht vor, diese Bedingungen von Zeit zu Zeit zu \u00e4ndern, indem es Aktualisierungen oder Korrekturen in diesem Text durchf\u00fchrt. Die korrigierten Bedingungen treten in diesem Fall am Tag Ihrer \u00c4nderung in Kraft. Days of Wonder kontrolliert und betreibt diese Webseite von seiner Hauptgesch\u00e4ftstelle aus mit Sitz in Los Altos Kalifornien, Vereinigte Staaten von Amerika und und verpflichtet sich nicht, die G\u00fcltigkeit und die Angemessenheit solcher Dokumente anderswo in der Welt zu \u00fcberpr\u00fcfen. Wenn Sie diese Webseite von einem Ort au\u00dferhalb der USA besuchen, sind Sie verantwortlich f\u00fcr die Beachtung der lokalen Gesetze. Die Produkte von Days of Wonder sind in vielen Orten der Welt verf\u00fcgbar. Jedoch kann diese Webseite Produkte beschreiben, die nicht in der ganzen Welt verf\u00fcgbar sein k\u00f6nnten. Wenn Teile der Bedingungen unvereinbar mit lokalen Regelungen sind, muss der nicht anwendbare Teil in \u00dcbereinstimmung mit dem anwendbaren Gesetz in bestm\u00f6glichen Einklang gebracht werden, der Rest der Bedingungen beh\u00e4lt seine G\u00fcltigkeit. Jeder von Ihnen m\u00f6gliche Klageanspruch bez\u00fcglich dieser Webseite muss innerhalb eines Jahres nach Auftreten der Beanstandung oder des Klageanspruchs eingeleitet werden, ansonsten ist diese Beanstandung oder der Klageanspruch verj\u00e4hrt. Diese Bedingungen werden geregelt durch und sind in \u00dcbereinstimmung ausgelegt mit den Gesetzen des Staates Kalifornien, Vereinigte Staaten von Amerika ohne Ber\u00fccksichtigung der Widerspr\u00fcche in den Bestimmungen des Gesetzes.<\/p>\n\n<ol start=\"5\">\n<li>Haftungsausschluss<\/li>\n<\/ol>\n\n<p> <\/p>\n\n<p> <\/p>\n\n<p> <\/p>\n\n<p> <\/p>\n\n<p>Das Material dieser Website kann technische Fehler oder Ungenauigkeiten beinhalten. Ihre Nutzung und das Lesen auf der Webseite geschieht auf eigene Gefahr. Days of Wonder ist nicht f\u00fcr die st\u00e4ndige Aktualisierung der Inhalte dieser Webseite verantwortlich. Ausser wenn es explizit auf der Seite erw\u00e4hnt ist, dass der Inhalt der Seite zu einem genannten Datum aktualisiert wurde, sollten Sie nicht davon ausgehen, dass die Seite aktualisiert wurde oder dass der Inhalt der Seite aktuell ist. Weder Days of Wonder noch ein Partner, die mit der Herstellung, der Anfertigung oder Bereitstellung der Webseite besch\u00e4ftigt sind, k\u00f6nnen f\u00fcr alle direkten, beil\u00e4ufigen, wichtigen, unwichtigen und versehentlichen Sch\u00e4den verantwortlich gemacht werden, die durch den Zugang oder die Benutzung der Seite passiert sind. Days of Wonder garantiert nicht, dass die funktionellen Aspekte dieser Seite niemals unterbrochen werden und fehlerlos sind, oder dass die Webseite oder der Server frei von Viren oder anderen sch\u00e4dlichen Dingen sind. Ohne das Vorhergehende einzuschr\u00e4nken, ist Alles auf dieser Webseite f\u00fcr Sie uneingeschr\u00e4nkt zug\u00e4nglich \u201eIM IST-ZUSTAND\u201c, OHNE JEGLICHE GEW\u00c4HRLEISTUNG, WEDER AUSGESPROCHEN, NOCH STILLSCHWEIGEND, INKLUSIVE, ABER NICHT AUF DIE M\u00c4NGELGEW\u00c4HRLEISTUNG BESCHR\u00c4NKT, GEW\u00c4HRLEISTUNG DER EIGNUNG F\u00dcR EINEN BESTIMMTEN ZWECK ODER DER GARANTIE, DASS KEINE RECHTE DRITTER VERLETZT WERDEN. Bitte beachten Sie, dass manche Rechtsprechungen gesetzliche Gew\u00e4hrleistungen nicht ausschliessen k\u00f6nnen, und dass gewisse ausgeschlossene Garantien f\u00fcr Sie doch geltend gemacht werden k\u00f6nnte. Days of Wonder beh\u00e4lt sich das Recht vor, \u00c4nderungen auf der Webseite ohne Vorank\u00fcndigung durchzuf\u00fchren.<\/p>\n\n<ol start=\"6\">\n<li>Einschr\u00e4nkung der Verf\u00fcgbarkeit von Online-Diensten<\/li>\n<\/ol>\n\n<p> <\/p>\n\n<p> <\/p>\n\n<p> <\/p>\n\n<p> <\/p>\n\n<p>Auch wenn Days of Wonder seine gr\u00f6\u00dften Anstrengungen aufbietet, die Verf\u00fcgbarkeit der Days of Wonder Online Server und Dienste zu sichern, kann der Zugang aufgrund technischer Gr\u00fcnde oder Wartungsarbeiten zeitweise ohne Vorwarnung eingestellt sein. Days of Wonder \u00fcbernimmt keine Gew\u00e4hrleistung f\u00fcr Inhalte, die Sie auf Days of Wonder Online ver\u00f6ffentlichen, und die aufgrund beliebiger Gr\u00fcnde verloren gehen. Somit sind Sie selber daf\u00fcr verantwortlich, Sicherungen der Inhalte zu machen, die Sie auf Days of Wonder Online ver\u00f6ffentlichen m\u00f6chten. Der Zugang auf Days of Wonder Online ben\u00f6tigt eine Internet-Verbindung, f\u00fcr die Sie die vollen Kosten und Verantwortungen \u00fcbernehmen.<\/p>\n\n<ol start=\"7\">\n<li>M\u00f6gliche \u00c4nderungen der Bedingungen f\u00fcr Online-Dienste<\/li>\n<\/ol>\n\n<p>Days of Wonder beh\u00e4lt sich die Rechte vor, die Bedingungen f\u00fcr den Zugang auf die Days of Wonder Online Server und Dienste zu \u00e4ndern, inklusive f\u00fcr den Zugang eine Geb\u00fchr zu verlangen oder diese Dienste dauerhaft auslaufen zu lassen.<\/p>\n\n<ol start=\"8\">\n<li>Identit\u00e4t der Gesellschaft, Inhalt der Webseite und Markenzeichen<\/li>\n<\/ol>\n\n<p> <\/p>\n\n<p> <\/p>\n\n<p> <\/p>\n\n<p> <\/p>\n\n<p>Alle Markenzeichen, Dienstleistungsmarken und Warennamen von Days of Wonder, Inc., die hier genutzt werden, inklusive ihrer Logos sind Markenzeichen oder eingetragene Markenzeichen von Days of Wonder, Inc. oder seiner Partner. Sie d\u00fcrfen die Days of Wonder, Inc. Markenzeichen in keiner Weise verwenden, kopieren, reproduzieren, neu ver\u00f6ffentlichen, hochladen, verschicken, versenden, verteilen, oder ver\u00e4ndern. Dies gilt auch f\u00fcr Werbung, die \u00f6ffentlichkeit betreffende Verteilung von Materialien dieser Webseite, ohne die vorherige Genehmigung seitens Days of Wonder, Inc. Die Verwendung von Markenzeichen von Days of Wonder, Inc. auf einer anderen Webseite oder einem anderen Computernetzwerk ist verboten. Sie d\u00fcrfen keine Markenzeichen von Days of Wonder, Inc. als \u201eHot Link\u201c auf oder zu einer anderen Webseite verwenden, wenn dies nicht vorher genehmigt wurde.<\/p>\n\n<p> <\/p>\n\n<ol start=\"9\">\n<li>Hinweis zu den Markenzeichen<\/li>\n<\/ol>\n\n<p> <\/p>\n\n<p> <\/p>\n\n<p> <\/p>\n\n<p> <\/p>\n\n<p>Days of Wonder und Days of Wonder Online sind Markenzeichen oder eingetragene Markenzeichen von Days of Wonder, Inc. Andere Produkt- und Markennamen auf dieser Webseite k\u00f6nnen Markenzeichen oder eingetragene Markenzeichen der entsprechenden Besitzer sein.<\/p>\n\n<ol start=\"10\">\n<li>Copyright<\/li>\n<\/ol>\n\n<p> <\/p>\n\n<p> <\/p>\n\n<p> <\/p>\n\n<p> <\/p>\n\n<p>Der gesamte Inhalt dieser Webseite ist durch Copyright gesch\u00fctzt, au\u00dfer wenn das Gegenteil geschrieben steht, und darf ohne schriftliche Erlaubnis von Days of Wonder nicht verwendet werden, au\u00dfer wenn es in diesen Bedingungen und Konditionen genannt wurde oder im Text dieser Webseite beschrieben ist. Days of Wonder garantiert weder noch b\u00fcrgt es f\u00fcr die Materialien, die auf der Webseite gezeigt werden, dass diese nicht im Konflikt mit den Rechten dritter Parteien steht, die nicht Eigent\u00fcmer noch Partner von Days of Wonder sind. Die Bilder, Fotos und Illustrationen, die auf der Seite gezeigt werden, sind entweder Eigentum von Days of Wonder oder werden mit Genehmigung von Days of Wonder genutzt. Die Benutzung dieser Materialien durch Sie oder von Ihnen autorisierte Personen ist verboten, au\u00dfer wenn es ausdr\u00fccklich in diesen Bedingungen und Konditionen genannt wurde oder ausdr\u00fccklich an anderer Stelle auf dieser Webseite erlaubt wird. Eine nicht genehmigte Verwendung dieser Bilder kann eine Verletzung der Copyright-Rechte, der Markenzeichen-Rechte, der Gesetze zum Datenschutz und der Werbung und der Gesetze und Vorschriften zur Kommunikation bedeuten.<\/p>\n\n<p>Our games are not authorized for posting on Steam, except under the Steam accounts named daysofwonder_builder and daysofwonderericb.<\/p>\n\n<p><strong>Erweiterte Verantwortung des Herstellers<\/strong><\/p>\n\n<p>Der Kunde ist dar\u00fcber informiert, dass DAYS OF WONDER Sarl. gem\u00e4\u00df den Artikeln L.541-10 und R. 541-173 des franz\u00f6sischen Umweltgesetzbuches im Produzentenregister unter folgender Nummer eingetragen ist: FR296128_12QAJG.<\/p>\n\n<p>Bedingungen der Website \u2013 DoW Konto \u2013 Datenschutz \u2013 Cookie-Richtlinie \u2013 Server-Status \u2013 Uns schreiben&#13;\nCopyright \u00a92002-2023 Days of Wonder Inc.<\/p>\n","protected":false},"excerpt":{"rendered":"<p>DAYS OF WONDER WEBSEITE\u00a0 NUTZUNGSBEDINGUNGEN Diese Allgemeinen Nutzungsbedingungen m\u00fcssen sorgf\u00e4ltig und vollst\u00e4ndig gelesen werden. Diese Internet-Webseite ist im Besitz und Betrieb von Days of Wonder, Inc. und seinen Partnern. Bitte lesen Sie diese Bedingungen bez\u00fcglich Bedienung und Nutzungsauflagen genau, bevor Sie diese Webseite nutzen. Durch Nutzung dieser Webseite geben Sie uns Ihr Einverst\u00e4ndnis zu diesen [&hellip;]<\/p>\n","protected":false},"author":1,"featured_media":0,"parent":0,"menu_order":0,"comment_status":"closed","ping_status":"closed","template":"","meta":{"_acf_changed":false,"footnotes":""},"acf":[],"yoast_head":"<!-- This site is optimized with the Yoast SEO Premium plugin v22.3 (Yoast SEO v22.9) - https:\/\/yoast.com\/wordpress\/plugins\/seo\/ -->\n<title>Bedingungen - Days of Wonder: Play different.\u2122<\/title>\n<meta name=\"robots\" content=\"index, follow, max-snippet:-1, max-image-preview:large, max-video-preview:-1\" \/>\n<link rel=\"canonical\" href=\"https:\/\/www.daysofwonder.com\/de\/terms-of-use\/\" \/>\n<meta property=\"og:locale\" content=\"de_DE\" \/>\n<meta property=\"og:type\" content=\"article\" \/>\n<meta property=\"og:title\" content=\"Bedingungen\" \/>\n<meta property=\"og:description\" content=\"DAYS OF WONDER WEBSEITE\u00a0 NUTZUNGSBEDINGUNGEN Diese Allgemeinen Nutzungsbedingungen m\u00fcssen sorgf\u00e4ltig und vollst\u00e4ndig gelesen werden. Diese Internet-Webseite ist im Besitz und Betrieb von Days of Wonder, Inc. und seinen Partnern. Bitte lesen Sie diese Bedingungen bez\u00fcglich Bedienung und Nutzungsauflagen genau, bevor Sie diese Webseite nutzen. Durch Nutzung dieser Webseite geben Sie uns Ihr Einverst\u00e4ndnis zu diesen [&hellip;]\" \/>\n<meta property=\"og:url\" content=\"https:\/\/www.daysofwonder.com\/de\/terms-of-use\/\" \/>\n<meta property=\"og:site_name\" content=\"Days of Wonder: Play different.\u2122\" \/>\n<meta property=\"article:modified_time\" content=\"2024-11-05T14:47:19+00:00\" \/>\n<meta name=\"twitter:card\" content=\"summary_large_image\" \/>\n<meta name=\"twitter:label1\" content=\"Est. reading time\" \/>\n\t<meta name=\"twitter:data1\" content=\"11 Minuten\" \/>\n<script type=\"application\/ld+json\" class=\"yoast-schema-graph\">{\"@context\":\"https:\/\/schema.org\",\"@graph\":[{\"@type\":\"WebPage\",\"@id\":\"https:\/\/www.daysofwonder.com\/de\/terms-of-use\/\",\"url\":\"https:\/\/www.daysofwonder.com\/de\/terms-of-use\/\",\"name\":\"Bedingungen - Days of Wonder: Play different.\u2122\",\"isPartOf\":{\"@id\":\"https:\/\/www.daysofwonder.com\/#website\"},\"datePublished\":\"2024-08-06T20:18:27+00:00\",\"dateModified\":\"2024-11-05T14:47:19+00:00\",\"breadcrumb\":{\"@id\":\"https:\/\/www.daysofwonder.com\/de\/terms-of-use\/#breadcrumb\"},\"inLanguage\":\"de-DE\",\"potentialAction\":[{\"@type\":\"ReadAction\",\"target\":[\"https:\/\/www.daysofwonder.com\/de\/terms-of-use\/\"]}]},{\"@type\":\"BreadcrumbList\",\"@id\":\"https:\/\/www.daysofwonder.com\/de\/terms-of-use\/#breadcrumb\",\"itemListElement\":[{\"@type\":\"ListItem\",\"position\":1,\"name\":\"Home\",\"item\":\"https:\/\/www.daysofwonder.com\/de\/\"},{\"@type\":\"ListItem\",\"position\":2,\"name\":\"Bedingungen\"}]},{\"@type\":\"WebSite\",\"@id\":\"https:\/\/www.daysofwonder.com\/#website\",\"url\":\"https:\/\/www.daysofwonder.com\/\",\"name\":\"Days of Wonder: Play different.\u2122\",\"description\":\"Days of Wonder\u00ae entwickelt und produziert Spiele unter dem Motto \u201ePlay different.\u2122\u201c (\u201eAnders spielen\u201c).\",\"publisher\":{\"@id\":\"https:\/\/www.daysofwonder.com\/#organization\"},\"potentialAction\":[{\"@type\":\"SearchAction\",\"target\":{\"@type\":\"EntryPoint\",\"urlTemplate\":\"https:\/\/www.daysofwonder.com\/?s={search_term_string}\"},\"query-input\":\"required name=search_term_string\"}],\"inLanguage\":\"de-DE\"},{\"@type\":\"Organization\",\"@id\":\"https:\/\/www.daysofwonder.com\/#organization\",\"name\":\"Days of Wonder: Play different.\u2122\",\"url\":\"https:\/\/www.daysofwonder.com\/\",\"logo\":{\"@type\":\"ImageObject\",\"inLanguage\":\"de-DE\",\"@id\":\"https:\/\/www.daysofwonder.com\/#\/schema\/logo\/image\/\",\"url\":\"https:\/\/cdn.svc.asmodee.net\/production-daysofwonder\/uploads\/image-converter\/2024\/07\/Days_of_Wonder.webp\",\"contentUrl\":\"https:\/\/cdn.svc.asmodee.net\/production-daysofwonder\/uploads\/image-converter\/2024\/07\/Days_of_Wonder.webp\",\"width\":439,\"height\":227,\"caption\":\"Days of Wonder: Play different.\u2122\"},\"image\":{\"@id\":\"https:\/\/www.daysofwonder.com\/#\/schema\/logo\/image\/\"}}]}<\/script>\n<!-- \/ Yoast SEO Premium plugin. -->","yoast_head_json":{"title":"Bedingungen - Days of Wonder: Play different.\u2122","robots":{"index":"index","follow":"follow","max-snippet":"max-snippet:-1","max-image-preview":"max-image-preview:large","max-video-preview":"max-video-preview:-1"},"canonical":"https:\/\/www.daysofwonder.com\/de\/terms-of-use\/","og_locale":"de_DE","og_type":"article","og_title":"Bedingungen","og_description":"DAYS OF WONDER WEBSEITE\u00a0 NUTZUNGSBEDINGUNGEN Diese Allgemeinen Nutzungsbedingungen m\u00fcssen sorgf\u00e4ltig und vollst\u00e4ndig gelesen werden. Diese Internet-Webseite ist im Besitz und Betrieb von Days of Wonder, Inc. und seinen Partnern. Bitte lesen Sie diese Bedingungen bez\u00fcglich Bedienung und Nutzungsauflagen genau, bevor Sie diese Webseite nutzen. Durch Nutzung dieser Webseite geben Sie uns Ihr Einverst\u00e4ndnis zu diesen [&hellip;]","og_url":"https:\/\/www.daysofwonder.com\/de\/terms-of-use\/","og_site_name":"Days of Wonder: Play different.\u2122","article_modified_time":"2024-11-05T14:47:19+00:00","twitter_card":"summary_large_image","twitter_misc":{"Est. reading time":"11 Minuten"},"schema":{"@context":"https:\/\/schema.org","@graph":[{"@type":"WebPage","@id":"https:\/\/www.daysofwonder.com\/de\/terms-of-use\/","url":"https:\/\/www.daysofwonder.com\/de\/terms-of-use\/","name":"Bedingungen - Days of Wonder: Play different.\u2122","isPartOf":{"@id":"https:\/\/www.daysofwonder.com\/#website"},"datePublished":"2024-08-06T20:18:27+00:00","dateModified":"2024-11-05T14:47:19+00:00","breadcrumb":{"@id":"https:\/\/www.daysofwonder.com\/de\/terms-of-use\/#breadcrumb"},"inLanguage":"de-DE","potentialAction":[{"@type":"ReadAction","target":["https:\/\/www.daysofwonder.com\/de\/terms-of-use\/"]}]},{"@type":"BreadcrumbList","@id":"https:\/\/www.daysofwonder.com\/de\/terms-of-use\/#breadcrumb","itemListElement":[{"@type":"ListItem","position":1,"name":"Home","item":"https:\/\/www.daysofwonder.com\/de\/"},{"@type":"ListItem","position":2,"name":"Bedingungen"}]},{"@type":"WebSite","@id":"https:\/\/www.daysofwonder.com\/#website","url":"https:\/\/www.daysofwonder.com\/","name":"Days of Wonder: Play different.\u2122","description":"Days of Wonder\u00ae entwickelt und produziert Spiele unter dem Motto \u201ePlay different.\u2122\u201c (\u201eAnders spielen\u201c).","publisher":{"@id":"https:\/\/www.daysofwonder.com\/#organization"},"potentialAction":[{"@type":"SearchAction","target":{"@type":"EntryPoint","urlTemplate":"https:\/\/www.daysofwonder.com\/?s={search_term_string}"},"query-input":"required name=search_term_string"}],"inLanguage":"de-DE"},{"@type":"Organization","@id":"https:\/\/www.daysofwonder.com\/#organization","name":"Days of Wonder: Play different.\u2122","url":"https:\/\/www.daysofwonder.com\/","logo":{"@type":"ImageObject","inLanguage":"de-DE","@id":"https:\/\/www.daysofwonder.com\/#\/schema\/logo\/image\/","url":"https:\/\/cdn.svc.asmodee.net\/production-daysofwonder\/uploads\/image-converter\/2024\/07\/Days_of_Wonder.webp","contentUrl":"https:\/\/cdn.svc.asmodee.net\/production-daysofwonder\/uploads\/image-converter\/2024\/07\/Days_of_Wonder.webp","width":439,"height":227,"caption":"Days of Wonder: Play different.\u2122"},"image":{"@id":"https:\/\/www.daysofwonder.com\/#\/schema\/logo\/image\/"}}]}},"_links":{"self":[{"href":"https:\/\/www.daysofwonder.com\/de\/wp-json\/wp\/v2\/pages\/7015"}],"collection":[{"href":"https:\/\/www.daysofwonder.com\/de\/wp-json\/wp\/v2\/pages"}],"about":[{"href":"https:\/\/www.daysofwonder.com\/de\/wp-json\/wp\/v2\/types\/page"}],"author":[{"embeddable":true,"href":"https:\/\/www.daysofwonder.com\/de\/wp-json\/wp\/v2\/users\/1"}],"replies":[{"embeddable":true,"href":"https:\/\/www.daysofwonder.com\/de\/wp-json\/wp\/v2\/comments?post=7015"}],"version-history":[{"count":2,"href":"https:\/\/www.daysofwonder.com\/de\/wp-json\/wp\/v2\/pages\/7015\/revisions"}],"predecessor-version":[{"id":8556,"href":"https:\/\/www.daysofwonder.com\/de\/wp-json\/wp\/v2\/pages\/7015\/revisions\/8556"}],"wp:attachment":[{"href":"https:\/\/www.daysofwonder.com\/de\/wp-json\/wp\/v2\/media?parent=7015"}],"curies":[{"name":"wp","href":"https:\/\/api.w.org\/{rel}","templated":true}]}}