{"id":7019,"date":"2024-07-31T19:06:36","date_gmt":"2024-07-31T19:06:36","guid":{"rendered":"https:\/\/www.daysofwonder.com\/about-us\/"},"modified":"2024-11-05T15:08:03","modified_gmt":"2024-11-05T15:08:03","slug":"about-us","status":"publish","type":"page","link":"https:\/\/www.daysofwonder.com\/de\/about-us\/","title":{"rendered":"\u00dcber"},"content":{"rendered":"<div class=\"lazyblock-page-entry-ZwAsx1 wp-block-lazyblock-page-entry\">\n<div class=\"hero-page alignfull\" style=\"min-height: 70vh; --overlay-opacity: 60%;\">\n    <div class=\"project-thumbnail\" style=\"background-image: url(https:\/\/cdn.svc.asmodee.net\/production-daysofwonder\/uploads\/2024\/07\/unnamed-scaled.webp);\">\n    <\/div>\n    <div class=\"project-header-content col-full \">\n        <div class=\"row justify-content-center\">\n\n            <div class=\"col-md-12 text-center\">\n                                \n\n            <\/div>\n\n        <\/div>\n\n    <\/div>\n<\/div>\n<\/div>\n<div class=\"wp-block-columns is-layout-flex wp-container-core-columns-layout-1 wp-block-columns-is-layout-flex\">\n<div class=\"wp-block-column is-layout-flow wp-block-column-is-layout-flow\" style=\"flex-basis:33.33%\"><div class=\"wp-block-image\">\n<figure class=\"alignright size-full\"><img loading=\"lazy\" decoding=\"async\" width=\"408\" height=\"408\" src=\"https:\/\/cdn.svc.asmodee.net\/production-daysofwonder\/uploads\/2024\/07\/Heat-1.png\" alt=\"\" class=\"wp-image-3977\" srcset=\"https:\/\/cdn.svc.asmodee.net\/production-daysofwonder\/uploads\/image-converter\/2024\/07\/Heat-1.webp 408w, https:\/\/cdn.svc.asmodee.net\/production-daysofwonder\/uploads\/image-converter\/2024\/07\/Heat-1-300x300.webp 300w, https:\/\/cdn.svc.asmodee.net\/production-daysofwonder\/uploads\/image-converter\/2024\/07\/Heat-1-150x150.webp 150w\" sizes=\"(max-width: 408px) 100vw, 408px\" \/><\/figure><\/div><\/div>\n\n\n\n<div class=\"wp-block-column is-vertically-aligned-center is-layout-flow wp-block-column-is-layout-flow\" style=\"flex-basis:66.66%\">\n<p>Days of Wonder\u00ae entwickelt und produziert Spiele unter dem Motto \u201ePlay different.\u2122\u201c (\u201eAnders spielen\u201c). Beginnend mit der konsequenten Ver\u00f6ffentlichung einer sehr begrenzten Anzahl an neuen Spielen, \u00fcber die kompromisslose Qualit\u00e4t bei der Produktion von Brettspielen, bis zum einzigartigen firmeninternen Entwicklerteam f\u00fcr digitale Spiele \u2013 Days of Wonder erh\u00f6ht best\u00e4ndig das Niveau der eigenen Produkte. Das Resultat ist eine unvergleichliche Reihe an Erfolgen, darunter Zug um Zug\u00ae, das weltweit bestverkaufte Eisenbahnspiel; Small World\u00ae, das legend\u00e4re Fantasyspiel um epische Eroberungen; und Memoir &#8217;44\u00ae, die Saga \u00fcber den 2. Weltkrieg mit bisher 20 Erweiterungen. Days of Wonder Brettspiele werden in 40 L\u00e4ndern vertrieben. Die digitalen Versionen sind im iOS App Store und f\u00fcr Google Play erh\u00e4ltlich, sowie auf Steam und der Days of Wonders Webseite. Bis zum heutigen Tag hat der Verlag mehr als 5 Millionen Brettspiele verkauft und \u00fcber 45 Millionen Online-Spiele ausgerichtet. Der Verlag ist weiterhin der j\u00fcngste Verlag, der jemals den weltweit begehrtesten Kritikerpreis erhielt: das deutsche Spiel des Jahres.<\/p>\n<\/div>\n<\/div>\n\n<div class=\"wp-block-columns is-layout-flex wp-container-core-columns-layout-2 wp-block-columns-is-layout-flex\">\n<div class=\"wp-block-column is-vertically-aligned-center is-layout-flow wp-block-column-is-layout-flow\" style=\"flex-basis:66.66%\">\n<h2 class=\"wp-block-heading\">Our mission<\/h2>\n\n\n\n<div style=\"height:12px\" aria-hidden=\"true\" class=\"wp-block-spacer\"><\/div>\n\n\n\n<p>Days of Wonder hat sich zum Ziel gesetzt, Gesellschaftsspiele als eine vollst\u00e4ndige soziale und kulturelle Aktivit\u00e4t zu f\u00f6rdern. Eine Spielepartie soll ein Moment des &#8222;Miteinander&#8220;, des Austauschs und der geteilten Freude sein, die ebenso viel Unterhaltung bietet wie ein Kinoabend.<\/p>\n\n\n\n<div style=\"height:12px\" aria-hidden=\"true\" class=\"wp-block-spacer\"><\/div>\n<\/div>\n\n\n\n<div class=\"wp-block-column is-layout-flow wp-block-column-is-layout-flow\" style=\"flex-basis:33.33%\"><div class=\"wp-block-image\">\n<figure class=\"alignright size-full\"><img loading=\"lazy\" decoding=\"async\" width=\"296\" height=\"400\" src=\"https:\/\/cdn.svc.asmodee.net\/production-daysofwonder\/uploads\/2024\/07\/MM44-1.png\" alt=\"\" class=\"wp-image-3979\" srcset=\"https:\/\/cdn.svc.asmodee.net\/production-daysofwonder\/uploads\/image-converter\/2024\/07\/MM44-1.webp 296w, https:\/\/cdn.svc.asmodee.net\/production-daysofwonder\/uploads\/image-converter\/2024\/07\/MM44-1-222x300.webp 222w\" sizes=\"(max-width: 296px) 100vw, 296px\" \/><\/figure><\/div><\/div>\n<\/div>\n\n<div class=\"wp-block-columns is-layout-flex wp-container-core-columns-layout-3 wp-block-columns-is-layout-flex\">\n<div class=\"wp-block-column is-layout-flow wp-block-column-is-layout-flow\" style=\"flex-basis:33.33%\"><div class=\"wp-block-image\">\n<figure class=\"alignright size-full\"><img loading=\"lazy\" decoding=\"async\" width=\"360\" height=\"360\" src=\"https:\/\/cdn.svc.asmodee.net\/production-daysofwonder\/uploads\/2024\/07\/Woman-1.png\" alt=\"\" class=\"wp-image-3983\" srcset=\"https:\/\/cdn.svc.asmodee.net\/production-daysofwonder\/uploads\/image-converter\/2024\/07\/Woman-1.webp 360w, https:\/\/cdn.svc.asmodee.net\/production-daysofwonder\/uploads\/image-converter\/2024\/07\/Woman-1-300x300.webp 300w, https:\/\/cdn.svc.asmodee.net\/production-daysofwonder\/uploads\/image-converter\/2024\/07\/Woman-1-150x150.webp 150w\" sizes=\"(max-width: 360px) 100vw, 360px\" \/><\/figure><\/div><\/div>\n\n\n\n<div class=\"wp-block-column is-vertically-aligned-center is-layout-flow wp-block-column-is-layout-flow\" style=\"flex-basis:66.66%\">\n<h2 class=\"wp-block-heading\">Brauchen Sie Hilfe?<\/h2>\n\n\n\n<p>Wenn Sie Fragen zu unseren Spielen, zu Ihrem Web-Konto oder Ihrer Bestellung haben.<\/p>\n\n\n\n<div class=\"wp-block-buttons is-layout-flex wp-block-buttons-is-layout-flex\">\n<div class=\"wp-block-button\"><a class=\"wp-block-button__link wp-element-button\" href=\"https:\/\/www.daysofwonder.com\/de\/contact\/\">Kontakt<\/a><\/div>\n<\/div>\n<\/div>\n<\/div>\n\n<div class=\"wp-block-columns is-layout-flex wp-container-core-columns-layout-4 wp-block-columns-is-layout-flex\">\n<div class=\"wp-block-column is-vertically-aligned-center is-layout-flow wp-block-column-is-layout-flow\" style=\"flex-basis:66.66%\">\n<h2 class=\"wp-block-heading\">Press<\/h2>\n\n\n\n<p>Wenn Sie einen Artikel verfassen m\u00f6chten und offizielle Informationen brauchen, oder wenn Sie hochaufgel\u00f6ste, druckf\u00e4hige Abbildungen suchen,<\/p>\n\n\n\n<div class=\"wp-block-buttons is-layout-flex wp-block-buttons-is-layout-flex\">\n<div class=\"wp-block-button\"><a class=\"wp-block-button__link wp-element-button\" href=\"https:\/\/www.daysofwonder.com\/de\/press\/\">Mehr entdecken<\/a><\/div>\n<\/div>\n<\/div>\n\n\n\n<div class=\"wp-block-column is-layout-flow wp-block-column-is-layout-flow\" style=\"flex-basis:33.33%\"><div class=\"wp-block-image\">\n<figure class=\"alignright size-full\"><img loading=\"lazy\" decoding=\"async\" width=\"296\" height=\"400\" src=\"https:\/\/cdn.svc.asmodee.net\/production-daysofwonder\/uploads\/2024\/07\/T2R-1.png\" alt=\"\" class=\"wp-image-3985\" srcset=\"https:\/\/cdn.svc.asmodee.net\/production-daysofwonder\/uploads\/image-converter\/2024\/07\/T2R-1.webp 296w, https:\/\/cdn.svc.asmodee.net\/production-daysofwonder\/uploads\/image-converter\/2024\/07\/T2R-1-222x300.webp 222w\" sizes=\"(max-width: 296px) 100vw, 296px\" \/><\/figure><\/div><\/div>\n<\/div>\n","protected":false},"excerpt":{"rendered":"<p>Days of Wonder\u00ae entwickelt und produziert Spiele unter dem Motto \u201ePlay different.\u2122\u201c (\u201eAnders spielen\u201c). Beginnend mit der konsequenten Ver\u00f6ffentlichung einer sehr begrenzten Anzahl an neuen Spielen, \u00fcber die kompromisslose Qualit\u00e4t bei der Produktion von Brettspielen, bis zum einzigartigen firmeninternen Entwicklerteam f\u00fcr digitale Spiele \u2013 Days of Wonder erh\u00f6ht best\u00e4ndig das Niveau der eigenen Produkte. Das [&hellip;]<\/p>\n","protected":false},"author":1,"featured_media":0,"parent":0,"menu_order":0,"comment_status":"closed","ping_status":"closed","template":"","meta":{"_acf_changed":false,"footnotes":""},"acf":[],"yoast_head":"<!-- This site is optimized with the Yoast SEO Premium plugin v22.3 (Yoast SEO v22.9) - https:\/\/yoast.com\/wordpress\/plugins\/seo\/ -->\n<title>\u00dcber - Days of Wonder: Play different.\u2122<\/title>\n<meta name=\"robots\" content=\"index, follow, max-snippet:-1, max-image-preview:large, max-video-preview:-1\" \/>\n<link rel=\"canonical\" href=\"https:\/\/www.daysofwonder.com\/de\/about-us\/\" \/>\n<meta property=\"og:locale\" content=\"de_DE\" \/>\n<meta property=\"og:type\" content=\"article\" \/>\n<meta property=\"og:title\" content=\"\u00dcber\" \/>\n<meta property=\"og:description\" content=\"Days of Wonder\u00ae entwickelt und produziert Spiele unter dem Motto \u201ePlay different.\u2122\u201c (\u201eAnders spielen\u201c). Beginnend mit der konsequenten Ver\u00f6ffentlichung einer sehr begrenzten Anzahl an neuen Spielen, \u00fcber die kompromisslose Qualit\u00e4t bei der Produktion von Brettspielen, bis zum einzigartigen firmeninternen Entwicklerteam f\u00fcr digitale Spiele \u2013 Days of Wonder erh\u00f6ht best\u00e4ndig das Niveau der eigenen Produkte. Das [&hellip;]\" \/>\n<meta property=\"og:url\" content=\"https:\/\/www.daysofwonder.com\/de\/about-us\/\" \/>\n<meta property=\"og:site_name\" content=\"Days of Wonder: Play different.\u2122\" \/>\n<meta property=\"article:modified_time\" content=\"2024-11-05T15:08:03+00:00\" \/>\n<meta property=\"og:image\" content=\"https:\/\/cdn.svc.asmodee.net\/production-daysofwonder\/uploads\/2024\/07\/Heat-1.png\" \/>\n<meta name=\"twitter:card\" content=\"summary_large_image\" \/>\n<meta name=\"twitter:label1\" content=\"Est. reading time\" \/>\n\t<meta name=\"twitter:data1\" content=\"1 Minute\" \/>\n<script type=\"application\/ld+json\" class=\"yoast-schema-graph\">{\"@context\":\"https:\/\/schema.org\",\"@graph\":[{\"@type\":\"WebPage\",\"@id\":\"https:\/\/www.daysofwonder.com\/de\/about-us\/\",\"url\":\"https:\/\/www.daysofwonder.com\/de\/about-us\/\",\"name\":\"\u00dcber - Days of Wonder: Play different.\u2122\",\"isPartOf\":{\"@id\":\"https:\/\/www.daysofwonder.com\/#website\"},\"primaryImageOfPage\":{\"@id\":\"https:\/\/www.daysofwonder.com\/de\/about-us\/#primaryimage\"},\"image\":{\"@id\":\"https:\/\/www.daysofwonder.com\/de\/about-us\/#primaryimage\"},\"thumbnailUrl\":\"https:\/\/cdn.svc.asmodee.net\/production-daysofwonder\/uploads\/2024\/07\/Heat-1.png\",\"datePublished\":\"2024-07-31T19:06:36+00:00\",\"dateModified\":\"2024-11-05T15:08:03+00:00\",\"breadcrumb\":{\"@id\":\"https:\/\/www.daysofwonder.com\/de\/about-us\/#breadcrumb\"},\"inLanguage\":\"de-DE\",\"potentialAction\":[{\"@type\":\"ReadAction\",\"target\":[\"https:\/\/www.daysofwonder.com\/de\/about-us\/\"]}]},{\"@type\":\"ImageObject\",\"inLanguage\":\"de-DE\",\"@id\":\"https:\/\/www.daysofwonder.com\/de\/about-us\/#primaryimage\",\"url\":\"https:\/\/cdn.svc.asmodee.net\/production-daysofwonder\/uploads\/2024\/07\/Heat-1.png\",\"contentUrl\":\"https:\/\/cdn.svc.asmodee.net\/production-daysofwonder\/uploads\/2024\/07\/Heat-1.png\"},{\"@type\":\"BreadcrumbList\",\"@id\":\"https:\/\/www.daysofwonder.com\/de\/about-us\/#breadcrumb\",\"itemListElement\":[{\"@type\":\"ListItem\",\"position\":1,\"name\":\"Home\",\"item\":\"https:\/\/www.daysofwonder.com\/de\/\"},{\"@type\":\"ListItem\",\"position\":2,\"name\":\"\u00dcber\"}]},{\"@type\":\"WebSite\",\"@id\":\"https:\/\/www.daysofwonder.com\/#website\",\"url\":\"https:\/\/www.daysofwonder.com\/\",\"name\":\"Days of Wonder: Play different.\u2122\",\"description\":\"Days of Wonder\u00ae entwickelt und produziert Spiele unter dem Motto \u201ePlay different.\u2122\u201c (\u201eAnders spielen\u201c).\",\"publisher\":{\"@id\":\"https:\/\/www.daysofwonder.com\/#organization\"},\"potentialAction\":[{\"@type\":\"SearchAction\",\"target\":{\"@type\":\"EntryPoint\",\"urlTemplate\":\"https:\/\/www.daysofwonder.com\/?s={search_term_string}\"},\"query-input\":\"required name=search_term_string\"}],\"inLanguage\":\"de-DE\"},{\"@type\":\"Organization\",\"@id\":\"https:\/\/www.daysofwonder.com\/#organization\",\"name\":\"Days of Wonder: Play different.\u2122\",\"url\":\"https:\/\/www.daysofwonder.com\/\",\"logo\":{\"@type\":\"ImageObject\",\"inLanguage\":\"de-DE\",\"@id\":\"https:\/\/www.daysofwonder.com\/#\/schema\/logo\/image\/\",\"url\":\"https:\/\/cdn.svc.asmodee.net\/production-daysofwonder\/uploads\/image-converter\/2024\/07\/Days_of_Wonder.webp\",\"contentUrl\":\"https:\/\/cdn.svc.asmodee.net\/production-daysofwonder\/uploads\/image-converter\/2024\/07\/Days_of_Wonder.webp\",\"width\":439,\"height\":227,\"caption\":\"Days of Wonder: Play different.\u2122\"},\"image\":{\"@id\":\"https:\/\/www.daysofwonder.com\/#\/schema\/logo\/image\/\"}}]}<\/script>\n<!-- \/ Yoast SEO Premium plugin. -->","yoast_head_json":{"title":"\u00dcber - Days of Wonder: Play different.\u2122","robots":{"index":"index","follow":"follow","max-snippet":"max-snippet:-1","max-image-preview":"max-image-preview:large","max-video-preview":"max-video-preview:-1"},"canonical":"https:\/\/www.daysofwonder.com\/de\/about-us\/","og_locale":"de_DE","og_type":"article","og_title":"\u00dcber","og_description":"Days of Wonder\u00ae entwickelt und produziert Spiele unter dem Motto \u201ePlay different.\u2122\u201c (\u201eAnders spielen\u201c). Beginnend mit der konsequenten Ver\u00f6ffentlichung einer sehr begrenzten Anzahl an neuen Spielen, \u00fcber die kompromisslose Qualit\u00e4t bei der Produktion von Brettspielen, bis zum einzigartigen firmeninternen Entwicklerteam f\u00fcr digitale Spiele \u2013 Days of Wonder erh\u00f6ht best\u00e4ndig das Niveau der eigenen Produkte. Das [&hellip;]","og_url":"https:\/\/www.daysofwonder.com\/de\/about-us\/","og_site_name":"Days of Wonder: Play different.\u2122","article_modified_time":"2024-11-05T15:08:03+00:00","og_image":[{"url":"https:\/\/cdn.svc.asmodee.net\/production-daysofwonder\/uploads\/2024\/07\/Heat-1.png"}],"twitter_card":"summary_large_image","twitter_misc":{"Est. reading time":"1 Minute"},"schema":{"@context":"https:\/\/schema.org","@graph":[{"@type":"WebPage","@id":"https:\/\/www.daysofwonder.com\/de\/about-us\/","url":"https:\/\/www.daysofwonder.com\/de\/about-us\/","name":"\u00dcber - Days of Wonder: Play different.\u2122","isPartOf":{"@id":"https:\/\/www.daysofwonder.com\/#website"},"primaryImageOfPage":{"@id":"https:\/\/www.daysofwonder.com\/de\/about-us\/#primaryimage"},"image":{"@id":"https:\/\/www.daysofwonder.com\/de\/about-us\/#primaryimage"},"thumbnailUrl":"https:\/\/cdn.svc.asmodee.net\/production-daysofwonder\/uploads\/2024\/07\/Heat-1.png","datePublished":"2024-07-31T19:06:36+00:00","dateModified":"2024-11-05T15:08:03+00:00","breadcrumb":{"@id":"https:\/\/www.daysofwonder.com\/de\/about-us\/#breadcrumb"},"inLanguage":"de-DE","potentialAction":[{"@type":"ReadAction","target":["https:\/\/www.daysofwonder.com\/de\/about-us\/"]}]},{"@type":"ImageObject","inLanguage":"de-DE","@id":"https:\/\/www.daysofwonder.com\/de\/about-us\/#primaryimage","url":"https:\/\/cdn.svc.asmodee.net\/production-daysofwonder\/uploads\/2024\/07\/Heat-1.png","contentUrl":"https:\/\/cdn.svc.asmodee.net\/production-daysofwonder\/uploads\/2024\/07\/Heat-1.png"},{"@type":"BreadcrumbList","@id":"https:\/\/www.daysofwonder.com\/de\/about-us\/#breadcrumb","itemListElement":[{"@type":"ListItem","position":1,"name":"Home","item":"https:\/\/www.daysofwonder.com\/de\/"},{"@type":"ListItem","position":2,"name":"\u00dcber"}]},{"@type":"WebSite","@id":"https:\/\/www.daysofwonder.com\/#website","url":"https:\/\/www.daysofwonder.com\/","name":"Days of Wonder: Play different.\u2122","description":"Days of Wonder\u00ae entwickelt und produziert Spiele unter dem Motto \u201ePlay different.\u2122\u201c (\u201eAnders spielen\u201c).","publisher":{"@id":"https:\/\/www.daysofwonder.com\/#organization"},"potentialAction":[{"@type":"SearchAction","target":{"@type":"EntryPoint","urlTemplate":"https:\/\/www.daysofwonder.com\/?s={search_term_string}"},"query-input":"required name=search_term_string"}],"inLanguage":"de-DE"},{"@type":"Organization","@id":"https:\/\/www.daysofwonder.com\/#organization","name":"Days of Wonder: Play different.\u2122","url":"https:\/\/www.daysofwonder.com\/","logo":{"@type":"ImageObject","inLanguage":"de-DE","@id":"https:\/\/www.daysofwonder.com\/#\/schema\/logo\/image\/","url":"https:\/\/cdn.svc.asmodee.net\/production-daysofwonder\/uploads\/image-converter\/2024\/07\/Days_of_Wonder.webp","contentUrl":"https:\/\/cdn.svc.asmodee.net\/production-daysofwonder\/uploads\/image-converter\/2024\/07\/Days_of_Wonder.webp","width":439,"height":227,"caption":"Days of Wonder: Play different.\u2122"},"image":{"@id":"https:\/\/www.daysofwonder.com\/#\/schema\/logo\/image\/"}}]}},"_links":{"self":[{"href":"https:\/\/www.daysofwonder.com\/de\/wp-json\/wp\/v2\/pages\/7019"}],"collection":[{"href":"https:\/\/www.daysofwonder.com\/de\/wp-json\/wp\/v2\/pages"}],"about":[{"href":"https:\/\/www.daysofwonder.com\/de\/wp-json\/wp\/v2\/types\/page"}],"author":[{"embeddable":true,"href":"https:\/\/www.daysofwonder.com\/de\/wp-json\/wp\/v2\/users\/1"}],"replies":[{"embeddable":true,"href":"https:\/\/www.daysofwonder.com\/de\/wp-json\/wp\/v2\/comments?post=7019"}],"version-history":[{"count":5,"href":"https:\/\/www.daysofwonder.com\/de\/wp-json\/wp\/v2\/pages\/7019\/revisions"}],"predecessor-version":[{"id":8566,"href":"https:\/\/www.daysofwonder.com\/de\/wp-json\/wp\/v2\/pages\/7019\/revisions\/8566"}],"wp:attachment":[{"href":"https:\/\/www.daysofwonder.com\/de\/wp-json\/wp\/v2\/media?parent=7019"}],"curies":[{"name":"wp","href":"https:\/\/api.w.org\/{rel}","templated":true}]}}