{"id":7249,"date":"2024-07-03T14:29:19","date_gmt":"2024-07-03T14:29:19","guid":{"rendered":"https:\/\/www.daysofwonder.com\/contact\/"},"modified":"2025-11-07T09:12:09","modified_gmt":"2025-11-07T09:12:09","slug":"contact","status":"publish","type":"page","link":"https:\/\/www.daysofwonder.com\/de\/contact\/","title":{"rendered":"Kontakt"},"content":{"rendered":"\n<div class=\"wp-block-group is-layout-constrained wp-block-group-is-layout-constrained\"><div class=\"wp-block-group__inner-container\">\n<div class=\"wp-block-group is-layout-constrained wp-block-group-is-layout-constrained\"><div class=\"wp-block-group__inner-container\">\n<div class=\"wp-block-columns contact_form__Block p-2 p-md-5 is-layout-flex wp-container-core-columns-layout-1 wp-block-columns-is-layout-flex\">\n<div class=\"wp-block-column is-layout-flow wp-block-column-is-layout-flow\" style=\"flex-basis:44.45%\">\n<h2 class=\"wp-block-heading\" id=\"h-kundenbetreuung\">Kundenbetreuung<\/h2>\n\n\n\n<p>F\u00fcr Wiederverk\u00e4ufer. Wir sind in mehr als 40 L\u00e4ndern vertreten. Um den Vertriebspartner f\u00fcr Ihre Region zu finden, klicken Sie bitte auf die Liste der Vertriebspartner<\/p>\n<\/div>\n\n\n\n<div class=\"wp-block-column is-layout-flow wp-block-column-is-layout-flow\" style=\"flex-basis:22.22%\">\n<ul>\n<li><a href=\"https:\/\/asmodee.fr\/sav\/\"><mark style=\"background-color:rgba(0, 0, 0, 0)\" class=\"has-inline-color has-black-color\">Asmodee France<\/mark><\/a><\/li>\n\n\n\n<li><a href=\"https:\/\/be.asmodee.com\/fr-be\/contact-us\"><mark style=\"background-color:rgba(0, 0, 0, 0)\" class=\"has-inline-color has-black-color\">Asmodee Belgium<\/mark><\/a><\/li>\n\n\n\n<li><a href=\"https:\/\/kundenservice.asmodee.de\/\"><mark style=\"background-color:rgba(0, 0, 0, 0)\" class=\"has-inline-color has-black-color\">Asmodee Germany<\/mark><\/a><\/li>\n\n\n\n<li><a href=\"https:\/\/webshopnl.asmodee.com\/en-us\/contact\"><mark style=\"background-color:rgba(0, 0, 0, 0)\" class=\"has-inline-color has-black-color\">Asmodee The Netherlands<\/mark><\/a><\/li>\n\n\n\n<li><a href=\"https:\/\/b2b.asmodee.es\/service\"><mark style=\"background-color:rgba(0, 0, 0, 0)\" class=\"has-inline-color has-black-color\">Asmodee Spain<\/mark><\/a><\/li>\n\n\n\n<li><a href=\"https:\/\/www.asmodee.it\/contatti\"><mark style=\"background-color:rgba(0, 0, 0, 0)\" class=\"has-inline-color has-black-color\">Asmodee Italia<\/mark><\/a><\/li>\n\n\n\n<li><a href=\"https:\/\/www.asmodee.co.uk\/pages\/contact-us\"><mark style=\"background-color:rgba(0, 0, 0, 0)\" class=\"has-inline-color has-black-color\">Asmodee UK<\/mark><\/a><\/li>\n<\/ul>\n<\/div>\n\n\n\n<div class=\"wp-block-column is-layout-flow wp-block-column-is-layout-flow\" style=\"flex-basis:33.33%\">\n<ul>\n<li><a href=\"https:\/\/www.rebelstudio.eu\/pages\/contact-us-375.html\"><mark style=\"background-color:rgba(0, 0, 0, 0)\" class=\"has-inline-color has-black-color\">Rebel (Poland)<\/mark><\/a><\/li>\n\n\n\n<li><a href=\"https:\/\/hraj.cz\/kontakty\"><mark style=\"background-color:rgba(0, 0, 0, 0)\" class=\"has-inline-color has-black-color\">Blackfire (Romania &amp; Czech Republic)<\/mark><\/a><\/li>\n\n\n\n<li><a href=\"https:\/\/www.asmodeenordics.com\/contact-us\/\"><mark style=\"background-color:rgba(0, 0, 0, 0)\" class=\"has-inline-color has-black-color\">Asmodee Nordics<\/mark><\/a><\/li>\n\n\n\n<li><a href=\"https:\/\/www.asmodeena.com\/en\/customer-service-faq\/\"><mark style=\"background-color:rgba(0, 0, 0, 0)\" class=\"has-inline-color has-black-color\">Asmodee North America<\/mark><\/a><\/li>\n\n\n\n<li><a href=\"https:\/\/www.asmodee.ca\/fr\/contact-us\/\"><mark style=\"background-color:rgba(0, 0, 0, 0)\" class=\"has-inline-color has-black-color\">Asmodee Canada<\/mark><\/a><\/li>\n\n\n\n<li><a href=\"https:\/\/www.asmodee.cl\/contacto\/\"><mark style=\"background-color:rgba(0, 0, 0, 0)\" class=\"has-inline-color has-black-color\">Asmodee Chile<\/mark><\/a><\/li>\n\n\n\n<li><a href=\"https:\/\/www.asmodee.com.cn\/page\/contactus\"><mark style=\"background-color:rgba(0, 0, 0, 0)\" class=\"has-inline-color has-black-color\">Asmodee China<\/mark><\/a><\/li>\n\n\n\n<li><a href=\"https:\/\/www.mundogalapagos.com.br\/\"><mark style=\"background-color:rgba(0, 0, 0, 0)\" class=\"has-inline-color has-black-color\">Galapagos Jogos (Brazil)<\/mark><\/a><\/li>\n<\/ul>\n<\/div>\n<\/div>\n\n\n\n<h2 class=\"wp-block-heading\" id=\"h-wenn-sie-designer-sind-fullen-sie-bitte-dieses-formular-aus\">Wenn Sie Designer sind, f\u00fcllen Sie bitte dieses <a href=\"https:\/\/www.spacecowboys.fr\/contact-us\/designer-form\">Formular<\/a> aus. <\/h2>\n<\/div><\/div>\n<\/div><\/div>\n","protected":false},"excerpt":{"rendered":"<p>Kundenbetreuung F\u00fcr Wiederverk\u00e4ufer. Wir sind in mehr als 40 L\u00e4ndern vertreten. Um den Vertriebspartner f\u00fcr Ihre Region zu finden, klicken Sie bitte auf die Liste der Vertriebspartner Wenn Sie Designer sind, f\u00fcllen Sie bitte dieses Formular aus.<\/p>\n","protected":false},"author":1,"featured_media":7250,"parent":0,"menu_order":0,"comment_status":"closed","ping_status":"closed","template":"page-contact.php","meta":{"_acf_changed":false,"footnotes":""},"acf":[],"yoast_head":"<!-- This site is optimized with the Yoast SEO Premium plugin v22.3 (Yoast SEO v22.9) - https:\/\/yoast.com\/wordpress\/plugins\/seo\/ -->\n<title>Kontakt - Days of Wonder: Play different.\u2122<\/title>\n<meta name=\"robots\" content=\"index, follow, max-snippet:-1, max-image-preview:large, max-video-preview:-1\" \/>\n<link rel=\"canonical\" href=\"https:\/\/www.daysofwonder.com\/de\/contact\/\" \/>\n<meta property=\"og:locale\" content=\"de_DE\" \/>\n<meta property=\"og:type\" content=\"article\" \/>\n<meta property=\"og:title\" content=\"Kontakt\" \/>\n<meta property=\"og:description\" content=\"Kundenbetreuung F\u00fcr Wiederverk\u00e4ufer. Wir sind in mehr als 40 L\u00e4ndern vertreten. Um den Vertriebspartner f\u00fcr Ihre Region zu finden, klicken Sie bitte auf die Liste der Vertriebspartner Wenn Sie Designer sind, f\u00fcllen Sie bitte dieses Formular aus.\" \/>\n<meta property=\"og:url\" content=\"https:\/\/www.daysofwonder.com\/de\/contact\/\" \/>\n<meta property=\"og:site_name\" content=\"Days of Wonder: Play different.\u2122\" \/>\n<meta property=\"article:modified_time\" content=\"2025-11-07T09:12:09+00:00\" \/>\n<meta property=\"og:image\" content=\"https:\/\/cdn.svc.asmodee.net\/production-daysofwonder\/uploads\/image-converter\/2024\/06\/Studio-Placeholder-1024x585.png\" \/>\n\t<meta property=\"og:image:width\" content=\"1024\" \/>\n\t<meta property=\"og:image:height\" content=\"585\" \/>\n\t<meta property=\"og:image:type\" content=\"image\/png\" \/>\n<meta name=\"twitter:card\" content=\"summary_large_image\" \/>\n<meta name=\"twitter:label1\" content=\"Est. reading time\" \/>\n\t<meta name=\"twitter:data1\" content=\"1 Minute\" \/>\n<script type=\"application\/ld+json\" class=\"yoast-schema-graph\">{\"@context\":\"https:\/\/schema.org\",\"@graph\":[{\"@type\":\"WebPage\",\"@id\":\"https:\/\/www.daysofwonder.com\/de\/contact\/\",\"url\":\"https:\/\/www.daysofwonder.com\/de\/contact\/\",\"name\":\"Kontakt - Days of Wonder: Play different.\u2122\",\"isPartOf\":{\"@id\":\"https:\/\/www.daysofwonder.com\/#website\"},\"primaryImageOfPage\":{\"@id\":\"https:\/\/www.daysofwonder.com\/de\/contact\/#primaryimage\"},\"image\":{\"@id\":\"https:\/\/www.daysofwonder.com\/de\/contact\/#primaryimage\"},\"thumbnailUrl\":\"https:\/\/cdn.svc.asmodee.net\/production-daysofwonder\/uploads\/image-converter\/2024\/06\/Studio-Placeholder.webp\",\"datePublished\":\"2024-07-03T14:29:19+00:00\",\"dateModified\":\"2025-11-07T09:12:09+00:00\",\"breadcrumb\":{\"@id\":\"https:\/\/www.daysofwonder.com\/de\/contact\/#breadcrumb\"},\"inLanguage\":\"de-DE\",\"potentialAction\":[{\"@type\":\"ReadAction\",\"target\":[\"https:\/\/www.daysofwonder.com\/de\/contact\/\"]}]},{\"@type\":\"ImageObject\",\"inLanguage\":\"de-DE\",\"@id\":\"https:\/\/www.daysofwonder.com\/de\/contact\/#primaryimage\",\"url\":\"https:\/\/cdn.svc.asmodee.net\/production-daysofwonder\/uploads\/image-converter\/2024\/06\/Studio-Placeholder.webp\",\"contentUrl\":\"https:\/\/cdn.svc.asmodee.net\/production-daysofwonder\/uploads\/image-converter\/2024\/06\/Studio-Placeholder.webp\",\"width\":2016,\"height\":1152},{\"@type\":\"BreadcrumbList\",\"@id\":\"https:\/\/www.daysofwonder.com\/de\/contact\/#breadcrumb\",\"itemListElement\":[{\"@type\":\"ListItem\",\"position\":1,\"name\":\"Home\",\"item\":\"https:\/\/www.daysofwonder.com\/de\/\"},{\"@type\":\"ListItem\",\"position\":2,\"name\":\"Kontakt\"}]},{\"@type\":\"WebSite\",\"@id\":\"https:\/\/www.daysofwonder.com\/#website\",\"url\":\"https:\/\/www.daysofwonder.com\/\",\"name\":\"Days of Wonder: Play different.\u2122\",\"description\":\"Days of Wonder\u00ae entwickelt und produziert Spiele unter dem Motto \u201ePlay different.\u2122\u201c (\u201eAnders spielen\u201c).\",\"publisher\":{\"@id\":\"https:\/\/www.daysofwonder.com\/#organization\"},\"potentialAction\":[{\"@type\":\"SearchAction\",\"target\":{\"@type\":\"EntryPoint\",\"urlTemplate\":\"https:\/\/www.daysofwonder.com\/?s={search_term_string}\"},\"query-input\":\"required name=search_term_string\"}],\"inLanguage\":\"de-DE\"},{\"@type\":\"Organization\",\"@id\":\"https:\/\/www.daysofwonder.com\/#organization\",\"name\":\"Days of Wonder: Play different.\u2122\",\"url\":\"https:\/\/www.daysofwonder.com\/\",\"logo\":{\"@type\":\"ImageObject\",\"inLanguage\":\"de-DE\",\"@id\":\"https:\/\/www.daysofwonder.com\/#\/schema\/logo\/image\/\",\"url\":\"https:\/\/cdn.svc.asmodee.net\/production-daysofwonder\/uploads\/image-converter\/2024\/07\/Days_of_Wonder.webp\",\"contentUrl\":\"https:\/\/cdn.svc.asmodee.net\/production-daysofwonder\/uploads\/image-converter\/2024\/07\/Days_of_Wonder.webp\",\"width\":439,\"height\":227,\"caption\":\"Days of Wonder: Play different.\u2122\"},\"image\":{\"@id\":\"https:\/\/www.daysofwonder.com\/#\/schema\/logo\/image\/\"}}]}<\/script>\n<!-- \/ Yoast SEO Premium plugin. -->","yoast_head_json":{"title":"Kontakt - Days of Wonder: Play different.\u2122","robots":{"index":"index","follow":"follow","max-snippet":"max-snippet:-1","max-image-preview":"max-image-preview:large","max-video-preview":"max-video-preview:-1"},"canonical":"https:\/\/www.daysofwonder.com\/de\/contact\/","og_locale":"de_DE","og_type":"article","og_title":"Kontakt","og_description":"Kundenbetreuung F\u00fcr Wiederverk\u00e4ufer. Wir sind in mehr als 40 L\u00e4ndern vertreten. Um den Vertriebspartner f\u00fcr Ihre Region zu finden, klicken Sie bitte auf die Liste der Vertriebspartner Wenn Sie Designer sind, f\u00fcllen Sie bitte dieses Formular aus.","og_url":"https:\/\/www.daysofwonder.com\/de\/contact\/","og_site_name":"Days of Wonder: Play different.\u2122","article_modified_time":"2025-11-07T09:12:09+00:00","og_image":[{"width":1024,"height":585,"url":"https:\/\/cdn.svc.asmodee.net\/production-daysofwonder\/uploads\/image-converter\/2024\/06\/Studio-Placeholder-1024x585.png","type":"image\/png"}],"twitter_card":"summary_large_image","twitter_misc":{"Est. reading time":"1 Minute"},"schema":{"@context":"https:\/\/schema.org","@graph":[{"@type":"WebPage","@id":"https:\/\/www.daysofwonder.com\/de\/contact\/","url":"https:\/\/www.daysofwonder.com\/de\/contact\/","name":"Kontakt - Days of Wonder: Play different.\u2122","isPartOf":{"@id":"https:\/\/www.daysofwonder.com\/#website"},"primaryImageOfPage":{"@id":"https:\/\/www.daysofwonder.com\/de\/contact\/#primaryimage"},"image":{"@id":"https:\/\/www.daysofwonder.com\/de\/contact\/#primaryimage"},"thumbnailUrl":"https:\/\/cdn.svc.asmodee.net\/production-daysofwonder\/uploads\/image-converter\/2024\/06\/Studio-Placeholder.webp","datePublished":"2024-07-03T14:29:19+00:00","dateModified":"2025-11-07T09:12:09+00:00","breadcrumb":{"@id":"https:\/\/www.daysofwonder.com\/de\/contact\/#breadcrumb"},"inLanguage":"de-DE","potentialAction":[{"@type":"ReadAction","target":["https:\/\/www.daysofwonder.com\/de\/contact\/"]}]},{"@type":"ImageObject","inLanguage":"de-DE","@id":"https:\/\/www.daysofwonder.com\/de\/contact\/#primaryimage","url":"https:\/\/cdn.svc.asmodee.net\/production-daysofwonder\/uploads\/image-converter\/2024\/06\/Studio-Placeholder.webp","contentUrl":"https:\/\/cdn.svc.asmodee.net\/production-daysofwonder\/uploads\/image-converter\/2024\/06\/Studio-Placeholder.webp","width":2016,"height":1152},{"@type":"BreadcrumbList","@id":"https:\/\/www.daysofwonder.com\/de\/contact\/#breadcrumb","itemListElement":[{"@type":"ListItem","position":1,"name":"Home","item":"https:\/\/www.daysofwonder.com\/de\/"},{"@type":"ListItem","position":2,"name":"Kontakt"}]},{"@type":"WebSite","@id":"https:\/\/www.daysofwonder.com\/#website","url":"https:\/\/www.daysofwonder.com\/","name":"Days of Wonder: Play different.\u2122","description":"Days of Wonder\u00ae entwickelt und produziert Spiele unter dem Motto \u201ePlay different.\u2122\u201c (\u201eAnders spielen\u201c).","publisher":{"@id":"https:\/\/www.daysofwonder.com\/#organization"},"potentialAction":[{"@type":"SearchAction","target":{"@type":"EntryPoint","urlTemplate":"https:\/\/www.daysofwonder.com\/?s={search_term_string}"},"query-input":"required name=search_term_string"}],"inLanguage":"de-DE"},{"@type":"Organization","@id":"https:\/\/www.daysofwonder.com\/#organization","name":"Days of Wonder: Play different.\u2122","url":"https:\/\/www.daysofwonder.com\/","logo":{"@type":"ImageObject","inLanguage":"de-DE","@id":"https:\/\/www.daysofwonder.com\/#\/schema\/logo\/image\/","url":"https:\/\/cdn.svc.asmodee.net\/production-daysofwonder\/uploads\/image-converter\/2024\/07\/Days_of_Wonder.webp","contentUrl":"https:\/\/cdn.svc.asmodee.net\/production-daysofwonder\/uploads\/image-converter\/2024\/07\/Days_of_Wonder.webp","width":439,"height":227,"caption":"Days of Wonder: Play different.\u2122"},"image":{"@id":"https:\/\/www.daysofwonder.com\/#\/schema\/logo\/image\/"}}]}},"_links":{"self":[{"href":"https:\/\/www.daysofwonder.com\/de\/wp-json\/wp\/v2\/pages\/7249"}],"collection":[{"href":"https:\/\/www.daysofwonder.com\/de\/wp-json\/wp\/v2\/pages"}],"about":[{"href":"https:\/\/www.daysofwonder.com\/de\/wp-json\/wp\/v2\/types\/page"}],"author":[{"embeddable":true,"href":"https:\/\/www.daysofwonder.com\/de\/wp-json\/wp\/v2\/users\/1"}],"replies":[{"embeddable":true,"href":"https:\/\/www.daysofwonder.com\/de\/wp-json\/wp\/v2\/comments?post=7249"}],"version-history":[{"count":5,"href":"https:\/\/www.daysofwonder.com\/de\/wp-json\/wp\/v2\/pages\/7249\/revisions"}],"predecessor-version":[{"id":13767,"href":"https:\/\/www.daysofwonder.com\/de\/wp-json\/wp\/v2\/pages\/7249\/revisions\/13767"}],"wp:featuredmedia":[{"embeddable":true,"href":"https:\/\/www.daysofwonder.com\/de\/wp-json\/wp\/v2\/media\/7250"}],"wp:attachment":[{"href":"https:\/\/www.daysofwonder.com\/de\/wp-json\/wp\/v2\/media?parent=7249"}],"curies":[{"name":"wp","href":"https:\/\/api.w.org\/{rel}","templated":true}]}}