{"id":7251,"date":"2024-06-27T15:07:04","date_gmt":"2024-06-27T15:07:04","guid":{"rendered":"https:\/\/www.daysofwonder.com\/homepage-fullscreen\/"},"modified":"2025-08-27T08:28:03","modified_gmt":"2025-08-27T08:28:03","slug":"homepage-fullscreen","status":"publish","type":"page","link":"https:\/\/www.daysofwonder.com\/de\/","title":{"rendered":"Homepage Fullscreen"},"content":{"rendered":"<div class=\"lazyblock-hero-slider-1PICFx wp-block-lazyblock-hero-slider\">\n\n<section class=\"creative-fullpage--slider full-width-content mb-5\" style=\"--overlay-opacity: 60%;\">\n    <div class=\"banner-horizental\">\n        <div class=\"swiper swiper-container-h\">\n            <div class=\"swiper-wrapper\">\n                                <div class=\"swiper-slide\">\n                    <div class=\"slider-inner\" data-swiper-parallax=\"100\">\n                                                <video autoplay=\"\" loop=\"\" muted=\"\" playsinline=\"\">\n                            <source src=\"https:\/\/cdn.svc.asmodee.net\/production-daysofwonder\/uploads\/2024\/07\/07181.mp4\" type=\"video\/mp4\">\n                        <\/video>\n                                                <div class=\"swiper-content\" data-swiper-parallax=\"2000\">\n                            <div class=\"title-area\">\n                                                                <p class=\"tag\">WILLKOMMEN BEI<\/p>\n                                                                <a href=\"#\" class=\"title\"> DAYS OF WONDER <\/a>\n                                                            <\/div>\n                                                        <p class=\"disc\">\n                                Wir verlegen familienorientierte Brettspiele von bester Qualit\u00e4t sowie Online-Spiele, die leicht zu erlernen sind und Spa\u00df machen.                            <\/p>\n                                                                                <\/div>\n                    <\/div>\n                <\/div>\n                                <div class=\"swiper-slide\">\n                    <div class=\"slider-inner\" data-swiper-parallax=\"100\">\n                                                <video autoplay=\"\" loop=\"\" muted=\"\" playsinline=\"\">\n                            <source src=\"https:\/\/cdn.svc.asmodee.net\/production-daysofwonder\/uploads\/2025\/08\/BattleofHoth_starwars_spiel_video.mp4\" type=\"video\/mp4\">\n                        <\/video>\n                                                <div class=\"swiper-content\" data-swiper-parallax=\"2000\">\n                            <div class=\"title-area\">\n                                                                <p class=\"tag\">Entdecken Sie<\/p>\n                                                                <a href=\"#\" class=\"title\"> Battle of Hoth <\/a>\n                                                            <\/div>\n                                                        <p class=\"disc\">\n                                Das Miniatur-Brettspiel in der Star-Wars\u2122-Galaxie! \u00dcbernimm das Kommando! F\u00fchre das Imperium oder die Rebellenallianz in diesem schnellen Brettspiel.                             <\/p>\n                                                                                    <a class=\"button elementor-button\" href=\"https:\/\/www.daysofwonder.com\/de\/universum\/battleofhoth-de\/\">\n                                <span>Entdecken Sie<\/span>\n                            <\/a>\n                                                    <\/div>\n                    <\/div>\n                <\/div>\n                                <div class=\"swiper-slide\">\n                    <div class=\"slider-inner\" data-swiper-parallax=\"100\">\n                                                <img decoding=\"async\" src=\"https:\/\/cdn.svc.asmodee.net\/production-daysofwonder\/uploads\/image-converter\/2024\/08\/Les-jeux_6269\u00a9Laetizia-Bazzoni.webp\" alt=\"full_screen-image\">\n                                                <div class=\"swiper-content\" data-swiper-parallax=\"2000\">\n                            <div class=\"title-area\">\n                                                                <a href=\"#\" class=\"title\"> \u00dcBER DAYS OF WONDER <\/a>\n                                                            <\/div>\n                                                        <p class=\"disc\">\n                                Days of Wonder\u00ae entwickelt und produziert Spiele unter dem Motto \u201ePlay different.\u2122\u201c (\u201eAnders spielen\u201c)                            <\/p>\n                                                                                    <a class=\"button elementor-button\" href=\"\/de\/about-us\/\">\n                                <span>Mehr entdecken<\/span>\n                            <\/a>\n                                                    <\/div>\n                    <\/div>\n                <\/div>\n                                <div class=\"swiper-slide\">\n                    <div class=\"slider-inner\" data-swiper-parallax=\"100\">\n                                                <img decoding=\"async\" src=\"https:\/\/cdn.svc.asmodee.net\/production-daysofwonder\/uploads\/image-converter\/2024\/06\/TTR.webp\" alt=\"full_screen-image\">\n                                                <div class=\"swiper-content\" data-swiper-parallax=\"2000\">\n                            <div class=\"title-area\">\n                                                                <p class=\"tag\">Entdecken Sie<\/p>\n                                                                <a href=\"#\" class=\"title\"> Zug um Zug <\/a>\n                                                            <\/div>\n                                                        <p class=\"disc\">\n                                Begib dich auf ein einzigartiges Eisenbahnabenteuer: Verbinde St\u00e4dte in den USA, Europa und dar\u00fcber hinaus! Erreichen Sie Ihre Ziele und behalten Sie die Bahnen Ihrer Gegner im Auge! Alles einsteigen!                            <\/p>\n                                                                                    <a class=\"button elementor-button\" href=\"\/de\/universe\/ticket-to-ride\/\">\n                                <span>Entdecken Sie<\/span>\n                            <\/a>\n                                                    <\/div>\n                    <\/div>\n                <\/div>\n                                <div class=\"swiper-slide\">\n                    <div class=\"slider-inner\" data-swiper-parallax=\"100\">\n                                                <img decoding=\"async\" src=\"https:\/\/cdn.svc.asmodee.net\/production-daysofwonder\/uploads\/image-converter\/2024\/06\/Heat-Cover-1.webp\" alt=\"full_screen-image\">\n                                                <div class=\"swiper-content\" data-swiper-parallax=\"2000\">\n                            <div class=\"title-area\">\n                                                                <p class=\"tag\">Entdecken Sie<\/p>\n                                                                <a href=\"#\" class=\"title\"> Heat <\/a>\n                                                            <\/div>\n                                                        <p class=\"disc\">\n                                Der Countdown startet, die Motoren heulen auf und schon rasen die Wagen los. Der Grand Prix hat begonnen. Staub weht dir entgegen, als du in die erste Kurve einf\u00e4hrst. Du holst alles aus deiner Maschine raus und ger\u00e4tst fast ins Schleudern. Aber mit festem Griff am Lenkrad saust du durch den Scheitel der Kurve, immer noch in F\u00fchrung. An dir kommt so schnell keiner vorbei!                            <\/p>\n                                                                                    <a class=\"button elementor-button\" href=\"\/de\/universe\/heat\/\">\n                                <span>Entdecken Sie<\/span>\n                            <\/a>\n                                                    <\/div>\n                    <\/div>\n                <\/div>\n                                <div class=\"swiper-slide\">\n                    <div class=\"slider-inner\" data-swiper-parallax=\"100\">\n                                                <img decoding=\"async\" src=\"https:\/\/cdn.svc.asmodee.net\/production-daysofwonder\/uploads\/image-converter\/2024\/07\/JPEG-300-DPI-79x1-SW-cover-scaled6.webp\" alt=\"full_screen-image\">\n                                                <div class=\"swiper-content\" data-swiper-parallax=\"2000\">\n                            <div class=\"title-area\">\n                                                                <p class=\"tag\">Entdecken Sie<\/p>\n                                                                <a href=\"#\" class=\"title\"> Small World <\/a>\n                                                            <\/div>\n                                                        <p class=\"disc\">\n                                In Small World konkurrieren zwei bis f\u00fcnf Spieler um Eroberungen und die Vorherrschaft auf dem Brett, denn der zur Verf\u00fcgung stehende Platz reicht einfach nicht f\u00fcr alle!                            <\/p>\n                                                                                    <a class=\"button elementor-button\" href=\"\/de\/universe\/small-world\/\">\n                                <span>Mehr entdecken<\/span>\n                            <\/a>\n                                                    <\/div>\n                    <\/div>\n                <\/div>\n                \n            <\/div>\n                        <div class=\"swiper-button-wrapper creative-button--wrapper\">\n                <div class=\"swiper-button-next\" tabindex=\"0\" role=\"button\" aria-label=\"Next slide\">\n\n                <\/div>\n                <div class=\"swiper-button-prev\" tabindex=\"0\" role=\"button\" aria-label=\"Previous slide\">\n\n                <\/div>\n            <\/div>\n                        <div class=\"slider-pagination-area\">\n\n                <div class=\"swiper-pagination swiper-pagination-progressbar swiper-pagination-horizontal\"><span\n                        class=\"swiper-pagination-progressbar-fill\"\n                        style=\"transform: translate3d(0px, 0px, 0px) scaleX(0.666667) scaleY(1); transition-duration: 1500ms;\"><\/span>\n                <\/div>\n\n            <\/div>\n        <\/div>\n    <\/div>\n<\/section>\n\n<script>\nvar swiper = new Swiper(\".swiper-container-h\", {\n    direction: \"horizontal\",\n    effect: \"slide\",\n        autoplay: {\n        delay: 3600,\n        disableOnInteraction: true\n    },\n        parallax: true,\n    speed: 1600,\n    rtl: true,\n    loop: true,\n    loopFillGroupWithBlank: !0,\n\n        keyboard: {\n        enabled: true,\n        onlyInViewport: true\n    },\n    scrollbar: {\n        el: \".swiper-scrollbar\",\n        hide: false,\n        draggable: true\n    },\n\n    navigation: {\n        nextEl: \".swiper-button-next\",\n        prevEl: \".swiper-button-prev\",\n    },\n    pagination: {\n        el: \".swiper-pagination\",\n        type: \"progressbar\"\n    }\n});\nvar swiper = new Swiper(\".swiper-container-h1\", {\n    direction: \"horizontal\",\n    effect: \"slide\",\n    autoplay: false,\n    parallax: true,\n    speed: 1600,\n    rtl: true,\n    loop: true,\n    loopFillGroupWithBlank: !0,\n    keyboard: {\n        enabled: true,\n        onlyInViewport: true\n    },\n    scrollbar: {\n        el: \".swiper-scrollbar\",\n        hide: false,\n        draggable: true\n    },\n    navigation: {\n        nextEl: \".swiper-button-next\",\n        prevEl: \".swiper-button-prev\",\n    },\n    pagination: {\n        el: \".swiper-pagination\",\n        type: \"bullets\",\n        clickable: \"true\"\n    }\n});\n<\/script>\n<\/div>\n\n\n<div class=\"wp-block-columns is-layout-flex wp-container-core-columns-layout-1 wp-block-columns-is-layout-flex\">\n<div class=\"wp-block-column is-layout-flow wp-block-column-is-layout-flow\" style=\"flex-basis:33.33%\">\n<figure class=\"wp-block-image size-full\"><img loading=\"lazy\" decoding=\"async\" width=\"1000\" height=\"751\" src=\"https:\/\/cdn.svc.asmodee.net\/production-daysofwonder\/uploads\/2025\/03\/homepage-2.png\" alt=\"\" class=\"wp-image-9820\" srcset=\"https:\/\/cdn.svc.asmodee.net\/production-daysofwonder\/uploads\/image-converter\/2025\/03\/homepage-2.webp 1000w, https:\/\/cdn.svc.asmodee.net\/production-daysofwonder\/uploads\/image-converter\/2025\/03\/homepage-2-300x225.webp 300w, https:\/\/cdn.svc.asmodee.net\/production-daysofwonder\/uploads\/image-converter\/2025\/03\/homepage-2-768x577.webp 768w\" sizes=\"(max-width: 1000px) 100vw, 1000px\" \/><\/figure>\n<\/div>\n\n\n\n<div class=\"wp-block-column is-layout-flow wp-block-column-is-layout-flow\" style=\"flex-basis:66.66%\">\n<h2 class=\"wp-block-heading\" id=\"h-wir-verlegen-familienorientierte-brettspiele-von-bester-qualitat-sowie-online-spiele-die-leicht-zu-erlernen-sind-und-spass-machen\">Wir verlegen familienorientierte Brettspiele von bester Qualit\u00e4t sowie Online-Spiele, die leicht zu erlernen sind und Spa\u00df machen.<\/h2>\n<\/div>\n<\/div>\n","protected":false},"excerpt":{"rendered":"<p>Wir verlegen familienorientierte Brettspiele von bester Qualit\u00e4t sowie Online-Spiele, die leicht zu erlernen sind und Spa\u00df machen.<\/p>\n","protected":false},"author":1,"featured_media":0,"parent":0,"menu_order":0,"comment_status":"closed","ping_status":"closed","template":"","meta":{"_acf_changed":false,"footnotes":""},"acf":[],"yoast_head":"<!-- This site is optimized with the Yoast SEO Premium plugin v22.3 (Yoast SEO v22.9) - https:\/\/yoast.com\/wordpress\/plugins\/seo\/ -->\n<title>Homepage Fullscreen - Days of Wonder: Play different.\u2122<\/title>\n<meta name=\"robots\" content=\"index, follow, max-snippet:-1, max-image-preview:large, max-video-preview:-1\" \/>\n<link rel=\"canonical\" href=\"https:\/\/www.daysofwonder.com\/de\/\" \/>\n<meta property=\"og:locale\" content=\"de_DE\" \/>\n<meta property=\"og:type\" content=\"article\" \/>\n<meta property=\"og:title\" content=\"Homepage Fullscreen\" \/>\n<meta property=\"og:description\" content=\"Wir verlegen familienorientierte Brettspiele von bester Qualit\u00e4t sowie Online-Spiele, die leicht zu erlernen sind und Spa\u00df machen.\" \/>\n<meta property=\"og:url\" content=\"https:\/\/www.daysofwonder.com\/de\/\" \/>\n<meta property=\"og:site_name\" content=\"Days of Wonder: Play different.\u2122\" \/>\n<meta property=\"article:modified_time\" content=\"2025-08-27T08:28:03+00:00\" \/>\n<meta property=\"og:image\" content=\"https:\/\/cdn.svc.asmodee.net\/production-daysofwonder\/uploads\/2025\/03\/homepage-2.png\" \/>\n<meta name=\"twitter:card\" content=\"summary_large_image\" \/>\n<meta name=\"twitter:label1\" content=\"Est. reading time\" \/>\n\t<meta name=\"twitter:data1\" content=\"1 Minute\" \/>\n<script type=\"application\/ld+json\" class=\"yoast-schema-graph\">{\"@context\":\"https:\/\/schema.org\",\"@graph\":[{\"@type\":\"WebPage\",\"@id\":\"https:\/\/www.daysofwonder.com\/de\/\",\"url\":\"https:\/\/www.daysofwonder.com\/de\/\",\"name\":\"Homepage Fullscreen - Days of Wonder: Play different.\u2122\",\"isPartOf\":{\"@id\":\"https:\/\/www.daysofwonder.com\/#website\"},\"primaryImageOfPage\":{\"@id\":\"https:\/\/www.daysofwonder.com\/de\/#primaryimage\"},\"image\":{\"@id\":\"https:\/\/www.daysofwonder.com\/de\/#primaryimage\"},\"thumbnailUrl\":\"https:\/\/cdn.svc.asmodee.net\/production-daysofwonder\/uploads\/2025\/03\/homepage-2.png\",\"datePublished\":\"2024-06-27T15:07:04+00:00\",\"dateModified\":\"2025-08-27T08:28:03+00:00\",\"breadcrumb\":{\"@id\":\"https:\/\/www.daysofwonder.com\/de\/#breadcrumb\"},\"inLanguage\":\"de-DE\",\"potentialAction\":[{\"@type\":\"ReadAction\",\"target\":[\"https:\/\/www.daysofwonder.com\/de\/\"]}]},{\"@type\":\"ImageObject\",\"inLanguage\":\"de-DE\",\"@id\":\"https:\/\/www.daysofwonder.com\/de\/#primaryimage\",\"url\":\"https:\/\/cdn.svc.asmodee.net\/production-daysofwonder\/uploads\/2025\/03\/homepage-2.png\",\"contentUrl\":\"https:\/\/cdn.svc.asmodee.net\/production-daysofwonder\/uploads\/2025\/03\/homepage-2.png\"},{\"@type\":\"BreadcrumbList\",\"@id\":\"https:\/\/www.daysofwonder.com\/de\/#breadcrumb\",\"itemListElement\":[{\"@type\":\"ListItem\",\"position\":1,\"name\":\"Home\",\"item\":\"https:\/\/www.daysofwonder.com\/de\/\"},{\"@type\":\"ListItem\",\"position\":2,\"name\":\"Homepage Fullscreen\"}]},{\"@type\":\"WebSite\",\"@id\":\"https:\/\/www.daysofwonder.com\/#website\",\"url\":\"https:\/\/www.daysofwonder.com\/\",\"name\":\"Days of Wonder: Play different.\u2122\",\"description\":\"Days of Wonder\u00ae entwickelt und produziert Spiele unter dem Motto \u201ePlay different.\u2122\u201c (\u201eAnders spielen\u201c).\",\"publisher\":{\"@id\":\"https:\/\/www.daysofwonder.com\/#organization\"},\"potentialAction\":[{\"@type\":\"SearchAction\",\"target\":{\"@type\":\"EntryPoint\",\"urlTemplate\":\"https:\/\/www.daysofwonder.com\/?s={search_term_string}\"},\"query-input\":\"required name=search_term_string\"}],\"inLanguage\":\"de-DE\"},{\"@type\":\"Organization\",\"@id\":\"https:\/\/www.daysofwonder.com\/#organization\",\"name\":\"Days of Wonder: Play different.\u2122\",\"url\":\"https:\/\/www.daysofwonder.com\/\",\"logo\":{\"@type\":\"ImageObject\",\"inLanguage\":\"de-DE\",\"@id\":\"https:\/\/www.daysofwonder.com\/#\/schema\/logo\/image\/\",\"url\":\"https:\/\/cdn.svc.asmodee.net\/production-daysofwonder\/uploads\/image-converter\/2024\/07\/Days_of_Wonder.webp\",\"contentUrl\":\"https:\/\/cdn.svc.asmodee.net\/production-daysofwonder\/uploads\/image-converter\/2024\/07\/Days_of_Wonder.webp\",\"width\":439,\"height\":227,\"caption\":\"Days of Wonder: Play different.\u2122\"},\"image\":{\"@id\":\"https:\/\/www.daysofwonder.com\/#\/schema\/logo\/image\/\"}}]}<\/script>\n<!-- \/ Yoast SEO Premium plugin. -->","yoast_head_json":{"title":"Homepage Fullscreen - Days of Wonder: Play different.\u2122","robots":{"index":"index","follow":"follow","max-snippet":"max-snippet:-1","max-image-preview":"max-image-preview:large","max-video-preview":"max-video-preview:-1"},"canonical":"https:\/\/www.daysofwonder.com\/de\/","og_locale":"de_DE","og_type":"article","og_title":"Homepage Fullscreen","og_description":"Wir verlegen familienorientierte Brettspiele von bester Qualit\u00e4t sowie Online-Spiele, die leicht zu erlernen sind und Spa\u00df machen.","og_url":"https:\/\/www.daysofwonder.com\/de\/","og_site_name":"Days of Wonder: Play different.\u2122","article_modified_time":"2025-08-27T08:28:03+00:00","og_image":[{"url":"https:\/\/cdn.svc.asmodee.net\/production-daysofwonder\/uploads\/2025\/03\/homepage-2.png"}],"twitter_card":"summary_large_image","twitter_misc":{"Est. reading time":"1 Minute"},"schema":{"@context":"https:\/\/schema.org","@graph":[{"@type":"WebPage","@id":"https:\/\/www.daysofwonder.com\/de\/","url":"https:\/\/www.daysofwonder.com\/de\/","name":"Homepage Fullscreen - Days of Wonder: Play different.\u2122","isPartOf":{"@id":"https:\/\/www.daysofwonder.com\/#website"},"primaryImageOfPage":{"@id":"https:\/\/www.daysofwonder.com\/de\/#primaryimage"},"image":{"@id":"https:\/\/www.daysofwonder.com\/de\/#primaryimage"},"thumbnailUrl":"https:\/\/cdn.svc.asmodee.net\/production-daysofwonder\/uploads\/2025\/03\/homepage-2.png","datePublished":"2024-06-27T15:07:04+00:00","dateModified":"2025-08-27T08:28:03+00:00","breadcrumb":{"@id":"https:\/\/www.daysofwonder.com\/de\/#breadcrumb"},"inLanguage":"de-DE","potentialAction":[{"@type":"ReadAction","target":["https:\/\/www.daysofwonder.com\/de\/"]}]},{"@type":"ImageObject","inLanguage":"de-DE","@id":"https:\/\/www.daysofwonder.com\/de\/#primaryimage","url":"https:\/\/cdn.svc.asmodee.net\/production-daysofwonder\/uploads\/2025\/03\/homepage-2.png","contentUrl":"https:\/\/cdn.svc.asmodee.net\/production-daysofwonder\/uploads\/2025\/03\/homepage-2.png"},{"@type":"BreadcrumbList","@id":"https:\/\/www.daysofwonder.com\/de\/#breadcrumb","itemListElement":[{"@type":"ListItem","position":1,"name":"Home","item":"https:\/\/www.daysofwonder.com\/de\/"},{"@type":"ListItem","position":2,"name":"Homepage Fullscreen"}]},{"@type":"WebSite","@id":"https:\/\/www.daysofwonder.com\/#website","url":"https:\/\/www.daysofwonder.com\/","name":"Days of Wonder: Play different.\u2122","description":"Days of Wonder\u00ae entwickelt und produziert Spiele unter dem Motto \u201ePlay different.\u2122\u201c (\u201eAnders spielen\u201c).","publisher":{"@id":"https:\/\/www.daysofwonder.com\/#organization"},"potentialAction":[{"@type":"SearchAction","target":{"@type":"EntryPoint","urlTemplate":"https:\/\/www.daysofwonder.com\/?s={search_term_string}"},"query-input":"required name=search_term_string"}],"inLanguage":"de-DE"},{"@type":"Organization","@id":"https:\/\/www.daysofwonder.com\/#organization","name":"Days of Wonder: Play different.\u2122","url":"https:\/\/www.daysofwonder.com\/","logo":{"@type":"ImageObject","inLanguage":"de-DE","@id":"https:\/\/www.daysofwonder.com\/#\/schema\/logo\/image\/","url":"https:\/\/cdn.svc.asmodee.net\/production-daysofwonder\/uploads\/image-converter\/2024\/07\/Days_of_Wonder.webp","contentUrl":"https:\/\/cdn.svc.asmodee.net\/production-daysofwonder\/uploads\/image-converter\/2024\/07\/Days_of_Wonder.webp","width":439,"height":227,"caption":"Days of Wonder: Play different.\u2122"},"image":{"@id":"https:\/\/www.daysofwonder.com\/#\/schema\/logo\/image\/"}}]}},"_links":{"self":[{"href":"https:\/\/www.daysofwonder.com\/de\/wp-json\/wp\/v2\/pages\/7251"}],"collection":[{"href":"https:\/\/www.daysofwonder.com\/de\/wp-json\/wp\/v2\/pages"}],"about":[{"href":"https:\/\/www.daysofwonder.com\/de\/wp-json\/wp\/v2\/types\/page"}],"author":[{"embeddable":true,"href":"https:\/\/www.daysofwonder.com\/de\/wp-json\/wp\/v2\/users\/1"}],"replies":[{"embeddable":true,"href":"https:\/\/www.daysofwonder.com\/de\/wp-json\/wp\/v2\/comments?post=7251"}],"version-history":[{"count":7,"href":"https:\/\/www.daysofwonder.com\/de\/wp-json\/wp\/v2\/pages\/7251\/revisions"}],"predecessor-version":[{"id":12278,"href":"https:\/\/www.daysofwonder.com\/de\/wp-json\/wp\/v2\/pages\/7251\/revisions\/12278"}],"wp:attachment":[{"href":"https:\/\/www.daysofwonder.com\/de\/wp-json\/wp\/v2\/media?parent=7251"}],"curies":[{"name":"wp","href":"https:\/\/api.w.org\/{rel}","templated":true}]}}