{"id":4698,"date":"2024-06-27T15:07:04","date_gmt":"2024-06-27T15:07:04","guid":{"rendered":"https:\/\/www.daysofwonder.com\/page-daccueil-plein-ecran\/"},"modified":"2025-08-27T08:28:56","modified_gmt":"2025-08-27T08:28:56","slug":"page-daccueil-plein-ecran","status":"publish","type":"page","link":"https:\/\/www.daysofwonder.com\/fr\/","title":{"rendered":"Page d&rsquo;accueil Plein \u00e9cran"},"content":{"rendered":"<div class=\"lazyblock-hero-slider-1PICFx wp-block-lazyblock-hero-slider\">\n\n<section class=\"creative-fullpage--slider full-width-content mb-5\" style=\"--overlay-opacity: 60%;\">\n    <div class=\"banner-horizental\">\n        <div class=\"swiper swiper-container-h\">\n            <div class=\"swiper-wrapper\">\n                                <div class=\"swiper-slide\">\n                    <div class=\"slider-inner\" data-swiper-parallax=\"100\">\n                                                <video autoplay=\"\" loop=\"\" muted=\"\" playsinline=\"\">\n                            <source src=\"https:\/\/cdn.svc.asmodee.net\/production-daysofwonder\/uploads\/2024\/07\/07181.mp4\" type=\"video\/mp4\">\n                        <\/video>\n                                                <div class=\"swiper-content\" data-swiper-parallax=\"2000\">\n                            <div class=\"title-area\">\n                                                                <p class=\"tag\">BIENVENUE CHEZ<\/p>\n                                                                <a href=\"#\" class=\"title\"> DAYS OF WONDER <\/a>\n                                                            <\/div>\n                                                        <p class=\"disc\">\n                                Notre entreprise est une maison d\u2019\u00e9dition qui publie des jeux de soci\u00e9t\u00e9 de grande qualit\u00e9, orient\u00e9s vers un public familial, qui sont faciles \u00e0 apprendre et amusants \u00e0 jouer.                            <\/p>\n                                                                                <\/div>\n                    <\/div>\n                <\/div>\n                                <div class=\"swiper-slide\">\n                    <div class=\"slider-inner\" data-swiper-parallax=\"100\">\n                                                <video autoplay=\"\" loop=\"\" muted=\"\" playsinline=\"\">\n                            <source src=\"https:\/\/cdn.svc.asmodee.net\/production-daysofwonder\/uploads\/2025\/08\/BattleOfHoth_starwars-jeudesociete-video.mp4\" type=\"video\/mp4\">\n                        <\/video>\n                                                <div class=\"swiper-content\" data-swiper-parallax=\"2000\">\n                            <div class=\"title-area\">\n                                                                <p class=\"tag\">D\u00e9couvrez<\/p>\n                                                                <a href=\"#\" class=\"title\"> La Bataille de Hoth  <\/a>\n                                                            <\/div>\n                                                        <p class=\"disc\">\n                                STAR WARS: La Bataille de Hoth, un jeu de strat\u00e9gie et de figurines rapide et accessible, dans lequel vous pourrez choisir d&rsquo;incarner l&rsquo;implacable arm\u00e9e imp\u00e9riale ou les courageuses forces rebelles.                            <\/p>\n                                                                                    <a class=\"button elementor-button\" href=\"https:\/\/www.daysofwonder.com\/fr\/univers\/labatailledehoth\/\">\n                                <span>Voir plus<\/span>\n                            <\/a>\n                                                    <\/div>\n                    <\/div>\n                <\/div>\n                                <div class=\"swiper-slide\">\n                    <div class=\"slider-inner\" data-swiper-parallax=\"100\">\n                                                <img decoding=\"async\" src=\"https:\/\/cdn.svc.asmodee.net\/production-daysofwonder\/uploads\/image-converter\/2024\/08\/Les-jeux_6269\u00a9Laetizia-Bazzoni.webp\" alt=\"full_screen-image\">\n                                                <div class=\"swiper-content\" data-swiper-parallax=\"2000\">\n                            <div class=\"title-area\">\n                                                                <a href=\"#\" class=\"title\"> \u00c0 Propos <\/a>\n                                                            <\/div>\n                                                        <p class=\"disc\">\n                                Days of Wonder\u00ae d\u00e9veloppe et \u00e9dite des jeux uniques en leur genre. Le slogan de la soci\u00e9t\u00e9, \u00ab Play different.\u2122 \u00bb (jouer autrement) refl\u00e8te sa vision de l&rsquo;\u00e9dition : Days of Wonder limite sa production                            <\/p>\n                                                                                    <a class=\"button elementor-button\" href=\"https:\/\/www.daysofwonder.com\/about-us\/\">\n                                <span>Voir plus<\/span>\n                            <\/a>\n                                                    <\/div>\n                    <\/div>\n                <\/div>\n                                <div class=\"swiper-slide\">\n                    <div class=\"slider-inner\" data-swiper-parallax=\"100\">\n                                                <img decoding=\"async\" src=\"https:\/\/cdn.svc.asmodee.net\/production-daysofwonder\/uploads\/image-converter\/2024\/06\/TTR.webp\" alt=\"full_screen-image\">\n                                                <div class=\"swiper-content\" data-swiper-parallax=\"2000\">\n                            <div class=\"title-area\">\n                                                                <p class=\"tag\">D\u00e9couvrez<\/p>\n                                                                <a href=\"#\" class=\"title\"> Les Aventuriers du Rail <\/a>\n                                                            <\/div>\n                                                        <p class=\"disc\">\n                                Lancez-vous dans une aventure unique : reliez des villes aux \u00c9tats-Unis, en Europe et au-del\u00e0 ! Atteignez vos objectifs et gardez un \u0153il sur les routes de vos adversaires ! En route !                            <\/p>\n                                                                                    <a class=\"button elementor-button\" href=\"https:\/\/www.daysofwonder.com\/universe\/ticket-to-ride\/\">\n                                <span>D\u00e9couvrez<\/span>\n                            <\/a>\n                                                    <\/div>\n                    <\/div>\n                <\/div>\n                                <div class=\"swiper-slide\">\n                    <div class=\"slider-inner\" data-swiper-parallax=\"100\">\n                                                <img decoding=\"async\" src=\"https:\/\/cdn.svc.asmodee.net\/production-daysofwonder\/uploads\/image-converter\/2024\/06\/Heat-Cover-1.webp\" alt=\"full_screen-image\">\n                                                <div class=\"swiper-content\" data-swiper-parallax=\"2000\">\n                            <div class=\"title-area\">\n                                                                <p class=\"tag\">D\u00e9couvrez<\/p>\n                                                                <a href=\"#\" class=\"title\"> Heat <\/a>\n                                                            <\/div>\n                                                        <p class=\"disc\">\n                                Le compte \u00e0 rebours commence et des rugissements profonds fendent l\u2019air lorsque les bolides s\u2019\u00e9lancent ; le Grand Prix est lanc\u00e9.                            <\/p>\n                                                                                    <a class=\"button elementor-button\" href=\"https:\/\/www.daysofwonder.com\/universe\/heat\/\">\n                                <span>D\u00e9couvrez<\/span>\n                            <\/a>\n                                                    <\/div>\n                    <\/div>\n                <\/div>\n                                <div class=\"swiper-slide\">\n                    <div class=\"slider-inner\" data-swiper-parallax=\"100\">\n                                                <img decoding=\"async\" src=\"https:\/\/cdn.svc.asmodee.net\/production-daysofwonder\/uploads\/image-converter\/2024\/07\/JPEG-300-DPI-79x1-SW-cover-scaled6.webp\" alt=\"full_screen-image\">\n                                                <div class=\"swiper-content\" data-swiper-parallax=\"2000\">\n                            <div class=\"title-area\">\n                                                                <p class=\"tag\">D\u00e9couvrez<\/p>\n                                                                <a href=\"#\" class=\"title\"> Small World <\/a>\n                                                            <\/div>\n                                                        <p class=\"disc\">\n                                Le jeu de civilisations fantastique et fantasque ! Dans Small World, les joueurs se disputent la conqu\u00eate et le contr\u00f4le d\u2019un monde tout simplement trop petit pour les accueillir tous.                            <\/p>\n                                                                                    <a class=\"button elementor-button\" href=\"https:\/\/www.daysofwonder.com\/universe\/small-world\/\">\n                                <span>Voir plus<\/span>\n                            <\/a>\n                                                    <\/div>\n                    <\/div>\n                <\/div>\n                                <div class=\"swiper-slide\">\n                    <div class=\"slider-inner\" data-swiper-parallax=\"100\">\n                                                <img decoding=\"async\" src=\"https:\/\/cdn.svc.asmodee.net\/production-daysofwonder\/uploads\/image-converter\/2024\/07\/CoverM44.webp\" alt=\"full_screen-image\">\n                                                <div class=\"swiper-content\" data-swiper-parallax=\"2000\">\n                            <div class=\"title-area\">\n                                                                <p class=\"tag\">D\u00e9couvrez<\/p>\n                                                                <a href=\"#\" class=\"title\"> M\u00e9moire 44 <\/a>\n                                                            <\/div>\n                                                        <p class=\"disc\">\n                                M\u00e9moire 44 est un jeu de soci\u00e9t\u00e9 destin\u00e9 \u00e0 transmettre aux jeunes g\u00e9n\u00e9rations la m\u00e9moire des \u00e9v\u00e8nements des d\u00e9barquements de 1944 et de la lib\u00e9ration de la France.                            <\/p>\n                                                                                    <a class=\"button elementor-button\" href=\"https:\/\/www.daysofwonder.com\/universe\/memoir-44\/\">\n                                <span>Voir plus<\/span>\n                            <\/a>\n                                                    <\/div>\n                    <\/div>\n                <\/div>\n                \n            <\/div>\n                        <div class=\"swiper-button-wrapper creative-button--wrapper\">\n                <div class=\"swiper-button-next\" tabindex=\"0\" role=\"button\" aria-label=\"Next slide\">\n\n                <\/div>\n                <div class=\"swiper-button-prev\" tabindex=\"0\" role=\"button\" aria-label=\"Previous slide\">\n\n                <\/div>\n            <\/div>\n                        <div class=\"slider-pagination-area\">\n\n                <div class=\"swiper-pagination swiper-pagination-progressbar swiper-pagination-horizontal\"><span\n                        class=\"swiper-pagination-progressbar-fill\"\n                        style=\"transform: translate3d(0px, 0px, 0px) scaleX(0.666667) scaleY(1); transition-duration: 1500ms;\"><\/span>\n                <\/div>\n\n            <\/div>\n        <\/div>\n    <\/div>\n<\/section>\n\n<script>\nvar swiper = new Swiper(\".swiper-container-h\", {\n    direction: \"horizontal\",\n    effect: \"slide\",\n        autoplay: {\n        delay: 3600,\n        disableOnInteraction: true\n    },\n        parallax: true,\n    speed: 1600,\n    rtl: true,\n    loop: true,\n    loopFillGroupWithBlank: !0,\n\n        keyboard: {\n        enabled: true,\n        onlyInViewport: true\n    },\n    scrollbar: {\n        el: \".swiper-scrollbar\",\n        hide: false,\n        draggable: true\n    },\n\n    navigation: {\n        nextEl: \".swiper-button-next\",\n        prevEl: \".swiper-button-prev\",\n    },\n    pagination: {\n        el: \".swiper-pagination\",\n        type: \"progressbar\"\n    }\n});\nvar swiper = new Swiper(\".swiper-container-h1\", {\n    direction: \"horizontal\",\n    effect: \"slide\",\n    autoplay: false,\n    parallax: true,\n    speed: 1600,\n    rtl: true,\n    loop: true,\n    loopFillGroupWithBlank: !0,\n    keyboard: {\n        enabled: true,\n        onlyInViewport: true\n    },\n    scrollbar: {\n        el: \".swiper-scrollbar\",\n        hide: false,\n        draggable: true\n    },\n    navigation: {\n        nextEl: \".swiper-button-next\",\n        prevEl: \".swiper-button-prev\",\n    },\n    pagination: {\n        el: \".swiper-pagination\",\n        type: \"bullets\",\n        clickable: \"true\"\n    }\n});\n<\/script>\n<\/div>\n\n\n<div class=\"wp-block-columns is-layout-flex wp-container-core-columns-layout-1 wp-block-columns-is-layout-flex\">\n<div class=\"wp-block-column is-layout-flow wp-block-column-is-layout-flow\" style=\"flex-basis:33.33%\">\n<figure class=\"wp-block-image size-full\"><img decoding=\"async\" src=\"https:\/\/cdn.svc.asmodee.net\/production-daysofwonder\/uploads\/2025\/03\/homepage-1.png\" alt=\"\" class=\"wp-image-9800\"\/><\/figure>\n<\/div>\n\n\n\n<div class=\"wp-block-column is-layout-flow wp-block-column-is-layout-flow\" style=\"flex-basis:66.66%\">\n<h2 class=\"wp-block-heading\" id=\"h-nous-editons-des-jeux-de-societe-de-grande-qualite-orientes-vers-un-public-familial-qui-sont-faciles-a-apprendre-et-amusants-a-jouer\">Nous \u00e9ditons des jeux de soci\u00e9t\u00e9 de grande qualit\u00e9, orient\u00e9s vers un public familial, qui sont faciles \u00e0 apprendre et amusants \u00e0 jouer !<\/h2>\n<\/div>\n<\/div>\n","protected":false},"excerpt":{"rendered":"<p>Nous \u00e9ditons des jeux de soci\u00e9t\u00e9 de grande qualit\u00e9, orient\u00e9s vers un public familial, qui sont faciles \u00e0 apprendre et amusants \u00e0 jouer !<\/p>\n","protected":false},"author":1,"featured_media":0,"parent":0,"menu_order":0,"comment_status":"closed","ping_status":"closed","template":"","meta":{"_acf_changed":false,"footnotes":""},"acf":[],"yoast_head":"<!-- This site is optimized with the Yoast SEO Premium plugin v22.3 (Yoast SEO v22.9) - https:\/\/yoast.com\/wordpress\/plugins\/seo\/ -->\n<title>Page d&#039;accueil Plein \u00e9cran - Days of Wonder: Play different.\u2122<\/title>\n<meta name=\"robots\" content=\"index, follow, max-snippet:-1, max-image-preview:large, max-video-preview:-1\" \/>\n<link rel=\"canonical\" href=\"https:\/\/www.daysofwonder.com\/fr\/\" \/>\n<meta property=\"og:locale\" content=\"fr_FR\" \/>\n<meta property=\"og:type\" content=\"article\" \/>\n<meta property=\"og:title\" content=\"Page d&#039;accueil Plein \u00e9cran\" \/>\n<meta property=\"og:description\" content=\"Nous \u00e9ditons des jeux de soci\u00e9t\u00e9 de grande qualit\u00e9, orient\u00e9s vers un public familial, qui sont faciles \u00e0 apprendre et amusants \u00e0 jouer !\" \/>\n<meta property=\"og:url\" content=\"https:\/\/www.daysofwonder.com\/fr\/\" \/>\n<meta property=\"og:site_name\" content=\"Days of Wonder: Play different.\u2122\" \/>\n<meta property=\"article:modified_time\" content=\"2025-08-27T08:28:56+00:00\" \/>\n<meta property=\"og:image\" content=\"https:\/\/cdn.svc.asmodee.net\/production-daysofwonder\/uploads\/2025\/03\/homepage-1.png\" \/>\n<meta name=\"twitter:card\" content=\"summary_large_image\" \/>\n<meta name=\"twitter:label1\" content=\"Est. reading time\" \/>\n\t<meta name=\"twitter:data1\" content=\"1 minute\" \/>\n<script type=\"application\/ld+json\" class=\"yoast-schema-graph\">{\"@context\":\"https:\/\/schema.org\",\"@graph\":[{\"@type\":\"WebPage\",\"@id\":\"https:\/\/www.daysofwonder.com\/fr\/\",\"url\":\"https:\/\/www.daysofwonder.com\/fr\/\",\"name\":\"Page d'accueil Plein \u00e9cran - Days of Wonder: Play different.\u2122\",\"isPartOf\":{\"@id\":\"https:\/\/www.daysofwonder.com\/#website\"},\"primaryImageOfPage\":{\"@id\":\"https:\/\/www.daysofwonder.com\/fr\/#primaryimage\"},\"image\":{\"@id\":\"https:\/\/www.daysofwonder.com\/fr\/#primaryimage\"},\"thumbnailUrl\":\"https:\/\/cdn.svc.asmodee.net\/production-daysofwonder\/uploads\/2025\/03\/homepage-1.png\",\"datePublished\":\"2024-06-27T15:07:04+00:00\",\"dateModified\":\"2025-08-27T08:28:56+00:00\",\"breadcrumb\":{\"@id\":\"https:\/\/www.daysofwonder.com\/fr\/#breadcrumb\"},\"inLanguage\":\"fr-FR\",\"potentialAction\":[{\"@type\":\"ReadAction\",\"target\":[\"https:\/\/www.daysofwonder.com\/fr\/\"]}]},{\"@type\":\"ImageObject\",\"inLanguage\":\"fr-FR\",\"@id\":\"https:\/\/www.daysofwonder.com\/fr\/#primaryimage\",\"url\":\"https:\/\/cdn.svc.asmodee.net\/production-daysofwonder\/uploads\/2025\/03\/homepage-1.png\",\"contentUrl\":\"https:\/\/cdn.svc.asmodee.net\/production-daysofwonder\/uploads\/2025\/03\/homepage-1.png\"},{\"@type\":\"BreadcrumbList\",\"@id\":\"https:\/\/www.daysofwonder.com\/fr\/#breadcrumb\",\"itemListElement\":[{\"@type\":\"ListItem\",\"position\":1,\"name\":\"Home\",\"item\":\"https:\/\/www.daysofwonder.com\/fr\/\"},{\"@type\":\"ListItem\",\"position\":2,\"name\":\"Page d&#8217;accueil Plein \u00e9cran\"}]},{\"@type\":\"WebSite\",\"@id\":\"https:\/\/www.daysofwonder.com\/#website\",\"url\":\"https:\/\/www.daysofwonder.com\/\",\"name\":\"Days of Wonder: Play different.\u2122\",\"description\":\"Our company publishes top-quality, family-oriented board and online games that are easy to learn and fun to play.\",\"publisher\":{\"@id\":\"https:\/\/www.daysofwonder.com\/#organization\"},\"potentialAction\":[{\"@type\":\"SearchAction\",\"target\":{\"@type\":\"EntryPoint\",\"urlTemplate\":\"https:\/\/www.daysofwonder.com\/?s={search_term_string}\"},\"query-input\":\"required name=search_term_string\"}],\"inLanguage\":\"fr-FR\"},{\"@type\":\"Organization\",\"@id\":\"https:\/\/www.daysofwonder.com\/#organization\",\"name\":\"Days of Wonder: Play different.\u2122\",\"url\":\"https:\/\/www.daysofwonder.com\/\",\"logo\":{\"@type\":\"ImageObject\",\"inLanguage\":\"fr-FR\",\"@id\":\"https:\/\/www.daysofwonder.com\/#\/schema\/logo\/image\/\",\"url\":\"https:\/\/cdn.svc.asmodee.net\/production-daysofwonder\/uploads\/image-converter\/2024\/07\/Days_of_Wonder.webp\",\"contentUrl\":\"https:\/\/cdn.svc.asmodee.net\/production-daysofwonder\/uploads\/image-converter\/2024\/07\/Days_of_Wonder.webp\",\"width\":439,\"height\":227,\"caption\":\"Days of Wonder: Play different.\u2122\"},\"image\":{\"@id\":\"https:\/\/www.daysofwonder.com\/#\/schema\/logo\/image\/\"}}]}<\/script>\n<!-- \/ Yoast SEO Premium plugin. -->","yoast_head_json":{"title":"Page d'accueil Plein \u00e9cran - Days of Wonder: Play different.\u2122","robots":{"index":"index","follow":"follow","max-snippet":"max-snippet:-1","max-image-preview":"max-image-preview:large","max-video-preview":"max-video-preview:-1"},"canonical":"https:\/\/www.daysofwonder.com\/fr\/","og_locale":"fr_FR","og_type":"article","og_title":"Page d'accueil Plein \u00e9cran","og_description":"Nous \u00e9ditons des jeux de soci\u00e9t\u00e9 de grande qualit\u00e9, orient\u00e9s vers un public familial, qui sont faciles \u00e0 apprendre et amusants \u00e0 jouer !","og_url":"https:\/\/www.daysofwonder.com\/fr\/","og_site_name":"Days of Wonder: Play different.\u2122","article_modified_time":"2025-08-27T08:28:56+00:00","og_image":[{"url":"https:\/\/cdn.svc.asmodee.net\/production-daysofwonder\/uploads\/2025\/03\/homepage-1.png"}],"twitter_card":"summary_large_image","twitter_misc":{"Est. reading time":"1 minute"},"schema":{"@context":"https:\/\/schema.org","@graph":[{"@type":"WebPage","@id":"https:\/\/www.daysofwonder.com\/fr\/","url":"https:\/\/www.daysofwonder.com\/fr\/","name":"Page d'accueil Plein \u00e9cran - Days of Wonder: Play different.\u2122","isPartOf":{"@id":"https:\/\/www.daysofwonder.com\/#website"},"primaryImageOfPage":{"@id":"https:\/\/www.daysofwonder.com\/fr\/#primaryimage"},"image":{"@id":"https:\/\/www.daysofwonder.com\/fr\/#primaryimage"},"thumbnailUrl":"https:\/\/cdn.svc.asmodee.net\/production-daysofwonder\/uploads\/2025\/03\/homepage-1.png","datePublished":"2024-06-27T15:07:04+00:00","dateModified":"2025-08-27T08:28:56+00:00","breadcrumb":{"@id":"https:\/\/www.daysofwonder.com\/fr\/#breadcrumb"},"inLanguage":"fr-FR","potentialAction":[{"@type":"ReadAction","target":["https:\/\/www.daysofwonder.com\/fr\/"]}]},{"@type":"ImageObject","inLanguage":"fr-FR","@id":"https:\/\/www.daysofwonder.com\/fr\/#primaryimage","url":"https:\/\/cdn.svc.asmodee.net\/production-daysofwonder\/uploads\/2025\/03\/homepage-1.png","contentUrl":"https:\/\/cdn.svc.asmodee.net\/production-daysofwonder\/uploads\/2025\/03\/homepage-1.png"},{"@type":"BreadcrumbList","@id":"https:\/\/www.daysofwonder.com\/fr\/#breadcrumb","itemListElement":[{"@type":"ListItem","position":1,"name":"Home","item":"https:\/\/www.daysofwonder.com\/fr\/"},{"@type":"ListItem","position":2,"name":"Page d&#8217;accueil Plein \u00e9cran"}]},{"@type":"WebSite","@id":"https:\/\/www.daysofwonder.com\/#website","url":"https:\/\/www.daysofwonder.com\/","name":"Days of Wonder: Play different.\u2122","description":"Our company publishes top-quality, family-oriented board and online games that are easy to learn and fun to play.","publisher":{"@id":"https:\/\/www.daysofwonder.com\/#organization"},"potentialAction":[{"@type":"SearchAction","target":{"@type":"EntryPoint","urlTemplate":"https:\/\/www.daysofwonder.com\/?s={search_term_string}"},"query-input":"required name=search_term_string"}],"inLanguage":"fr-FR"},{"@type":"Organization","@id":"https:\/\/www.daysofwonder.com\/#organization","name":"Days of Wonder: Play different.\u2122","url":"https:\/\/www.daysofwonder.com\/","logo":{"@type":"ImageObject","inLanguage":"fr-FR","@id":"https:\/\/www.daysofwonder.com\/#\/schema\/logo\/image\/","url":"https:\/\/cdn.svc.asmodee.net\/production-daysofwonder\/uploads\/image-converter\/2024\/07\/Days_of_Wonder.webp","contentUrl":"https:\/\/cdn.svc.asmodee.net\/production-daysofwonder\/uploads\/image-converter\/2024\/07\/Days_of_Wonder.webp","width":439,"height":227,"caption":"Days of Wonder: Play different.\u2122"},"image":{"@id":"https:\/\/www.daysofwonder.com\/#\/schema\/logo\/image\/"}}]}},"_links":{"self":[{"href":"https:\/\/www.daysofwonder.com\/fr\/wp-json\/wp\/v2\/pages\/4698"}],"collection":[{"href":"https:\/\/www.daysofwonder.com\/fr\/wp-json\/wp\/v2\/pages"}],"about":[{"href":"https:\/\/www.daysofwonder.com\/fr\/wp-json\/wp\/v2\/types\/page"}],"author":[{"embeddable":true,"href":"https:\/\/www.daysofwonder.com\/fr\/wp-json\/wp\/v2\/users\/1"}],"replies":[{"embeddable":true,"href":"https:\/\/www.daysofwonder.com\/fr\/wp-json\/wp\/v2\/comments?post=4698"}],"version-history":[{"count":11,"href":"https:\/\/www.daysofwonder.com\/fr\/wp-json\/wp\/v2\/pages\/4698\/revisions"}],"predecessor-version":[{"id":12279,"href":"https:\/\/www.daysofwonder.com\/fr\/wp-json\/wp\/v2\/pages\/4698\/revisions\/12279"}],"wp:attachment":[{"href":"https:\/\/www.daysofwonder.com\/fr\/wp-json\/wp\/v2\/media?parent=4698"}],"curies":[{"name":"wp","href":"https:\/\/api.w.org\/{rel}","templated":true}]}}