{"id":4750,"date":"2024-07-31T19:06:36","date_gmt":"2024-07-31T19:06:36","guid":{"rendered":"https:\/\/www.daysofwonder.com\/a-propos-de-nous\/"},"modified":"2024-11-07T14:12:29","modified_gmt":"2024-11-07T14:12:29","slug":"a-propos-de-nous","status":"publish","type":"page","link":"https:\/\/www.daysofwonder.com\/fr\/a-propos-de-nous\/","title":{"rendered":"A propos de nous"},"content":{"rendered":"<div class=\"lazyblock-page-entry-ZwAsx1 wp-block-lazyblock-page-entry\">\n<div class=\"hero-page alignfull\" style=\"min-height: 70vh; --overlay-opacity: 60%;\">\n    <div class=\"project-thumbnail\" style=\"background-image: url(https:\/\/cdn.svc.asmodee.net\/production-daysofwonder\/uploads\/2024\/07\/unnamed-scaled.webp);\">\n    <\/div>\n    <div class=\"project-header-content col-full \">\n        <div class=\"row justify-content-center\">\n\n            <div class=\"col-md-12 text-center\">\n                                \n\n            <\/div>\n\n        <\/div>\n\n    <\/div>\n<\/div>\n<\/div>\n\n\n<div class=\"wp-block-columns is-layout-flex wp-container-core-columns-layout-1 wp-block-columns-is-layout-flex\">\n<div class=\"wp-block-column is-layout-flow wp-block-column-is-layout-flow\" style=\"flex-basis:33.33%\"><div class=\"wp-block-image\">\n<figure class=\"alignright size-full\"><img loading=\"lazy\" decoding=\"async\" width=\"408\" height=\"408\" src=\"https:\/\/cdn.svc.asmodee.net\/production-daysofwonder\/uploads\/2024\/07\/Heat-1.png\" alt=\"\" class=\"wp-image-3977\" srcset=\"https:\/\/cdn.svc.asmodee.net\/production-daysofwonder\/uploads\/image-converter\/2024\/07\/Heat-1.webp 408w, https:\/\/cdn.svc.asmodee.net\/production-daysofwonder\/uploads\/image-converter\/2024\/07\/Heat-1-300x300.webp 300w, https:\/\/cdn.svc.asmodee.net\/production-daysofwonder\/uploads\/image-converter\/2024\/07\/Heat-1-150x150.webp 150w\" sizes=\"(max-width: 408px) 100vw, 408px\" \/><\/figure><\/div><\/div>\n\n\n\n<div class=\"wp-block-column is-vertically-aligned-center is-layout-flow wp-block-column-is-layout-flow\" style=\"flex-basis:66.66%\">\n<p>Days of Wonder\u00ae d\u00e9veloppe et publie des jeux qui Play different.\u2122 De son insistance \u00e0 ne sortir qu&rsquo;un nombre tr\u00e8s limit\u00e9 de nouveaux jeux, \u00e0 ses valeurs de production de jeux de soci\u00e9t\u00e9 sans compromis et \u00e0 son \u00e9quipe de d\u00e9veloppement num\u00e9rique interne unique, Days of Wonder met constamment la barre plus haut avec une s\u00e9rie in\u00e9gal\u00e9e de succ\u00e8s qui comprend Ticket to Ride\u00ae, le jeu de train le plus vendu au monde ; Small World\u00ae, le l\u00e9gendaire jeu fantastique de conqu\u00eates \u00e9piques ; et Memoir &rsquo;44\u00ae, la saga de la Seconde Guerre mondiale avec 20 expansions \u00e0 son actif. Les jeux de soci\u00e9t\u00e9 Days of Wonder sont distribu\u00e9s dans 40 pays et leurs versions num\u00e9riques sont disponibles sur l&rsquo;App Store iOS et Google Play, ainsi que sur Steam et sur le site web de Days of Wonder. \u00c0 ce jour, l&rsquo;entreprise a vendu plus de 5 millions de jeux de soci\u00e9t\u00e9 et h\u00e9berg\u00e9 plus de 45 millions de jeux en ligne. Elle reste par ailleurs la plus jeune entreprise \u00e0 avoir remport\u00e9 le prestigieux Spiel des Jahres en Allemagne, le prix le plus convoit\u00e9 au monde dans le domaine des jeux.<\/p>\n<\/div>\n<\/div>\n\n\n\n<div class=\"wp-block-columns is-layout-flex wp-container-core-columns-layout-2 wp-block-columns-is-layout-flex\">\n<div class=\"wp-block-column is-vertically-aligned-center is-layout-flow wp-block-column-is-layout-flow\" style=\"flex-basis:66.66%\">\n<h2 class=\"wp-block-heading\" id=\"h-notre-mission\">Notre mission<\/h2>\n\n\n\n<div style=\"height:12px\" aria-hidden=\"true\" class=\"wp-block-spacer\"><\/div>\n\n\n\n<p>\u00ab\u00a0Notre mission est simple : Rendre les jeux aussi populaires que les films ! Nous voulons aider les passionn\u00e9s de jeux et les joueurs occasionnels \u00e0 retrouver le sentiment d&rsquo;\u00e9merveillement et d&rsquo;excitation qu&rsquo;ils \u00e9prouvaient, enfants, en ouvrant un nouveau jeu.\u00a0\u00bb<\/p>\n\n\n\n<div style=\"height:12px\" aria-hidden=\"true\" class=\"wp-block-spacer\"><\/div>\n<\/div>\n\n\n\n<div class=\"wp-block-column is-layout-flow wp-block-column-is-layout-flow\" style=\"flex-basis:33.33%\"><div class=\"wp-block-image\">\n<figure class=\"alignright size-full\"><img loading=\"lazy\" decoding=\"async\" width=\"296\" height=\"400\" src=\"https:\/\/cdn.svc.asmodee.net\/production-daysofwonder\/uploads\/2024\/07\/MM44-1.png\" alt=\"\" class=\"wp-image-3979\" srcset=\"https:\/\/cdn.svc.asmodee.net\/production-daysofwonder\/uploads\/image-converter\/2024\/07\/MM44-1.webp 296w, https:\/\/cdn.svc.asmodee.net\/production-daysofwonder\/uploads\/image-converter\/2024\/07\/MM44-1-222x300.webp 222w\" sizes=\"(max-width: 296px) 100vw, 296px\" \/><\/figure><\/div><\/div>\n<\/div>\n\n\n\n<div class=\"wp-block-columns is-layout-flex wp-container-core-columns-layout-3 wp-block-columns-is-layout-flex\">\n<div class=\"wp-block-column is-layout-flow wp-block-column-is-layout-flow\" style=\"flex-basis:33.33%\"><div class=\"wp-block-image\">\n<figure class=\"alignright size-full\"><img loading=\"lazy\" decoding=\"async\" width=\"360\" height=\"360\" src=\"https:\/\/cdn.svc.asmodee.net\/production-daysofwonder\/uploads\/2024\/07\/Woman-1.png\" alt=\"\" class=\"wp-image-3983\" srcset=\"https:\/\/cdn.svc.asmodee.net\/production-daysofwonder\/uploads\/image-converter\/2024\/07\/Woman-1.webp 360w, https:\/\/cdn.svc.asmodee.net\/production-daysofwonder\/uploads\/image-converter\/2024\/07\/Woman-1-300x300.webp 300w, https:\/\/cdn.svc.asmodee.net\/production-daysofwonder\/uploads\/image-converter\/2024\/07\/Woman-1-150x150.webp 150w\" sizes=\"(max-width: 360px) 100vw, 360px\" \/><\/figure><\/div><\/div>\n\n\n\n<div class=\"wp-block-column is-vertically-aligned-center is-layout-flow wp-block-column-is-layout-flow\" style=\"flex-basis:66.66%\">\n<h2 class=\"wp-block-heading\" id=\"h-besoin-d-aide\">Besoin d&rsquo;aide ?<\/h2>\n\n\n\n<p>Si vous avez des questions concernant nos jeux, votre compte Internet, votre commande ou autre, cliquez ici pour savoir comment nous contacter.<\/p>\n\n\n\n<div class=\"wp-block-buttons is-layout-flex wp-block-buttons-is-layout-flex\">\n<div class=\"wp-block-button\"><a class=\"wp-block-button__link wp-element-button\" href=\"\/fr\/contactez-nous\/\">Contactez nous<\/a><\/div>\n<\/div>\n<\/div>\n<\/div>\n\n\n\n<div class=\"wp-block-columns is-layout-flex wp-container-core-columns-layout-4 wp-block-columns-is-layout-flex\">\n<div class=\"wp-block-column is-vertically-aligned-center is-layout-flow wp-block-column-is-layout-flow\" style=\"flex-basis:66.66%\">\n<h2 class=\"wp-block-heading\" id=\"h-presse\">Presse<\/h2>\n\n\n\n<p>Besoin d&rsquo;informations pour la presse ?\nVous pouvez obtenir des informations sur les produits et les entreprises, des graphiques pr\u00eats pour le web et des images imprim\u00e9es en haute r\u00e9solution pour un article ou une critique. <\/p>\n\n\n\n<div class=\"wp-block-buttons is-layout-flex wp-block-buttons-is-layout-flex\">\n<div class=\"wp-block-button\"><a class=\"wp-block-button__link wp-element-button\" href=\"\/fr\/presse\/\">En savoir plus<\/a><\/div>\n<\/div>\n<\/div>\n\n\n\n<div class=\"wp-block-column is-layout-flow wp-block-column-is-layout-flow\" style=\"flex-basis:33.33%\"><div class=\"wp-block-image\">\n<figure class=\"alignright size-full\"><img loading=\"lazy\" decoding=\"async\" width=\"296\" height=\"400\" src=\"https:\/\/cdn.svc.asmodee.net\/production-daysofwonder\/uploads\/2024\/07\/T2R-1.png\" alt=\"\" class=\"wp-image-3985\" srcset=\"https:\/\/cdn.svc.asmodee.net\/production-daysofwonder\/uploads\/image-converter\/2024\/07\/T2R-1.webp 296w, https:\/\/cdn.svc.asmodee.net\/production-daysofwonder\/uploads\/image-converter\/2024\/07\/T2R-1-222x300.webp 222w\" sizes=\"(max-width: 296px) 100vw, 296px\" \/><\/figure><\/div><\/div>\n<\/div>\n","protected":false},"excerpt":{"rendered":"<p>Days of Wonder\u00ae d\u00e9veloppe et publie des jeux qui Play different.\u2122 De son insistance \u00e0 ne sortir qu&rsquo;un nombre tr\u00e8s limit\u00e9 de nouveaux jeux, \u00e0 ses valeurs de production de jeux de soci\u00e9t\u00e9 sans compromis et \u00e0 son \u00e9quipe de d\u00e9veloppement num\u00e9rique interne unique, Days of Wonder met constamment la barre plus haut avec une [&hellip;]<\/p>\n","protected":false},"author":1,"featured_media":0,"parent":0,"menu_order":0,"comment_status":"closed","ping_status":"closed","template":"","meta":{"_acf_changed":false,"footnotes":""},"acf":[],"yoast_head":"<!-- This site is optimized with the Yoast SEO Premium plugin v22.3 (Yoast SEO v22.9) - https:\/\/yoast.com\/wordpress\/plugins\/seo\/ -->\n<title>A propos de nous - Days of Wonder: Play different.\u2122<\/title>\n<meta name=\"robots\" content=\"index, follow, max-snippet:-1, max-image-preview:large, max-video-preview:-1\" \/>\n<link rel=\"canonical\" href=\"https:\/\/www.daysofwonder.com\/fr\/a-propos-de-nous\/\" \/>\n<meta property=\"og:locale\" content=\"fr_FR\" \/>\n<meta property=\"og:type\" content=\"article\" \/>\n<meta property=\"og:title\" content=\"A propos de nous\" \/>\n<meta property=\"og:description\" content=\"Days of Wonder\u00ae d\u00e9veloppe et publie des jeux qui Play different.\u2122 De son insistance \u00e0 ne sortir qu&rsquo;un nombre tr\u00e8s limit\u00e9 de nouveaux jeux, \u00e0 ses valeurs de production de jeux de soci\u00e9t\u00e9 sans compromis et \u00e0 son \u00e9quipe de d\u00e9veloppement num\u00e9rique interne unique, Days of Wonder met constamment la barre plus haut avec une [&hellip;]\" \/>\n<meta property=\"og:url\" content=\"https:\/\/www.daysofwonder.com\/fr\/a-propos-de-nous\/\" \/>\n<meta property=\"og:site_name\" content=\"Days of Wonder: Play different.\u2122\" \/>\n<meta property=\"article:modified_time\" content=\"2024-11-07T14:12:29+00:00\" \/>\n<meta property=\"og:image\" content=\"https:\/\/cdn.svc.asmodee.net\/production-daysofwonder\/uploads\/2024\/07\/Heat-1.png\" \/>\n<meta name=\"twitter:card\" content=\"summary_large_image\" \/>\n<meta name=\"twitter:label1\" content=\"Est. reading time\" \/>\n\t<meta name=\"twitter:data1\" content=\"3 minutes\" \/>\n<script type=\"application\/ld+json\" class=\"yoast-schema-graph\">{\"@context\":\"https:\/\/schema.org\",\"@graph\":[{\"@type\":\"WebPage\",\"@id\":\"https:\/\/www.daysofwonder.com\/fr\/a-propos-de-nous\/\",\"url\":\"https:\/\/www.daysofwonder.com\/fr\/a-propos-de-nous\/\",\"name\":\"A propos de nous - Days of Wonder: Play different.\u2122\",\"isPartOf\":{\"@id\":\"https:\/\/www.daysofwonder.com\/#website\"},\"primaryImageOfPage\":{\"@id\":\"https:\/\/www.daysofwonder.com\/fr\/a-propos-de-nous\/#primaryimage\"},\"image\":{\"@id\":\"https:\/\/www.daysofwonder.com\/fr\/a-propos-de-nous\/#primaryimage\"},\"thumbnailUrl\":\"https:\/\/cdn.svc.asmodee.net\/production-daysofwonder\/uploads\/2024\/07\/Heat-1.png\",\"datePublished\":\"2024-07-31T19:06:36+00:00\",\"dateModified\":\"2024-11-07T14:12:29+00:00\",\"breadcrumb\":{\"@id\":\"https:\/\/www.daysofwonder.com\/fr\/a-propos-de-nous\/#breadcrumb\"},\"inLanguage\":\"fr-FR\",\"potentialAction\":[{\"@type\":\"ReadAction\",\"target\":[\"https:\/\/www.daysofwonder.com\/fr\/a-propos-de-nous\/\"]}]},{\"@type\":\"ImageObject\",\"inLanguage\":\"fr-FR\",\"@id\":\"https:\/\/www.daysofwonder.com\/fr\/a-propos-de-nous\/#primaryimage\",\"url\":\"https:\/\/cdn.svc.asmodee.net\/production-daysofwonder\/uploads\/2024\/07\/Heat-1.png\",\"contentUrl\":\"https:\/\/cdn.svc.asmodee.net\/production-daysofwonder\/uploads\/2024\/07\/Heat-1.png\"},{\"@type\":\"BreadcrumbList\",\"@id\":\"https:\/\/www.daysofwonder.com\/fr\/a-propos-de-nous\/#breadcrumb\",\"itemListElement\":[{\"@type\":\"ListItem\",\"position\":1,\"name\":\"Home\",\"item\":\"https:\/\/www.daysofwonder.com\/fr\/\"},{\"@type\":\"ListItem\",\"position\":2,\"name\":\"A propos de nous\"}]},{\"@type\":\"WebSite\",\"@id\":\"https:\/\/www.daysofwonder.com\/#website\",\"url\":\"https:\/\/www.daysofwonder.com\/\",\"name\":\"Days of Wonder: Play different.\u2122\",\"description\":\"Our company publishes top-quality, family-oriented board and online games that are easy to learn and fun to play.\",\"publisher\":{\"@id\":\"https:\/\/www.daysofwonder.com\/#organization\"},\"potentialAction\":[{\"@type\":\"SearchAction\",\"target\":{\"@type\":\"EntryPoint\",\"urlTemplate\":\"https:\/\/www.daysofwonder.com\/?s={search_term_string}\"},\"query-input\":\"required name=search_term_string\"}],\"inLanguage\":\"fr-FR\"},{\"@type\":\"Organization\",\"@id\":\"https:\/\/www.daysofwonder.com\/#organization\",\"name\":\"Days of Wonder: Play different.\u2122\",\"url\":\"https:\/\/www.daysofwonder.com\/\",\"logo\":{\"@type\":\"ImageObject\",\"inLanguage\":\"fr-FR\",\"@id\":\"https:\/\/www.daysofwonder.com\/#\/schema\/logo\/image\/\",\"url\":\"https:\/\/cdn.svc.asmodee.net\/production-daysofwonder\/uploads\/image-converter\/2024\/07\/Days_of_Wonder.webp\",\"contentUrl\":\"https:\/\/cdn.svc.asmodee.net\/production-daysofwonder\/uploads\/image-converter\/2024\/07\/Days_of_Wonder.webp\",\"width\":439,\"height\":227,\"caption\":\"Days of Wonder: Play different.\u2122\"},\"image\":{\"@id\":\"https:\/\/www.daysofwonder.com\/#\/schema\/logo\/image\/\"}}]}<\/script>\n<!-- \/ Yoast SEO Premium plugin. -->","yoast_head_json":{"title":"A propos de nous - Days of Wonder: Play different.\u2122","robots":{"index":"index","follow":"follow","max-snippet":"max-snippet:-1","max-image-preview":"max-image-preview:large","max-video-preview":"max-video-preview:-1"},"canonical":"https:\/\/www.daysofwonder.com\/fr\/a-propos-de-nous\/","og_locale":"fr_FR","og_type":"article","og_title":"A propos de nous","og_description":"Days of Wonder\u00ae d\u00e9veloppe et publie des jeux qui Play different.\u2122 De son insistance \u00e0 ne sortir qu&rsquo;un nombre tr\u00e8s limit\u00e9 de nouveaux jeux, \u00e0 ses valeurs de production de jeux de soci\u00e9t\u00e9 sans compromis et \u00e0 son \u00e9quipe de d\u00e9veloppement num\u00e9rique interne unique, Days of Wonder met constamment la barre plus haut avec une [&hellip;]","og_url":"https:\/\/www.daysofwonder.com\/fr\/a-propos-de-nous\/","og_site_name":"Days of Wonder: Play different.\u2122","article_modified_time":"2024-11-07T14:12:29+00:00","og_image":[{"url":"https:\/\/cdn.svc.asmodee.net\/production-daysofwonder\/uploads\/2024\/07\/Heat-1.png"}],"twitter_card":"summary_large_image","twitter_misc":{"Est. reading time":"3 minutes"},"schema":{"@context":"https:\/\/schema.org","@graph":[{"@type":"WebPage","@id":"https:\/\/www.daysofwonder.com\/fr\/a-propos-de-nous\/","url":"https:\/\/www.daysofwonder.com\/fr\/a-propos-de-nous\/","name":"A propos de nous - Days of Wonder: Play different.\u2122","isPartOf":{"@id":"https:\/\/www.daysofwonder.com\/#website"},"primaryImageOfPage":{"@id":"https:\/\/www.daysofwonder.com\/fr\/a-propos-de-nous\/#primaryimage"},"image":{"@id":"https:\/\/www.daysofwonder.com\/fr\/a-propos-de-nous\/#primaryimage"},"thumbnailUrl":"https:\/\/cdn.svc.asmodee.net\/production-daysofwonder\/uploads\/2024\/07\/Heat-1.png","datePublished":"2024-07-31T19:06:36+00:00","dateModified":"2024-11-07T14:12:29+00:00","breadcrumb":{"@id":"https:\/\/www.daysofwonder.com\/fr\/a-propos-de-nous\/#breadcrumb"},"inLanguage":"fr-FR","potentialAction":[{"@type":"ReadAction","target":["https:\/\/www.daysofwonder.com\/fr\/a-propos-de-nous\/"]}]},{"@type":"ImageObject","inLanguage":"fr-FR","@id":"https:\/\/www.daysofwonder.com\/fr\/a-propos-de-nous\/#primaryimage","url":"https:\/\/cdn.svc.asmodee.net\/production-daysofwonder\/uploads\/2024\/07\/Heat-1.png","contentUrl":"https:\/\/cdn.svc.asmodee.net\/production-daysofwonder\/uploads\/2024\/07\/Heat-1.png"},{"@type":"BreadcrumbList","@id":"https:\/\/www.daysofwonder.com\/fr\/a-propos-de-nous\/#breadcrumb","itemListElement":[{"@type":"ListItem","position":1,"name":"Home","item":"https:\/\/www.daysofwonder.com\/fr\/"},{"@type":"ListItem","position":2,"name":"A propos de nous"}]},{"@type":"WebSite","@id":"https:\/\/www.daysofwonder.com\/#website","url":"https:\/\/www.daysofwonder.com\/","name":"Days of Wonder: Play different.\u2122","description":"Our company publishes top-quality, family-oriented board and online games that are easy to learn and fun to play.","publisher":{"@id":"https:\/\/www.daysofwonder.com\/#organization"},"potentialAction":[{"@type":"SearchAction","target":{"@type":"EntryPoint","urlTemplate":"https:\/\/www.daysofwonder.com\/?s={search_term_string}"},"query-input":"required name=search_term_string"}],"inLanguage":"fr-FR"},{"@type":"Organization","@id":"https:\/\/www.daysofwonder.com\/#organization","name":"Days of Wonder: Play different.\u2122","url":"https:\/\/www.daysofwonder.com\/","logo":{"@type":"ImageObject","inLanguage":"fr-FR","@id":"https:\/\/www.daysofwonder.com\/#\/schema\/logo\/image\/","url":"https:\/\/cdn.svc.asmodee.net\/production-daysofwonder\/uploads\/image-converter\/2024\/07\/Days_of_Wonder.webp","contentUrl":"https:\/\/cdn.svc.asmodee.net\/production-daysofwonder\/uploads\/image-converter\/2024\/07\/Days_of_Wonder.webp","width":439,"height":227,"caption":"Days of Wonder: Play different.\u2122"},"image":{"@id":"https:\/\/www.daysofwonder.com\/#\/schema\/logo\/image\/"}}]}},"_links":{"self":[{"href":"https:\/\/www.daysofwonder.com\/fr\/wp-json\/wp\/v2\/pages\/4750"}],"collection":[{"href":"https:\/\/www.daysofwonder.com\/fr\/wp-json\/wp\/v2\/pages"}],"about":[{"href":"https:\/\/www.daysofwonder.com\/fr\/wp-json\/wp\/v2\/types\/page"}],"author":[{"embeddable":true,"href":"https:\/\/www.daysofwonder.com\/fr\/wp-json\/wp\/v2\/users\/1"}],"replies":[{"embeddable":true,"href":"https:\/\/www.daysofwonder.com\/fr\/wp-json\/wp\/v2\/comments?post=4750"}],"version-history":[{"count":12,"href":"https:\/\/www.daysofwonder.com\/fr\/wp-json\/wp\/v2\/pages\/4750\/revisions"}],"predecessor-version":[{"id":8807,"href":"https:\/\/www.daysofwonder.com\/fr\/wp-json\/wp\/v2\/pages\/4750\/revisions\/8807"}],"wp:attachment":[{"href":"https:\/\/www.daysofwonder.com\/fr\/wp-json\/wp\/v2\/media?parent=4750"}],"curies":[{"name":"wp","href":"https:\/\/api.w.org\/{rel}","templated":true}]}}