{"id":4762,"date":"2024-07-03T14:29:19","date_gmt":"2024-07-03T14:29:19","guid":{"rendered":"https:\/\/www.daysofwonder.com\/contactez-nous\/"},"modified":"2026-01-15T16:52:23","modified_gmt":"2026-01-15T16:52:23","slug":"contactez-nous","status":"publish","type":"page","link":"https:\/\/www.daysofwonder.com\/fr\/contactez-nous\/","title":{"rendered":"Contactez nous"},"content":{"rendered":"\n<div class=\"wp-block-group is-layout-constrained wp-block-group-is-layout-constrained\"><div class=\"wp-block-group__inner-container\">\n<div class=\"wp-block-columns contact_form__Block p-2 p-md-5 is-layout-flex wp-container-core-columns-layout-1 wp-block-columns-is-layout-flex\">\n<div class=\"wp-block-column is-layout-flow wp-block-column-is-layout-flow\" style=\"flex-basis:44.45%\">\n<h2 class=\"wp-block-heading\" id=\"h-service-clientele\">Service client\u00e8le<\/h2>\n\n\n\n<p>Vous venez d&rsquo;acheter un de nos jeux et une pi\u00e8ce est manquante ou endommag\u00e9e ?\nNous vous conseillons de contacter l&rsquo;agence de notre distributeur Asmodee disponible dans votre pays et de remplir le formulaire avec votre demande. <\/p>\n<\/div>\n\n\n\n<div class=\"wp-block-column is-layout-flow wp-block-column-is-layout-flow\" style=\"flex-basis:22.22%\">\n<ul>\n<li><a href=\"https:\/\/asmodee.fr\/sav\/\"><mark style=\"background-color:rgba(0, 0, 0, 0)\" class=\"has-inline-color has-black-color\">Asmodee France<\/mark><\/a><\/li>\n\n\n\n<li><a href=\"https:\/\/be.asmodee.com\/fr-be\/contact-us\"><mark style=\"background-color:rgba(0, 0, 0, 0)\" class=\"has-inline-color has-black-color\">Asmodee Belgique<\/mark><\/a><\/li>\n\n\n\n<li><a href=\"https:\/\/kundenservice.asmodee.de\/\"><mark style=\"background-color:rgba(0, 0, 0, 0)\" class=\"has-inline-color has-black-color\">Asmodee Allemagne<\/mark><\/a><\/li>\n\n\n\n<li><a href=\"https:\/\/webshopnl.asmodee.com\/en-us\/contact\"><mark style=\"background-color:rgba(0, 0, 0, 0)\" class=\"has-inline-color has-black-color\">Asmodee Pays-Bas<\/mark><\/a><\/li>\n\n\n\n<li><a href=\"https:\/\/b2b.asmodee.es\/service\"><mark style=\"background-color:rgba(0, 0, 0, 0)\" class=\"has-inline-color has-black-color\">Asmodee Espagne<\/mark><\/a><\/li>\n\n\n\n<li><a href=\"https:\/\/www.asmodee.it\/contatti\"><mark style=\"background-color:rgba(0, 0, 0, 0)\" class=\"has-inline-color has-black-color\">Asmodee Italia<\/mark><\/a><\/li>\n\n\n\n<li><a href=\"https:\/\/www.asmodee.co.uk\/pages\/contact-us\"><mark style=\"background-color:rgba(0, 0, 0, 0)\" class=\"has-inline-color has-black-color\">Asmodee UK<\/mark><\/a><\/li>\n<\/ul>\n<\/div>\n\n\n\n<div class=\"wp-block-column is-layout-flow wp-block-column-is-layout-flow\" style=\"flex-basis:33.33%\">\n<ul>\n<li><a href=\"https:\/\/www.rebelstudio.eu\/pages\/contact-us-375.html\"><mark style=\"background-color:rgba(0, 0, 0, 0)\" class=\"has-inline-color has-black-color\">Rebelle (Pologne)<\/mark><\/a><\/li>\n\n\n\n<li><a href=\"https:\/\/hraj.cz\/kontakty\"><mark style=\"background-color:rgba(0, 0, 0, 0)\" class=\"has-inline-color has-black-color\">Blackfire (Roumanie et R\u00e9publique tch\u00e8que)<\/mark><\/a><\/li>\n\n\n\n<li><a href=\"https:\/\/www.asmodeenordics.com\/contact-us\/\"><mark style=\"background-color:rgba(0, 0, 0, 0)\" class=\"has-inline-color has-black-color\">Asmodee Nordics<\/mark><\/a><\/li>\n\n\n\n<li><a href=\"https:\/\/www.asmodeena.com\/en\/customer-service-faq\/\"><mark style=\"background-color:rgba(0, 0, 0, 0)\" class=\"has-inline-color has-black-color\">Asmodee Am\u00e9rique du Nord<\/mark><\/a><\/li>\n\n\n\n<li><a href=\"https:\/\/www.asmodee.ca\/fr\/contact-us\/\"><mark style=\"background-color:rgba(0, 0, 0, 0)\" class=\"has-inline-color has-black-color\">Asmodee Canada<\/mark><\/a><\/li>\n\n\n\n<li><a href=\"https:\/\/www.asmodee.cl\/contacto\/\"><mark style=\"background-color:rgba(0, 0, 0, 0)\" class=\"has-inline-color has-black-color\">Asmodee Chili<\/mark><\/a><\/li>\n\n\n\n<li><a href=\"https:\/\/www.asmodee.com.cn\/page\/contactus\"><mark style=\"background-color:rgba(0, 0, 0, 0)\" class=\"has-inline-color has-black-color\">Asmodee Chine<\/mark><\/a><\/li>\n\n\n\n<li><a href=\"https:\/\/www.mundogalapagos.com.br\/\"><mark style=\"background-color:rgba(0, 0, 0, 0)\" class=\"has-inline-color has-black-color\">Galapagos Jogos (Br\u00e9sil)<\/mark><\/a><\/li>\n<\/ul>\n<\/div>\n<\/div>\n\n\n\n<h3 class=\"wp-block-heading has-white-background-color has-background\" id=\"h-si-vous-etes-un-auteur-ou-autrice-pour-proposer-votre-jeu-merci-de-remplir-ce-formulaire-sans-quoi-votre-demande-ne-sera-pas-traitee\">Si vous \u00eates un Auteur ou Autrice, pour proposer votre jeu merci de remplir ce <a href=\"https:\/\/contact.asmodee.net\/fr\/lab4games\" target=\"_blank\" rel=\"noreferrer noopener\">formulaire<\/a> sans quoi votre demande ne sera pas trait\u00e9e. <\/h3>\n<\/div><\/div>\n","protected":false},"excerpt":{"rendered":"<p>Service client\u00e8le Vous venez d&rsquo;acheter un de nos jeux et une pi\u00e8ce est manquante ou endommag\u00e9e ? Nous vous conseillons de contacter l&rsquo;agence de notre distributeur Asmodee disponible dans votre pays et de remplir le formulaire avec votre demande. Si vous \u00eates un Auteur ou Autrice, pour proposer votre jeu merci de remplir ce formulaire [&hellip;]<\/p>\n","protected":false},"author":1,"featured_media":4704,"parent":0,"menu_order":0,"comment_status":"closed","ping_status":"closed","template":"page-contact.php","meta":{"_acf_changed":false,"footnotes":""},"acf":[],"yoast_head":"<!-- This site is optimized with the Yoast SEO Premium plugin v22.3 (Yoast SEO v22.9) - https:\/\/yoast.com\/wordpress\/plugins\/seo\/ -->\n<title>Contactez nous - Days of Wonder: Play different.\u2122<\/title>\n<meta name=\"robots\" content=\"index, follow, max-snippet:-1, max-image-preview:large, max-video-preview:-1\" \/>\n<link rel=\"canonical\" href=\"https:\/\/www.daysofwonder.com\/fr\/contactez-nous\/\" \/>\n<meta property=\"og:locale\" content=\"fr_FR\" \/>\n<meta property=\"og:type\" content=\"article\" \/>\n<meta property=\"og:title\" content=\"Contactez nous\" \/>\n<meta property=\"og:description\" content=\"Service client\u00e8le Vous venez d&rsquo;acheter un de nos jeux et une pi\u00e8ce est manquante ou endommag\u00e9e ? Nous vous conseillons de contacter l&rsquo;agence de notre distributeur Asmodee disponible dans votre pays et de remplir le formulaire avec votre demande. Si vous \u00eates un Auteur ou Autrice, pour proposer votre jeu merci de remplir ce formulaire [&hellip;]\" \/>\n<meta property=\"og:url\" content=\"https:\/\/www.daysofwonder.com\/fr\/contactez-nous\/\" \/>\n<meta property=\"og:site_name\" content=\"Days of Wonder: Play different.\u2122\" \/>\n<meta property=\"article:modified_time\" content=\"2026-01-15T16:52:23+00:00\" \/>\n<meta property=\"og:image\" content=\"https:\/\/cdn.svc.asmodee.net\/production-daysofwonder\/uploads\/image-converter\/2024\/06\/Studio-Placeholder-1024x585.png\" \/>\n\t<meta property=\"og:image:width\" content=\"1024\" \/>\n\t<meta property=\"og:image:height\" content=\"585\" \/>\n\t<meta property=\"og:image:type\" content=\"image\/png\" \/>\n<meta name=\"twitter:card\" content=\"summary_large_image\" \/>\n<meta name=\"twitter:label1\" content=\"Est. reading time\" \/>\n\t<meta name=\"twitter:data1\" content=\"1 minute\" \/>\n<script type=\"application\/ld+json\" class=\"yoast-schema-graph\">{\"@context\":\"https:\/\/schema.org\",\"@graph\":[{\"@type\":\"WebPage\",\"@id\":\"https:\/\/www.daysofwonder.com\/fr\/contactez-nous\/\",\"url\":\"https:\/\/www.daysofwonder.com\/fr\/contactez-nous\/\",\"name\":\"Contactez nous - Days of Wonder: Play different.\u2122\",\"isPartOf\":{\"@id\":\"https:\/\/www.daysofwonder.com\/#website\"},\"primaryImageOfPage\":{\"@id\":\"https:\/\/www.daysofwonder.com\/fr\/contactez-nous\/#primaryimage\"},\"image\":{\"@id\":\"https:\/\/www.daysofwonder.com\/fr\/contactez-nous\/#primaryimage\"},\"thumbnailUrl\":\"https:\/\/cdn.svc.asmodee.net\/production-daysofwonder\/uploads\/image-converter\/2024\/06\/Studio-Placeholder.webp\",\"datePublished\":\"2024-07-03T14:29:19+00:00\",\"dateModified\":\"2026-01-15T16:52:23+00:00\",\"breadcrumb\":{\"@id\":\"https:\/\/www.daysofwonder.com\/fr\/contactez-nous\/#breadcrumb\"},\"inLanguage\":\"fr-FR\",\"potentialAction\":[{\"@type\":\"ReadAction\",\"target\":[\"https:\/\/www.daysofwonder.com\/fr\/contactez-nous\/\"]}]},{\"@type\":\"ImageObject\",\"inLanguage\":\"fr-FR\",\"@id\":\"https:\/\/www.daysofwonder.com\/fr\/contactez-nous\/#primaryimage\",\"url\":\"https:\/\/cdn.svc.asmodee.net\/production-daysofwonder\/uploads\/image-converter\/2024\/06\/Studio-Placeholder.webp\",\"contentUrl\":\"https:\/\/cdn.svc.asmodee.net\/production-daysofwonder\/uploads\/image-converter\/2024\/06\/Studio-Placeholder.webp\",\"width\":2016,\"height\":1152},{\"@type\":\"BreadcrumbList\",\"@id\":\"https:\/\/www.daysofwonder.com\/fr\/contactez-nous\/#breadcrumb\",\"itemListElement\":[{\"@type\":\"ListItem\",\"position\":1,\"name\":\"Home\",\"item\":\"https:\/\/www.daysofwonder.com\/fr\/\"},{\"@type\":\"ListItem\",\"position\":2,\"name\":\"Contactez nous\"}]},{\"@type\":\"WebSite\",\"@id\":\"https:\/\/www.daysofwonder.com\/#website\",\"url\":\"https:\/\/www.daysofwonder.com\/\",\"name\":\"Days of Wonder: Play different.\u2122\",\"description\":\"Our company publishes top-quality, family-oriented board and online games that are easy to learn and fun to play.\",\"publisher\":{\"@id\":\"https:\/\/www.daysofwonder.com\/#organization\"},\"potentialAction\":[{\"@type\":\"SearchAction\",\"target\":{\"@type\":\"EntryPoint\",\"urlTemplate\":\"https:\/\/www.daysofwonder.com\/?s={search_term_string}\"},\"query-input\":\"required name=search_term_string\"}],\"inLanguage\":\"fr-FR\"},{\"@type\":\"Organization\",\"@id\":\"https:\/\/www.daysofwonder.com\/#organization\",\"name\":\"Days of Wonder: Play different.\u2122\",\"url\":\"https:\/\/www.daysofwonder.com\/\",\"logo\":{\"@type\":\"ImageObject\",\"inLanguage\":\"fr-FR\",\"@id\":\"https:\/\/www.daysofwonder.com\/#\/schema\/logo\/image\/\",\"url\":\"https:\/\/cdn.svc.asmodee.net\/production-daysofwonder\/uploads\/image-converter\/2024\/07\/Days_of_Wonder.webp\",\"contentUrl\":\"https:\/\/cdn.svc.asmodee.net\/production-daysofwonder\/uploads\/image-converter\/2024\/07\/Days_of_Wonder.webp\",\"width\":439,\"height\":227,\"caption\":\"Days of Wonder: Play different.\u2122\"},\"image\":{\"@id\":\"https:\/\/www.daysofwonder.com\/#\/schema\/logo\/image\/\"}}]}<\/script>\n<!-- \/ Yoast SEO Premium plugin. -->","yoast_head_json":{"title":"Contactez nous - Days of Wonder: Play different.\u2122","robots":{"index":"index","follow":"follow","max-snippet":"max-snippet:-1","max-image-preview":"max-image-preview:large","max-video-preview":"max-video-preview:-1"},"canonical":"https:\/\/www.daysofwonder.com\/fr\/contactez-nous\/","og_locale":"fr_FR","og_type":"article","og_title":"Contactez nous","og_description":"Service client\u00e8le Vous venez d&rsquo;acheter un de nos jeux et une pi\u00e8ce est manquante ou endommag\u00e9e ? Nous vous conseillons de contacter l&rsquo;agence de notre distributeur Asmodee disponible dans votre pays et de remplir le formulaire avec votre demande. Si vous \u00eates un Auteur ou Autrice, pour proposer votre jeu merci de remplir ce formulaire [&hellip;]","og_url":"https:\/\/www.daysofwonder.com\/fr\/contactez-nous\/","og_site_name":"Days of Wonder: Play different.\u2122","article_modified_time":"2026-01-15T16:52:23+00:00","og_image":[{"width":1024,"height":585,"url":"https:\/\/cdn.svc.asmodee.net\/production-daysofwonder\/uploads\/image-converter\/2024\/06\/Studio-Placeholder-1024x585.png","type":"image\/png"}],"twitter_card":"summary_large_image","twitter_misc":{"Est. reading time":"1 minute"},"schema":{"@context":"https:\/\/schema.org","@graph":[{"@type":"WebPage","@id":"https:\/\/www.daysofwonder.com\/fr\/contactez-nous\/","url":"https:\/\/www.daysofwonder.com\/fr\/contactez-nous\/","name":"Contactez nous - Days of Wonder: Play different.\u2122","isPartOf":{"@id":"https:\/\/www.daysofwonder.com\/#website"},"primaryImageOfPage":{"@id":"https:\/\/www.daysofwonder.com\/fr\/contactez-nous\/#primaryimage"},"image":{"@id":"https:\/\/www.daysofwonder.com\/fr\/contactez-nous\/#primaryimage"},"thumbnailUrl":"https:\/\/cdn.svc.asmodee.net\/production-daysofwonder\/uploads\/image-converter\/2024\/06\/Studio-Placeholder.webp","datePublished":"2024-07-03T14:29:19+00:00","dateModified":"2026-01-15T16:52:23+00:00","breadcrumb":{"@id":"https:\/\/www.daysofwonder.com\/fr\/contactez-nous\/#breadcrumb"},"inLanguage":"fr-FR","potentialAction":[{"@type":"ReadAction","target":["https:\/\/www.daysofwonder.com\/fr\/contactez-nous\/"]}]},{"@type":"ImageObject","inLanguage":"fr-FR","@id":"https:\/\/www.daysofwonder.com\/fr\/contactez-nous\/#primaryimage","url":"https:\/\/cdn.svc.asmodee.net\/production-daysofwonder\/uploads\/image-converter\/2024\/06\/Studio-Placeholder.webp","contentUrl":"https:\/\/cdn.svc.asmodee.net\/production-daysofwonder\/uploads\/image-converter\/2024\/06\/Studio-Placeholder.webp","width":2016,"height":1152},{"@type":"BreadcrumbList","@id":"https:\/\/www.daysofwonder.com\/fr\/contactez-nous\/#breadcrumb","itemListElement":[{"@type":"ListItem","position":1,"name":"Home","item":"https:\/\/www.daysofwonder.com\/fr\/"},{"@type":"ListItem","position":2,"name":"Contactez nous"}]},{"@type":"WebSite","@id":"https:\/\/www.daysofwonder.com\/#website","url":"https:\/\/www.daysofwonder.com\/","name":"Days of Wonder: Play different.\u2122","description":"Our company publishes top-quality, family-oriented board and online games that are easy to learn and fun to play.","publisher":{"@id":"https:\/\/www.daysofwonder.com\/#organization"},"potentialAction":[{"@type":"SearchAction","target":{"@type":"EntryPoint","urlTemplate":"https:\/\/www.daysofwonder.com\/?s={search_term_string}"},"query-input":"required name=search_term_string"}],"inLanguage":"fr-FR"},{"@type":"Organization","@id":"https:\/\/www.daysofwonder.com\/#organization","name":"Days of Wonder: Play different.\u2122","url":"https:\/\/www.daysofwonder.com\/","logo":{"@type":"ImageObject","inLanguage":"fr-FR","@id":"https:\/\/www.daysofwonder.com\/#\/schema\/logo\/image\/","url":"https:\/\/cdn.svc.asmodee.net\/production-daysofwonder\/uploads\/image-converter\/2024\/07\/Days_of_Wonder.webp","contentUrl":"https:\/\/cdn.svc.asmodee.net\/production-daysofwonder\/uploads\/image-converter\/2024\/07\/Days_of_Wonder.webp","width":439,"height":227,"caption":"Days of Wonder: Play different.\u2122"},"image":{"@id":"https:\/\/www.daysofwonder.com\/#\/schema\/logo\/image\/"}}]}},"_links":{"self":[{"href":"https:\/\/www.daysofwonder.com\/fr\/wp-json\/wp\/v2\/pages\/4762"}],"collection":[{"href":"https:\/\/www.daysofwonder.com\/fr\/wp-json\/wp\/v2\/pages"}],"about":[{"href":"https:\/\/www.daysofwonder.com\/fr\/wp-json\/wp\/v2\/types\/page"}],"author":[{"embeddable":true,"href":"https:\/\/www.daysofwonder.com\/fr\/wp-json\/wp\/v2\/users\/1"}],"replies":[{"embeddable":true,"href":"https:\/\/www.daysofwonder.com\/fr\/wp-json\/wp\/v2\/comments?post=4762"}],"version-history":[{"count":5,"href":"https:\/\/www.daysofwonder.com\/fr\/wp-json\/wp\/v2\/pages\/4762\/revisions"}],"predecessor-version":[{"id":14012,"href":"https:\/\/www.daysofwonder.com\/fr\/wp-json\/wp\/v2\/pages\/4762\/revisions\/14012"}],"wp:featuredmedia":[{"embeddable":true,"href":"https:\/\/www.daysofwonder.com\/fr\/wp-json\/wp\/v2\/media\/4704"}],"wp:attachment":[{"href":"https:\/\/www.daysofwonder.com\/fr\/wp-json\/wp\/v2\/media?parent=4762"}],"curies":[{"name":"wp","href":"https:\/\/api.w.org\/{rel}","templated":true}]}}