{"id":4772,"date":"2024-08-06T20:18:27","date_gmt":"2024-08-06T20:18:27","guid":{"rendered":"https:\/\/www.daysofwonder.com\/conditions-dutilisation\/"},"modified":"2024-09-25T15:55:37","modified_gmt":"2024-09-25T15:55:37","slug":"conditions-dutilisation","status":"publish","type":"page","link":"https:\/\/www.daysofwonder.com\/fr\/conditions-dutilisation\/","title":{"rendered":"Conditions d&rsquo;utilisation"},"content":{"rendered":"<div class=\"lazyblock-page-entry-LtP4b wp-block-lazyblock-page-entry\">\n<div class=\"hero-page alignfull\" style=\"min-height: 70vh; --overlay-opacity: 60%;\">\n    <div class=\"project-thumbnail\" style=\"background-image: url(https:\/\/cdn.svc.asmodee.net\/production-daysofwonder\/uploads\/image-converter\/2024\/07\/dow1-2352x1140-1-1.webp);\">\n    <\/div>\n    <div class=\"project-header-content col-full \">\n        <div class=\"row justify-content-center\">\n\n            <div class=\"col-md-12 text-center\">\n                                    <h1 class=\"alpha entry-title\">\n                        Conditions g\u00e9n\u00e9rales d\u2019utilisation du site daysofwonder.com                    <\/h1>\n                                \n\n            <\/div>\n\n        <\/div>\n\n    <\/div>\n<\/div>\n<\/div>\n\n\n<p><strong>Conditions g\u00e9n\u00e9rales d&rsquo;utilisation <\/strong><strong>du site daysofwonder.com<\/strong><\/p>\n\n\n\n<p><em>Les pr\u00e9sentes conditions g\u00e9n\u00e9rales d&rsquo;utilisation doivent \u00eatre lues attentivement dans leur int\u00e9gralit\u00e9.<\/em><\/p>\n\n\n\n<ol>\n<li>ACCEPTATION DES CONDITIONS<\/li>\n<\/ol>\n\n\n\n<p>Les pr\u00e9sentes conditions g\u00e9n\u00e9rales d&rsquo;utilisation (les \u00ab\u00a0<strong>Conditions<\/strong>\u00ab\u00a0) r\u00e9gissent les droits, obligations et restrictions relatifs \u00e0 l&rsquo;utilisation du site d&rsquo;information du studio Days of Wonder et de ses jeux accessibles via l&rsquo;url <a href=\"https:\/\/daysofwonder.com\"><em>https:\/\/daysofwonder.com<\/em><\/a> (ci-apr\u00e8s le \u00ab\u00a0<strong>Site<\/strong>\u00ab\u00a0) par l&rsquo;utilisateur (l'\u00a0\u00bb<strong>Utilisateur<\/strong>\u00ab\u00a0).<\/p>\n\n\n\n<p>Le site est \u00e9dit\u00e9 par la soci\u00e9t\u00e9 ASMODEE GROUP sous le nom de son Studio \u00ab\u00a0DAYS OF WONDER\u00a0\u00bb.<\/p>\n\n\n\n<p>L&rsquo;utilisation du contenu (tel que d\u00e9fini ci-dessous) est soumise \u00e0 l&rsquo;acceptation des conditions qui s&rsquo;appliquent automatiquement \u00e0 toute utilisation du site web.<\/p>\n\n\n\n<p>SI VOUS N&rsquo;ACCEPTEZ PAS LES CONDITIONS D&rsquo;UTILISATION MENTIONN\u00c9ES CI-DESSOUS, VEUILLEZ NE PAS UTILISER LE SITE.<\/p>\n\n\n\n<p>En utilisant tout ou partie du contenu, vous acceptez et vous vous engagez \u00e0 respecter les pr\u00e9sentes conditions sans exception.<\/p>\n\n\n\n<p>Le Contenu d\u00e9signe notamment\n(i) tout droit de propri\u00e9t\u00e9 intellectuelle (y compris, mais sans s&rsquo;y limiter, les marques, dessins et mod\u00e8les, noms de domaine, logos, droits d&rsquo;auteur relatifs aux produits pr\u00e9sent\u00e9s),\n(ii) tout texte, graphique, vid\u00e9o, \u00e9l\u00e9ment visuel ou audio apparaissant sur le Site.  <\/p>\n\n\n\n<p>Conform\u00e9ment \u00e0 l&rsquo;article 7 ci-dessous, ASMODEE GROUP se r\u00e9serve le droit, \u00e0 tout moment, de modifier les dispositions des Conditions, que ce soit par des ajouts ou des suppressions.<\/p>\n\n\n\n<p>Comme les conditions peuvent \u00eatre modifi\u00e9es, les conditions applicables sont celles qui sont en vigueur et accessibles au moment o\u00f9 vous acc\u00e9dez au site web.<\/p>\n\n\n\n<ol start=\"2\">\n<li>CONDITIONS D&rsquo;ACC\u00c8S AU SITE WEB<\/li>\n<\/ol>\n\n\n\n<p>Le site est accessible \u00e0 tous.<\/p>\n\n\n\n<p>L&rsquo;acc\u00e8s au site se fait \u00e0 partir d&rsquo;un ordinateur connect\u00e9 \u00e0 un r\u00e9seau de t\u00e9l\u00e9communication selon les protocoles de communication utilis\u00e9s sur le r\u00e9seau Internet.<\/p>\n\n\n\n<p>L&rsquo;utilisateur est inform\u00e9 que le Site est optimis\u00e9 pour une consultation \u00e0 partir de smartphones et de tablettes.\nL&rsquo;utilisateur doit disposer de moyens de t\u00e9l\u00e9communication et d&rsquo;acc\u00e8s \u00e0 Internet compatibles. <\/p>\n\n\n\n<p>Les utilisateurs sont \u00e9galement inform\u00e9s qu&rsquo;ils sont seuls responsables du co\u00fbt de l&rsquo;acc\u00e8s et de la navigation sur le site web.<\/p>\n\n\n\n<ol start=\"3\">\n<li>LES DROITS DE PROPRI\u00c9T\u00c9 INTELLECTUELLE<\/li>\n<\/ol>\n\n\n\n<p>Tout le contenu, ainsi que tous les droits de propri\u00e9t\u00e9 intellectuelle associ\u00e9s \u00e0 sa conception, \u00e0 la s\u00e9lection de ces \u00e9l\u00e9ments, \u00e0 sa pr\u00e9sentation et \u00e0 sa disposition, sont la propri\u00e9t\u00e9 du GROUPE ASMODEE ou de ses successeurs.<\/p>\n\n\n\n<p>De m\u00eame, les marques, noms de domaine, sigles, logos, dessins, etc. figurant sur le Site sont la propri\u00e9t\u00e9 exclusive du GROUPE ASMODEE ou de ses partenaires qui lui ont conc\u00e9d\u00e9 une licence d&rsquo;utilisation dans le cadre du Site.<\/p>\n\n\n\n<p>L&rsquo;ensemble des Contenus est prot\u00e9g\u00e9 par le droit d&rsquo;auteur, la l\u00e9gislation sur les bases de donn\u00e9es, les dessins et mod\u00e8les, les marques et, plus g\u00e9n\u00e9ralement, les conventions internationales et autres lois prot\u00e9geant la propri\u00e9t\u00e9 intellectuelle et les droits exclusifs y aff\u00e9rents.\nToute reproduction ou repr\u00e9sentation de ces \u00e9l\u00e9ments ou de tout ou partie du Contenu, de quelque mani\u00e8re et \u00e0 quelque titre que ce soit, est interdite sans l&rsquo;autorisation pr\u00e9alable du GROUPE ASMODEE et, le cas \u00e9ch\u00e9ant, des conc\u00e9dants et ayants droit. <\/p>\n\n\n\n<p>L&rsquo;utilisateur reconna\u00eet qu&rsquo;il n&rsquo;est autoris\u00e9 \u00e0 utiliser ces \u00e9l\u00e9ments et les informations figurant sur le site Web que dans la mesure express\u00e9ment autoris\u00e9e par le GROUPE ASMODEE.\nIl reconna\u00eet et accepte en outre qu&rsquo;aucune de ces conditions n&rsquo;a pour effet de transf\u00e9rer la propri\u00e9t\u00e9 d&rsquo;une marque, d&rsquo;un nom commercial ou d&rsquo;un autre droit de propri\u00e9t\u00e9 sur une partie quelconque du contenu.\nIl s&rsquo;engage \u00e0 ne rien faire qui contrevienne \u00e0 cette clause ou qui soit susceptible de nuire, de quelque mani\u00e8re que ce soit, au GROUPE ASMODEE, \u00e0 ses successeurs ou \u00e0 ses ayants droit, \u00e0 cet \u00e9gard.  <\/p>\n\n\n\n<ol start=\"4\">\n<li>LA PUBLICIT\u00c9 ET LA PROMOTION DES PRODUITS<\/li>\n<\/ol>\n\n\n\n<p>ASMODEE GROUP peut, \u00e0 sa seule discr\u00e9tion, mettre en avant certains produits sur le site web en ins\u00e9rant des liens promotionnels, des banni\u00e8res publicitaires, des fen\u00eatres ou des pop-ups lors de l&rsquo;ouverture du site web.\nL&rsquo;utilisateur reconna\u00eet qu&rsquo;ASMODEE GROUP peut r\u00e9aliser des op\u00e9rations de cross-marketing avec tout partenaire de son choix. <\/p>\n\n\n\n<ol start=\"5\">\n<li>RESPONSABILIT\u00c9, GARANTIE ET DOMMAGES<\/li>\n<\/ol>\n\n\n\n<p>Bien que le GROUPE ASMODEE fasse tout son possible pour que les serveurs soient accessibles \u00e0 tout moment, l&rsquo;acc\u00e8s au site Web peut \u00eatre temporairement suspendu pour des raisons techniques ou de maintenance, sans avertissement pr\u00e9alable.<\/p>\n\n\n\n<p>La navigation sur le site Web se fait aux risques et p\u00e9rils de l&rsquo;utilisateur.\nLe GROUPE ASMODEE n&rsquo;est pas responsable de la mise \u00e0 jour du site Web. <\/p>\n\n\n\n<p>Le GROUPE ASMODEE ne garantit pas que le Site soit exempt de virus et autres composants dangereux.\nIl appartient \u00e0 l&rsquo;Utilisateur de prendre toutes les mesures appropri\u00e9es de fa\u00e7on \u00e0 prot\u00e9ger ses propres donn\u00e9es et\/ou logiciels de la contamination par d&rsquo;\u00e9ventuels virus circulant sur le r\u00e9seau Internet. <\/p>\n\n\n\n<p>L&rsquo;Utilisateur accepte que le GROUPE ASMODEE et ses prestataires de services ne puissent en aucun cas \u00eatre tenus pour responsables des dommages accidentels, mat\u00e9riels et\/ou immat\u00e9riels, directs et\/ou indirects qui pourraient r\u00e9sulter de l&rsquo;acc\u00e8s ou de l&rsquo;utilisation du Site, y compris l&rsquo;inaccessibilit\u00e9, les pertes de donn\u00e9es, d\u00e9t\u00e9riorations, destructions ou virus qui pourraient affecter l&rsquo;\u00e9quipement informatique de l&rsquo;Utilisateur, et\/ou de la pr\u00e9sence de virus sur son Site.<\/p>\n\n\n\n<p>En outre, tout mat\u00e9riel t\u00e9l\u00e9charg\u00e9 et\/ou obtenu de quelque mani\u00e8re que ce soit lors de l&rsquo;utilisation du site Internet l&rsquo;est aux risques et p\u00e9rils de l&rsquo;utilisateur.\nLe GROUPE ASMODEE ne pourra \u00eatre tenu responsable de tout dommage et\/ou perte de donn\u00e9es subis par l&rsquo;Utilisateur. <\/p>\n\n\n\n<ol start=\"6\">\n<li>HYPERLINKS<\/li>\n<\/ol>\n\n\n\n<p>6.1 Le Site peut contenir des liens hypertextes vers d&rsquo;autres sites Internet du Groupe Asmodee (Asmo Connect <account.asmodee.net>, Board Game Arena <boardgamearena.com>, Print &amp; Play <print-and-play.asmodee.fun>, etc.). Vous reconnaissez et acceptez que votre utilisation et votre navigation sur ces sites Internet sont r\u00e9gies uniquement par les conditions d&rsquo;utilisation et les mentions l\u00e9gales contenues sur ces sites Internet.<\/print-and-play.asmodee.fun><\/boardgamearena.com><\/account.asmodee.net><\/p>\n\n\n\n<p>6.2 Le site web peut contenir des hyperliens vers d&rsquo;autres sites web qui n&rsquo;appartiennent pas \u00e0 ASMODEE GROUP.\nASMODEE GROUP n&rsquo;exerce aucun contr\u00f4le sur le contenu, les conditions particuli\u00e8res applicables aux offres de tiers, les conditions g\u00e9n\u00e9rales de vente, les politiques de protection des donn\u00e9es personnelles ou les pratiques des sites tiers et rejette par cons\u00e9quent toute responsabilit\u00e9 \u00e0 cet \u00e9gard. <\/p>\n\n\n\n<p>Vous reconnaissez et acceptez que le GROUPE ASMODEE n&rsquo;est pas responsable de la disponibilit\u00e9 de ces sites et ressources externes et n&rsquo;est pas responsable de la publicit\u00e9, des produits ou d&rsquo;autres liens ou donn\u00e9es qui peuvent figurer sur ou \u00eatre accessibles via ces sites ou ressources externes.<\/p>\n\n\n\n<p>Vous reconnaissez et acceptez que le GROUPE ASMODEE ne peut \u00eatre tenu responsable de toute perte ou dommage que vous pourriez subir en raison de l&rsquo;existence de ces sites ou ressources externes ou en raison de la confiance que vous pourriez accorder \u00e0 l&rsquo;exhaustivit\u00e9, l&rsquo;exactitude ou l&rsquo;existence de toute publicit\u00e9, produit ou autre donn\u00e9e qui pourrait figurer sur ou \u00eatre accessible via ces sites ou ressources externes.<\/p>\n\n\n\n<p>Si vous estimez qu&rsquo;un lien incorpore un contenu illicite ou inappropri\u00e9, vous devez nous en informer via le formulaire de contact.<\/p>\n\n\n\n<ol start=\"7\">\n<li>MISE A JOUR DES SERVICES ET MODIFICATION DES CONDITIONS<\/li>\n<\/ol>\n\n\n\n<p>Le GROUPE ASMODEE se r\u00e9serve le droit de modifier les pr\u00e9sentes conditions d&rsquo;utilisation du Site (notamment en modifiant les conditions d&rsquo;acc\u00e8s au Site ou en ajoutant des espaces collaboratifs) sans en avertir ou en informer pr\u00e9alablement l&rsquo;Utilisateur.<\/p>\n\n\n\n<ol start=\"8\">\n<li>DONN\u00c9ES PERSONNELLES<\/li>\n<\/ol>\n\n\n\n<p>Le GROUPE ASMODEE accorde une grande importance au respect de votre vie priv\u00e9e.<\/p>\n\n\n\n<p>Les informations recueillies par ASMODEE GROUP \u00e0 partir du formulaire de contact sont n\u00e9cessaires au traitement de votre demande.\nElles sont transmises au service d&rsquo;ASMODEE GROUP en charge du traitement de votre demande. <\/p>\n\n\n\n<p>Ces donn\u00e9es sont conserv\u00e9es par ASMODEE GROUP pour une dur\u00e9e limit\u00e9e, correspondant au temps n\u00e9cessaire pour vous r\u00e9pondre.<\/p>\n\n\n\n<p>En outre, vous disposez d&rsquo;un champ libre.\nIl s&rsquo;agit d&rsquo;un espace qui vous permet de fournir librement des informations suppl\u00e9mentaires relatives \u00e0 votre demande.\nEn acceptant la politique de confidentialit\u00e9 et les conditions, vous vous engagez \u00e0 n&rsquo;\u00e9crire que des commentaires appropri\u00e9s et mod\u00e9r\u00e9s qui ne peuvent \u00eatre interpr\u00e9t\u00e9s comme offensants ou diffamatoires ou en violation d&rsquo;une quelconque disposition l\u00e9gale.\nNous nous r\u00e9servons le droit d&rsquo;\u00e9valuer l&rsquo;utilit\u00e9 de ces commentaires et de les supprimer si nous estimons que nous n&rsquo;avons pas besoin d&rsquo;en avoir connaissance, sans en avertir l&rsquo;utilisateur au pr\u00e9alable.   <\/p>\n\n\n\n<p>Conform\u00e9ment aux dispositions du R\u00e8glement europ\u00e9en sur la protection des donn\u00e9es (RGPD) n\u00b0 2016\/679, tout Utilisateur dispose d&rsquo;un droit d&rsquo;acc\u00e8s, de rectification ou d&rsquo;effacement des informations le concernant et peut s&rsquo;opposer \u00e0 tout moment, pour des motifs l\u00e9gitimes, au traitement des donn\u00e9es le concernant en adressant sa demande par \u00e9crit au si\u00e8ge social d&rsquo;ASMODEE GROUP, \u00e0 l&rsquo;adresse suivante : 18 rue Jacqueline Auriol, Quartier Villaroy &#8211; 78280 Guyancourt ou par courrier \u00e9lectronique \u00e0 l&rsquo;adresse suivante : <a href=\"mailto:donneespersonnelles-group@asmodee.com\">donneespersonnelles-group@asmodee.com.<\/a><\/p>\n\n\n\n<p>Pour en savoir plus, nous vous invitons \u00e0 consulter la politique de confidentialit\u00e9.<\/p>\n\n\n\n<ol start=\"9\">\n<li>LA POLITIQUE D&rsquo;EXPLORATION DE TEXTES ET DE DONN\u00c9ES  <tdm-reservation:><\/tdm-reservation:><\/li>\n<\/ol>\n\n\n\n<p>Le GROUPE ASMODEE s&rsquo;oppose \u00e0 toute collecte et \u00e0 toute op\u00e9ration de text and data mining au sens de l&rsquo;article L. 122-5-3 du Code de la propri\u00e9t\u00e9 intellectuelle.<\/p>\n\n\n\n<p>Cette objection couvre l&rsquo;ensemble du site et du contenu auquel il donne acc\u00e8s.<\/p>\n\n\n\n<p>Toutes les op\u00e9rations de r\u00e9colte et d&rsquo;exploration de textes et de donn\u00e9es visant le Site et son Contenu, y compris par des dispositifs de collecte automatis\u00e9e de donn\u00e9es, constituent donc des actes de contrefa\u00e7on, sauf accord sp\u00e9cifique et formellement exprim\u00e9 d&rsquo;ASMODEE GROUP.<\/p>\n\n\n\n<p>L&rsquo;article R. 122-28 du Code de la propri\u00e9t\u00e9 intellectuelle pr\u00e9cisant que l&rsquo;opposition mentionn\u00e9e au III de l&rsquo;article L. 122-5-3 peut s&rsquo;exprimer par tout moyen, y compris par le recours aux conditions g\u00e9n\u00e9rales d&rsquo;utilisation d&rsquo;un site ou d&rsquo;un service Internet, l&rsquo;absence de m\u00e9tadonn\u00e9es associ\u00e9es au Site, aux annuaires du Site et au Contenu du Site est sans incidence sur l&rsquo;exercice du droit d&rsquo;opposition exprim\u00e9 par les pr\u00e9sentes conditions g\u00e9n\u00e9rales d&rsquo;utilisation.<\/p>\n\n\n\n<p>Pour faciliter la lecture de ce droit d&rsquo;opposition par tout dispositif de collecte automatis\u00e9e de donn\u00e9es, cette opposition est \u00e9galement exprim\u00e9e sous la forme <tdm-reservation:>.<\/tdm-reservation:><\/p>\n\n\n\n<ol start=\"10\">\n<li>DIVERS<\/li>\n<\/ol>\n\n\n\n<p><strong>Titres et rubriques.<\/strong><\/p>\n\n\n\n<p>Les titres des clauses ont pour seul but de faciliter la lecture et la compr\u00e9hension des pr\u00e9sentes conditions.\nCela ne permet en aucun cas de pr\u00e9juger du contenu et de l&rsquo;interpr\u00e9tation possible de ces clauses. <\/p>\n\n\n\n<p><strong>Droit et juridiction.<\/strong><\/p>\n\n\n\n<p>Les pr\u00e9sentes Conditions sont r\u00e9gies par le droit fran\u00e7ais (sans application de ses r\u00e8gles relatives aux conflits de lois) et chaque Utilisateur reconna\u00eet express\u00e9ment la comp\u00e9tence exclusive des Tribunaux fran\u00e7ais pour toute r\u00e9clamation ou litige avec ASMODEE GROUP, ou li\u00e9 de quelque mani\u00e8re que ce soit \u00e0 l&rsquo;utilisation du Site Web, et chaque Utilisateur accepte \u00e9galement l&rsquo;exercice de la comp\u00e9tence territoriale des Tribunaux fran\u00e7ais pour tout litige de cette nature.<\/p>\n\n\n\n<p><strong>Force majeure<\/strong><\/p>\n\n\n\n<p>Sous r\u00e9serve des dispositions l\u00e9gales applicables, la responsabilit\u00e9 d&rsquo;ASMODEE GROUP ne saurait \u00eatre engag\u00e9e en cas de cas fortuit ou de force majeure tels que d\u00e9finis par la jurisprudence et le Code civil fran\u00e7ais.<\/p>\n\n\n\n<p><strong>Contacts<\/strong><\/p>\n\n\n\n<p>Si vous avez des questions concernant ces Conditions, veuillez contacter ASMODEE GROUP \u00e0 l&rsquo;adresse suivante : 18 rue Jacqueline Auriol, Quartier Villaroy &#8211; 78280 Guyancourt, FRANCE<\/p>\n\n\n\n<p>CES CONDITIONS NE S&rsquo;APPLIQUENT QUE DANS LA MESURE PERMISE PAR LA LOI.\nTOUTE UTILISATION DU SITE CONSTITUE UNE APPROBATION INCONDITIONNELLE DE CES CONDITIONS. <\/p>\n","protected":false},"excerpt":{"rendered":"<p>Conditions g\u00e9n\u00e9rales d&rsquo;utilisation du site daysofwonder.com Les pr\u00e9sentes conditions g\u00e9n\u00e9rales d&rsquo;utilisation doivent \u00eatre lues attentivement dans leur int\u00e9gralit\u00e9. Les pr\u00e9sentes conditions g\u00e9n\u00e9rales d&rsquo;utilisation (les \u00ab\u00a0Conditions\u00ab\u00a0) r\u00e9gissent les droits, obligations et restrictions relatifs \u00e0 l&rsquo;utilisation du site d&rsquo;information du studio Days of Wonder et de ses jeux accessibles via l&rsquo;url https:\/\/daysofwonder.com (ci-apr\u00e8s le \u00ab\u00a0Site\u00ab\u00a0) par l&rsquo;utilisateur [&hellip;]<\/p>\n","protected":false},"author":1,"featured_media":0,"parent":0,"menu_order":0,"comment_status":"closed","ping_status":"closed","template":"","meta":{"_acf_changed":false,"footnotes":""},"acf":[],"yoast_head":"<!-- This site is optimized with the Yoast SEO Premium plugin v22.3 (Yoast SEO v22.9) - https:\/\/yoast.com\/wordpress\/plugins\/seo\/ -->\n<title>Conditions d&#039;utilisation - Days of Wonder: Play different.\u2122<\/title>\n<meta name=\"robots\" content=\"index, follow, max-snippet:-1, max-image-preview:large, max-video-preview:-1\" \/>\n<link rel=\"canonical\" href=\"https:\/\/www.daysofwonder.com\/terms-of-use\/\" \/>\n<meta property=\"og:locale\" content=\"fr_FR\" \/>\n<meta property=\"og:type\" content=\"article\" \/>\n<meta property=\"og:title\" content=\"Conditions d&#039;utilisation\" \/>\n<meta property=\"og:description\" content=\"Conditions g\u00e9n\u00e9rales d&rsquo;utilisation du site daysofwonder.com Les pr\u00e9sentes conditions g\u00e9n\u00e9rales d&rsquo;utilisation doivent \u00eatre lues attentivement dans leur int\u00e9gralit\u00e9. Les pr\u00e9sentes conditions g\u00e9n\u00e9rales d&rsquo;utilisation (les \u00ab\u00a0Conditions\u00ab\u00a0) r\u00e9gissent les droits, obligations et restrictions relatifs \u00e0 l&rsquo;utilisation du site d&rsquo;information du studio Days of Wonder et de ses jeux accessibles via l&rsquo;url https:\/\/daysofwonder.com (ci-apr\u00e8s le \u00ab\u00a0Site\u00ab\u00a0) par l&rsquo;utilisateur [&hellip;]\" \/>\n<meta property=\"og:url\" content=\"https:\/\/www.daysofwonder.com\/terms-of-use\/\" \/>\n<meta property=\"og:site_name\" content=\"Days of Wonder: Play different.\u2122\" \/>\n<meta property=\"article:modified_time\" content=\"2024-09-25T15:55:37+00:00\" \/>\n<meta name=\"twitter:card\" content=\"summary_large_image\" \/>\n<meta name=\"twitter:label1\" content=\"Est. reading time\" \/>\n\t<meta name=\"twitter:data1\" content=\"10 minutes\" \/>\n<script type=\"application\/ld+json\" class=\"yoast-schema-graph\">{\"@context\":\"https:\/\/schema.org\",\"@graph\":[{\"@type\":\"WebPage\",\"@id\":\"https:\/\/www.daysofwonder.com\/terms-of-use\/\",\"url\":\"https:\/\/www.daysofwonder.com\/terms-of-use\/\",\"name\":\"Conditions d'utilisation - Days of Wonder: Play different.\u2122\",\"isPartOf\":{\"@id\":\"https:\/\/www.daysofwonder.com\/#website\"},\"datePublished\":\"2024-08-06T20:18:27+00:00\",\"dateModified\":\"2024-09-25T15:55:37+00:00\",\"breadcrumb\":{\"@id\":\"https:\/\/www.daysofwonder.com\/terms-of-use\/#breadcrumb\"},\"inLanguage\":\"fr-FR\",\"potentialAction\":[{\"@type\":\"ReadAction\",\"target\":[\"https:\/\/www.daysofwonder.com\/terms-of-use\/\"]}]},{\"@type\":\"BreadcrumbList\",\"@id\":\"https:\/\/www.daysofwonder.com\/terms-of-use\/#breadcrumb\",\"itemListElement\":[{\"@type\":\"ListItem\",\"position\":1,\"name\":\"Home\",\"item\":\"https:\/\/www.daysofwonder.com\/fr\/\"},{\"@type\":\"ListItem\",\"position\":2,\"name\":\"Conditions d&#8217;utilisation\"}]},{\"@type\":\"WebSite\",\"@id\":\"https:\/\/www.daysofwonder.com\/#website\",\"url\":\"https:\/\/www.daysofwonder.com\/\",\"name\":\"Days of Wonder: Play different.\u2122\",\"description\":\"Our company publishes top-quality, family-oriented board and online games that are easy to learn and fun to play.\",\"publisher\":{\"@id\":\"https:\/\/www.daysofwonder.com\/#organization\"},\"potentialAction\":[{\"@type\":\"SearchAction\",\"target\":{\"@type\":\"EntryPoint\",\"urlTemplate\":\"https:\/\/www.daysofwonder.com\/?s={search_term_string}\"},\"query-input\":\"required name=search_term_string\"}],\"inLanguage\":\"fr-FR\"},{\"@type\":\"Organization\",\"@id\":\"https:\/\/www.daysofwonder.com\/#organization\",\"name\":\"Days of Wonder: Play different.\u2122\",\"url\":\"https:\/\/www.daysofwonder.com\/\",\"logo\":{\"@type\":\"ImageObject\",\"inLanguage\":\"fr-FR\",\"@id\":\"https:\/\/www.daysofwonder.com\/#\/schema\/logo\/image\/\",\"url\":\"https:\/\/cdn.svc.asmodee.net\/production-daysofwonder\/uploads\/image-converter\/2024\/07\/Days_of_Wonder.webp\",\"contentUrl\":\"https:\/\/cdn.svc.asmodee.net\/production-daysofwonder\/uploads\/image-converter\/2024\/07\/Days_of_Wonder.webp\",\"width\":439,\"height\":227,\"caption\":\"Days of Wonder: Play different.\u2122\"},\"image\":{\"@id\":\"https:\/\/www.daysofwonder.com\/#\/schema\/logo\/image\/\"}}]}<\/script>\n<!-- \/ Yoast SEO Premium plugin. -->","yoast_head_json":{"title":"Conditions d'utilisation - Days of Wonder: Play different.\u2122","robots":{"index":"index","follow":"follow","max-snippet":"max-snippet:-1","max-image-preview":"max-image-preview:large","max-video-preview":"max-video-preview:-1"},"canonical":"https:\/\/www.daysofwonder.com\/terms-of-use\/","og_locale":"fr_FR","og_type":"article","og_title":"Conditions d'utilisation","og_description":"Conditions g\u00e9n\u00e9rales d&rsquo;utilisation du site daysofwonder.com Les pr\u00e9sentes conditions g\u00e9n\u00e9rales d&rsquo;utilisation doivent \u00eatre lues attentivement dans leur int\u00e9gralit\u00e9. Les pr\u00e9sentes conditions g\u00e9n\u00e9rales d&rsquo;utilisation (les \u00ab\u00a0Conditions\u00ab\u00a0) r\u00e9gissent les droits, obligations et restrictions relatifs \u00e0 l&rsquo;utilisation du site d&rsquo;information du studio Days of Wonder et de ses jeux accessibles via l&rsquo;url https:\/\/daysofwonder.com (ci-apr\u00e8s le \u00ab\u00a0Site\u00ab\u00a0) par l&rsquo;utilisateur [&hellip;]","og_url":"https:\/\/www.daysofwonder.com\/terms-of-use\/","og_site_name":"Days of Wonder: Play different.\u2122","article_modified_time":"2024-09-25T15:55:37+00:00","twitter_card":"summary_large_image","twitter_misc":{"Est. reading time":"10 minutes"},"schema":{"@context":"https:\/\/schema.org","@graph":[{"@type":"WebPage","@id":"https:\/\/www.daysofwonder.com\/terms-of-use\/","url":"https:\/\/www.daysofwonder.com\/terms-of-use\/","name":"Conditions d'utilisation - Days of Wonder: Play different.\u2122","isPartOf":{"@id":"https:\/\/www.daysofwonder.com\/#website"},"datePublished":"2024-08-06T20:18:27+00:00","dateModified":"2024-09-25T15:55:37+00:00","breadcrumb":{"@id":"https:\/\/www.daysofwonder.com\/terms-of-use\/#breadcrumb"},"inLanguage":"fr-FR","potentialAction":[{"@type":"ReadAction","target":["https:\/\/www.daysofwonder.com\/terms-of-use\/"]}]},{"@type":"BreadcrumbList","@id":"https:\/\/www.daysofwonder.com\/terms-of-use\/#breadcrumb","itemListElement":[{"@type":"ListItem","position":1,"name":"Home","item":"https:\/\/www.daysofwonder.com\/fr\/"},{"@type":"ListItem","position":2,"name":"Conditions d&#8217;utilisation"}]},{"@type":"WebSite","@id":"https:\/\/www.daysofwonder.com\/#website","url":"https:\/\/www.daysofwonder.com\/","name":"Days of Wonder: Play different.\u2122","description":"Our company publishes top-quality, family-oriented board and online games that are easy to learn and fun to play.","publisher":{"@id":"https:\/\/www.daysofwonder.com\/#organization"},"potentialAction":[{"@type":"SearchAction","target":{"@type":"EntryPoint","urlTemplate":"https:\/\/www.daysofwonder.com\/?s={search_term_string}"},"query-input":"required name=search_term_string"}],"inLanguage":"fr-FR"},{"@type":"Organization","@id":"https:\/\/www.daysofwonder.com\/#organization","name":"Days of Wonder: Play different.\u2122","url":"https:\/\/www.daysofwonder.com\/","logo":{"@type":"ImageObject","inLanguage":"fr-FR","@id":"https:\/\/www.daysofwonder.com\/#\/schema\/logo\/image\/","url":"https:\/\/cdn.svc.asmodee.net\/production-daysofwonder\/uploads\/image-converter\/2024\/07\/Days_of_Wonder.webp","contentUrl":"https:\/\/cdn.svc.asmodee.net\/production-daysofwonder\/uploads\/image-converter\/2024\/07\/Days_of_Wonder.webp","width":439,"height":227,"caption":"Days of Wonder: Play different.\u2122"},"image":{"@id":"https:\/\/www.daysofwonder.com\/#\/schema\/logo\/image\/"}}]}},"_links":{"self":[{"href":"https:\/\/www.daysofwonder.com\/fr\/wp-json\/wp\/v2\/pages\/4772"}],"collection":[{"href":"https:\/\/www.daysofwonder.com\/fr\/wp-json\/wp\/v2\/pages"}],"about":[{"href":"https:\/\/www.daysofwonder.com\/fr\/wp-json\/wp\/v2\/types\/page"}],"author":[{"embeddable":true,"href":"https:\/\/www.daysofwonder.com\/fr\/wp-json\/wp\/v2\/users\/1"}],"replies":[{"embeddable":true,"href":"https:\/\/www.daysofwonder.com\/fr\/wp-json\/wp\/v2\/comments?post=4772"}],"version-history":[{"count":2,"href":"https:\/\/www.daysofwonder.com\/fr\/wp-json\/wp\/v2\/pages\/4772\/revisions"}],"predecessor-version":[{"id":6261,"href":"https:\/\/www.daysofwonder.com\/fr\/wp-json\/wp\/v2\/pages\/4772\/revisions\/6261"}],"wp:attachment":[{"href":"https:\/\/www.daysofwonder.com\/fr\/wp-json\/wp\/v2\/media?parent=4772"}],"curies":[{"name":"wp","href":"https:\/\/api.w.org\/{rel}","templated":true}]}}